{"id":166340,"date":"2023-02-24T10:43:07","date_gmt":"2023-02-24T09:43:07","guid":{"rendered":"https:\/\/pizbube.ch\/?post_type=product&#038;p=166340"},"modified":"2023-02-24T10:43:07","modified_gmt":"2023-02-24T09:43:07","slug":"griechenland-zagoria-trek","status":"publish","type":"product","link":"https:\/\/pizbube.ch\/en\/shop\/griechenland-zagoria-trek\/","title":{"rendered":"Griechenland Zagoria-Trek"},"content":{"rendered":"<p>Der Zagoria-Trek zeigt ein Griechenland, das die wenigsten Reisenden kennen: ein bergiges Land mit schroffen Felsmassiven, unz\u00e4hligen Wasserquellen, weiten W\u00e4ldern, frei lebenden Pferden und K\u00fchen und der tiefsten Schlucht der Welt.<\/p>\n<p>In bis zu 9 Etappen (bis zu 130 km), die individuell verk\u00fcrzt oder verl\u00e4ngert werden k\u00f6nnen, f\u00fchrt der Rundwanderweg durch diese einmalige Landschaft. Der Wanderf\u00fchrer beschreibt m\u00f6gliche Etappenkombinationen und liefert zu jeder Etappe eine ausf\u00fchrliche Wegbeschreibung mit \u00dcbernachtungs- und Einkehrm\u00f6glichkeiten, Karten, H\u00f6henprofilen und GPS-Tracks.<\/p>\n<p>Als Extra finden Sie zudem eine Beschreibung f\u00fcr den Aufstieg auf den h\u00f6chsten Gipfel des Olymps, der ebenfalls im Norden Griechenlands liegt.<\/p>\n<p>&nbsp;<\/p>","protected":false},"excerpt":{"rendered":"<p>Der Zagoria-Trek zeigt ein Griechenland, das die wenigsten Reisenden kennen: ein bergiges Land mit schroffen Felsmassiven, unz\u00e4hligen Wasserquellen, weiten W\u00e4ldern, frei lebenden Pferden und K\u00fchen und der tiefsten Schlucht der Welt. In bis zu 9 Etappen (bis zu 130 km), die individuell verk\u00fcrzt oder verl\u00e4ngert werden k\u00f6nnen, f\u00fchrt der Rundwanderweg durch diese einmalige Landschaft. Der [&#8230;]\n","protected":false},"featured_media":166341,"template":"","meta":[],"product_brand":[],"product_cat":[21605],"product_tag":[],"class_list":{"0":"post-166340","1":"product","2":"type-product","3":"status-publish","4":"has-post-thumbnail","6":"product_cat-wanderfuehrer-trekking","7":"pa_autor-steinhagen","8":"pa_erscheinungsjahr-21586","9":"pa_region-griechenland","10":"pa_sprache-de","12":"first","13":"instock","14":"taxable","15":"shipping-taxable","16":"purchasable","17":"product-type-simple"},"_links":{"self":[{"href":"https:\/\/pizbube.ch\/en\/wp-json\/wp\/v2\/product\/166340","targetHints":{"allow":["GET"]}}],"collection":[{"href":"https:\/\/pizbube.ch\/en\/wp-json\/wp\/v2\/product"}],"about":[{"href":"https:\/\/pizbube.ch\/en\/wp-json\/wp\/v2\/types\/product"}],"wp:featuredmedia":[{"embeddable":true,"href":"https:\/\/pizbube.ch\/en\/wp-json\/wp\/v2\/media\/166341"}],"wp:attachment":[{"href":"https:\/\/pizbube.ch\/en\/wp-json\/wp\/v2\/media?parent=166340"}],"wp:term":[{"taxonomy":"product_brand","embeddable":true,"href":"https:\/\/pizbube.ch\/en\/wp-json\/wp\/v2\/product_brand?post=166340"},{"taxonomy":"product_cat","embeddable":true,"href":"https:\/\/pizbube.ch\/en\/wp-json\/wp\/v2\/product_cat?post=166340"},{"taxonomy":"product_tag","embeddable":true,"href":"https:\/\/pizbube.ch\/en\/wp-json\/wp\/v2\/product_tag?post=166340"}],"curies":[{"name":"wp","href":"https:\/\/api.w.org\/{rel}","templated":true}]}}