{"id":166360,"date":"2023-02-25T09:20:55","date_gmt":"2023-02-25T08:20:55","guid":{"rendered":"https:\/\/pizbube.ch\/?post_type=product&#038;p=166360"},"modified":"2023-02-25T09:25:41","modified_gmt":"2023-02-25T08:25:41","slug":"jenseits-des-moeglichen","status":"publish","type":"product","link":"https:\/\/pizbube.ch\/en\/shop\/jenseits-des-moeglichen\/","title":{"rendered":"Jenseits des M\u00f6glichen"},"content":{"rendered":"<p><span class=\"value\">1 Mann, 7 Weltrekorde, 14 Achttausender &#8211; Bekannt aus der NETFLIX-Doku 14 GIPFEL<\/span><\/p>\n<p>\u201eWer zum Teufel ist Nimsdai Purja?&#187; Mit dieser Frage reagierte die Szene der Profibergsteiger, als ein Nepalese angek\u00fcndigte, er werde alle 14 Achttausender innerhalb einer Saison besteigen. Ein bis dato unvorstellbares Projekt, das nie zuvor ein Mensch in Angriff genommen hat. In seinem Weltbestseller \u201eJenseits des M\u00f6glichen\u201c nimmt uns Nimsdai Purja mit auf seine inspirierende Lebensreise aus \u00e4rmsten Verh\u00e4ltnissen bis auf die h\u00f6chsten Gipfel und mitten rein in die Geschichte seiner kaum fassbaren Taten in der Todeszone.<\/p>\n<p>2. Auflage 2022<br \/>\n<span class=\"value\">336 Seiten<\/span><\/p>","protected":false},"excerpt":{"rendered":"<p>1 Mann, 7 Weltrekorde, 14 Achttausender &#8211; Bekannt aus der NETFLIX-Doku 14 GIPFEL \u201eWer zum Teufel ist Nimsdai Purja?&#187; Mit dieser Frage reagierte die Szene der Profibergsteiger, als ein Nepalese angek\u00fcndigte, er werde alle 14 Achttausender innerhalb einer Saison besteigen. Ein bis dato unvorstellbares Projekt, das nie zuvor ein Mensch in Angriff genommen hat. In [&#8230;]\n","protected":false},"featured_media":166361,"template":"","meta":[],"product_brand":[],"product_cat":[21542],"product_tag":[],"class_list":{"0":"post-166360","1":"product","2":"type-product","3":"status-publish","4":"has-post-thumbnail","6":"product_cat-sachbuecher-dokumentationen","7":"pa_autor-purja","8":"pa_erscheinungsjahr-27013","9":"pa_region-asien","10":"pa_sprache-de","12":"first","13":"instock","14":"taxable","15":"shipping-taxable","16":"purchasable","17":"product-type-simple"},"_links":{"self":[{"href":"https:\/\/pizbube.ch\/en\/wp-json\/wp\/v2\/product\/166360","targetHints":{"allow":["GET"]}}],"collection":[{"href":"https:\/\/pizbube.ch\/en\/wp-json\/wp\/v2\/product"}],"about":[{"href":"https:\/\/pizbube.ch\/en\/wp-json\/wp\/v2\/types\/product"}],"wp:featuredmedia":[{"embeddable":true,"href":"https:\/\/pizbube.ch\/en\/wp-json\/wp\/v2\/media\/166361"}],"wp:attachment":[{"href":"https:\/\/pizbube.ch\/en\/wp-json\/wp\/v2\/media?parent=166360"}],"wp:term":[{"taxonomy":"product_brand","embeddable":true,"href":"https:\/\/pizbube.ch\/en\/wp-json\/wp\/v2\/product_brand?post=166360"},{"taxonomy":"product_cat","embeddable":true,"href":"https:\/\/pizbube.ch\/en\/wp-json\/wp\/v2\/product_cat?post=166360"},{"taxonomy":"product_tag","embeddable":true,"href":"https:\/\/pizbube.ch\/en\/wp-json\/wp\/v2\/product_tag?post=166360"}],"curies":[{"name":"wp","href":"https:\/\/api.w.org\/{rel}","templated":true}]}}