{"id":166462,"date":"2023-03-06T16:18:52","date_gmt":"2023-03-06T15:18:52","guid":{"rendered":"https:\/\/pizbube.ch\/?post_type=product&#038;p=166462"},"modified":"2026-03-12T14:08:51","modified_gmt":"2026-03-12T13:08:51","slug":"mount-sacred-eine-kurze-globalgeschichte-der-heiligen-berge-seit-1500","status":"publish","type":"product","link":"https:\/\/pizbube.ch\/en\/shop\/mount-sacred-eine-kurze-globalgeschichte-der-heiligen-berge-seit-1500\/","title":{"rendered":"Mount Sacred &#8211; Eine kurze Globalgeschichte der heiligen Berge seit 1500"},"content":{"rendered":"<p>Der Mount Kailash in Asien, die Black Hills in Nordamerika oder der Uluru in Australien: Rund um den Erdball gibt es zahlreiche Berge, denen in Geschichte und Gegenwart Heiligkeit zugesprochen wird. Die religi\u00f6se Verehrung erfolgt mit Gebet, Meditation und Wallfahrt. Man kann diese Berge als Sonden gebrauchen, um hinter das \u00c4ussere der Gesellschaften zu blicken.<\/p>\n<p>Eine Kontrastfolie dazu bildet das Christentum, das lange wenig Interesse f\u00fcr die Natur aufbrachte. Erst die europ\u00e4ische Gebirgsforschung und der Alpinismus sorgten f\u00fcr eine gewisse \u00d6ffnung. Im Zeitalter des Kolonialismus entstanden so vielf\u00e4ltige Spannungen. Die Dekolonisation und die \u00ab\u00f6kologischen Wende\u00bb ver\u00e4nderten die religi\u00f6se Deutungsmacht und gaben der Rede \u00fcber heilige Berge einen neuen Sinn. Global bleiben sie indessen ein hervorragendes Beispiel f\u00fcr kulturelle Diversit\u00e4t, das auch Fragen der Gendergerechtigkeit und des Umweltschutzes ber\u00fchrt.<\/p>\n<p>Jon Mathieu ist Editor-in-chief der Zeitschrift histories und emeritierter Geschichtsprofessor der Universit\u00e4t Luzern. Er war Gr\u00fcndungsdirektor des Istituto di Storia delle Alpi an der Tessiner Universit\u00e4t und hat vielfach \u00fcber die Geschichte von Bergregionen publiziert.<\/p>\n<p><span class=\"product-pagecount product--bibliography product--bindetype\">192 Seiten, mit 11 farb. Abb., gebunden<br \/>\n<span class=\"product-edition\">1. Auflage 202<\/span>3<br \/>\n<\/span><\/p>","protected":false},"excerpt":{"rendered":"<p>Der Mount Kailash in Asien, die Black Hills in Nordamerika oder der Uluru in Australien: Rund um den Erdball gibt es zahlreiche Berge, denen in Geschichte und Gegenwart Heiligkeit zugesprochen wird. Die religi\u00f6se Verehrung erfolgt mit Gebet, Meditation und Wallfahrt. Man kann diese Berge als Sonden gebrauchen, um hinter das \u00c4ussere der Gesellschaften zu blicken. [&#8230;]\n","protected":false},"featured_media":166464,"template":"","meta":[],"product_brand":[],"product_cat":[21580,21542],"product_tag":[],"class_list":{"0":"post-166462","1":"product","2":"type-product","3":"status-publish","4":"has-post-thumbnail","6":"product_cat-kunst-kultur","7":"product_cat-sachbuecher-dokumentationen","8":"pa_autor-mathieu","9":"pa_erscheinungsjahr-27129","10":"pa_region-deutschland","11":"pa_sprache-de","13":"first","14":"onbackorder","15":"taxable","16":"shipping-taxable","17":"purchasable","18":"product-type-simple"},"_links":{"self":[{"href":"https:\/\/pizbube.ch\/en\/wp-json\/wp\/v2\/product\/166462","targetHints":{"allow":["GET"]}}],"collection":[{"href":"https:\/\/pizbube.ch\/en\/wp-json\/wp\/v2\/product"}],"about":[{"href":"https:\/\/pizbube.ch\/en\/wp-json\/wp\/v2\/types\/product"}],"wp:featuredmedia":[{"embeddable":true,"href":"https:\/\/pizbube.ch\/en\/wp-json\/wp\/v2\/media\/166464"}],"wp:attachment":[{"href":"https:\/\/pizbube.ch\/en\/wp-json\/wp\/v2\/media?parent=166462"}],"wp:term":[{"taxonomy":"product_brand","embeddable":true,"href":"https:\/\/pizbube.ch\/en\/wp-json\/wp\/v2\/product_brand?post=166462"},{"taxonomy":"product_cat","embeddable":true,"href":"https:\/\/pizbube.ch\/en\/wp-json\/wp\/v2\/product_cat?post=166462"},{"taxonomy":"product_tag","embeddable":true,"href":"https:\/\/pizbube.ch\/en\/wp-json\/wp\/v2\/product_tag?post=166462"}],"curies":[{"name":"wp","href":"https:\/\/api.w.org\/{rel}","templated":true}]}}