{"id":166468,"date":"2023-03-06T16:35:25","date_gmt":"2023-03-06T15:35:25","guid":{"rendered":"https:\/\/pizbube.ch\/?post_type=product&#038;p=166468"},"modified":"2024-12-24T14:58:19","modified_gmt":"2024-12-24T13:58:19","slug":"939-nord-solo-durch-die-grossen-nordwaende-der-alpen","status":"publish","type":"product","link":"https:\/\/pizbube.ch\/en\/shop\/939-nord-solo-durch-die-grossen-nordwaende-der-alpen\/","title":{"rendered":"9:39 Nord &#8211;  Solo durch die grossen Nordw\u00e4nde der Alpen"},"content":{"rendered":"<p><span class=\"value\">Die sechs gro\u00dfen Nordw\u00e4nde der Alpen \u2013 in ihnen wurde alpine Geschichte geschrieben. Sie sind die bedeutendsten B\u00fchnen des klassischen Abenteueralpinismus: die gewaltigen W\u00e4nde von Eiger, Matterhorn und Grandes Jorasses, Piz Badile, Aiguille du Dru und Gro\u00dfer Zinne! Voller Sternstunden, aber auch voller Dramen und Trag\u00f6dien. <\/span><\/p>\n<p><span class=\"value\">Wer sie durchstiegen hat, darf sich kompletter Bergsteiger nennen. Einer, der alle Spielarten beherrscht: extremes Felsklettern, Gehen im Steileis, wie auch das Bergsteigen im heiklen kombinierten Gel\u00e4nde. Topfit und voller Nervenst\u00e4rke. Bereit, sich einer Gefahr auszusetzen, mit dem Ziel, die Risiken klein zu halten und zu \u00fcberleben. Der Lohn sind unbeschreibliche Erfahrungen mit sich und der Natur, da drau\u00dfen, wo das Hochgebirge am wildesten ist! <\/span><\/p>\n<p><span class=\"value\">Die Autoren gehen auf Spurensuche, von den Pioniertagen der Erstdurchsteigung bis zur Gegenwart. Dabei lernt der Leser die starken Charaktere kennen, die im Laufe der Generationen ihre F\u00e4higkeiten und ihren Stil in diesen einzigartigen W\u00e4nden dokumentierten. Er begreift, was in den atemberaubenden Wandfluchten gespielt wird und kann die einmalige Faszination nachf\u00fchlen, die von ihnen ausgeht. Ein spannender Lesestoff, umfangreich bebildert und hochaktuell durch Dani Arnold, den Schweizer Extremalpinisten, der alle sechs gro\u00dfen Nordw\u00e4nde im Alleingang und in Rekordzeiten durchstieg und hautnah dar\u00fcber zu berichten wei\u00df: Sechs Nordw\u00e4nde in 9 Stunden 39 Minuten!<\/span><\/p>\n<p>1. Auflage 2022<br \/>\n212 Seiten<\/p>","protected":false},"excerpt":{"rendered":"<p>Die sechs gro\u00dfen Nordw\u00e4nde der Alpen \u2013 in ihnen wurde alpine Geschichte geschrieben. Sie sind die bedeutendsten B\u00fchnen des klassischen Abenteueralpinismus: die gewaltigen W\u00e4nde von Eiger, Matterhorn und Grandes Jorasses, Piz Badile, Aiguille du Dru und Gro\u00dfer Zinne! Voller Sternstunden, aber auch voller Dramen und Trag\u00f6dien. Wer sie durchstiegen hat, darf sich kompletter Bergsteiger nennen. [&#8230;]\n","protected":false},"featured_media":166470,"template":"","meta":[],"product_brand":[],"product_cat":[21629,21542],"product_tag":[],"class_list":{"0":"post-166468","1":"product","2":"type-product","3":"status-publish","4":"has-post-thumbnail","6":"product_cat-belletristik","7":"product_cat-sachbuecher-dokumentationen","8":"pa_autor-auffermann-arnold","9":"pa_erscheinungsjahr-27013","10":"pa_region-schweiz","11":"pa_sprache-de","13":"first","14":"instock","15":"taxable","16":"shipping-taxable","17":"purchasable","18":"product-type-simple"},"_links":{"self":[{"href":"https:\/\/pizbube.ch\/en\/wp-json\/wp\/v2\/product\/166468","targetHints":{"allow":["GET"]}}],"collection":[{"href":"https:\/\/pizbube.ch\/en\/wp-json\/wp\/v2\/product"}],"about":[{"href":"https:\/\/pizbube.ch\/en\/wp-json\/wp\/v2\/types\/product"}],"wp:featuredmedia":[{"embeddable":true,"href":"https:\/\/pizbube.ch\/en\/wp-json\/wp\/v2\/media\/166470"}],"wp:attachment":[{"href":"https:\/\/pizbube.ch\/en\/wp-json\/wp\/v2\/media?parent=166468"}],"wp:term":[{"taxonomy":"product_brand","embeddable":true,"href":"https:\/\/pizbube.ch\/en\/wp-json\/wp\/v2\/product_brand?post=166468"},{"taxonomy":"product_cat","embeddable":true,"href":"https:\/\/pizbube.ch\/en\/wp-json\/wp\/v2\/product_cat?post=166468"},{"taxonomy":"product_tag","embeddable":true,"href":"https:\/\/pizbube.ch\/en\/wp-json\/wp\/v2\/product_tag?post=166468"}],"curies":[{"name":"wp","href":"https:\/\/api.w.org\/{rel}","templated":true}]}}