{"id":166487,"date":"2023-03-07T11:44:43","date_gmt":"2023-03-07T10:44:43","guid":{"rendered":"https:\/\/pizbube.ch\/?post_type=product&#038;p=166487"},"modified":"2023-03-07T11:44:44","modified_gmt":"2023-03-07T10:44:44","slug":"wege-zum-wasser","status":"publish","type":"product","link":"https:\/\/pizbube.ch\/en\/shop\/wege-zum-wasser\/","title":{"rendered":"Wege zum Wasser"},"content":{"rendered":"<div class=\"mb-6\">\n<p>Lago Maggiore-Lago d&#8217;Orta Wandern|Erleben|Genie\u00dfen<\/p>\n<p>Hochwasser und D\u00fcrren, aber auch Genuss und sinnliches Erleben: in den Regionen um den Lago Maggiore und den Lago d\u2019Orta zeigt das Wasser alle seine faszinierenden, aber auch bedrohlichen Facetten. Die Wege zum Wasser machen sie erlebbar.<\/p>\n<p>Plantschen, schwimmen, tauchen, an B\u00e4chen entlangwandern, am See tr\u00e4umen, in Teichen baden und sich unter einem Wasserfall erfrischen \u2013 Wasser verf\u00fchrt. Auf H\u00f6henwegen entlang des Ost- und Westufers des Lago Maggiore und rund um den melancholischen Lago d\u2019Orta warten einzigartige Seepanoramen. In den Seitent\u00e4lern laden B\u00e4che, Fl\u00fcsse, Bergseen und Wasserf\u00e4lle zu erfrischenden Exkursionen. Attraktive Feuchtgebiete in der Region bieten einzigartige Flora und Fauna.<\/p>\n<p>Aber auch das: Wassermangel und Trockensommer verwandeln mittlerweile das mediterrane Ambiente des Lago Maggiore in einen Hot-Spot des Klimawandels. Weil dem See das Wasser auszugehen droht, spitzen sich in der Region die Verteilungsk\u00e4mpfe um die lebensnotwendige Ressource zu. Denn der majest\u00e4tische, pittoreske See ist zugleich auch ein von menschlichen Interessen regulierter See, ein gestautes Gew\u00e4sser. Italien und die Schweiz, das Piemont und die Lombardei streiten dar\u00fcber, wer \u00fcber die H\u00f6he des Seepegels und damit \u00fcber das zur Verf\u00fcgung stehende Wasser bestimmen darf. Wobei die Wasser-Wissenschaften eine resolute Stimme haben. Denn nur wenige Gew\u00e4sser weltweit sind besser erforscht als der Lago Maggiore.<\/p>\n<p>Auch der Lago d\u2019Orta ist ein Gew\u00e4sser mit einer atemberaubenden (Umwelt)Geschichte. Vor drei\u00dfig Jahren war der See noch biologisch tot, doch eine einzigartige Renaturierung-Aktion hat sein einst saures Wasser in ein Badeparadies verwandelt. Der melancholische Lago d\u2019Orta h\u00e4lt drei Weltrekorde \u2013 auch davon erz\u00e4hlen die \u00fcberraschenden Hintergrundartikel der Wege zum Wasser, einem Wander- und Reisebuch mit politischer Brisanz.<\/p>\n<p>Zwei Jahre lang waren Dagmar Beckmann und Christoph Potting an den Seen unterwegs. Ihre faszinierenden Exkursionen, aber auch verbl\u00fcffenden Hintergrundgeschichten zeichnen ein Bild einer Region, das man in anderen (Reise-)Publikationen vergeblich sucht.<\/p>\n<\/div>\n<p>328 Seiten, 20.4 \u00d7 13.5 cm, Klappenbroschur<br \/>\nMit Farbfotos, Routenskizzen und Serviceteil<br \/>\n1. Auflage 2023<\/p>","protected":false},"excerpt":{"rendered":"<p>Lago Maggiore-Lago d&#8217;Orta Wandern|Erleben|Genie\u00dfen Hochwasser und D\u00fcrren, aber auch Genuss und sinnliches Erleben: in den Regionen um den Lago Maggiore und den Lago d\u2019Orta zeigt das Wasser alle seine faszinierenden, aber auch bedrohlichen Facetten. Die Wege zum Wasser machen sie erlebbar. Plantschen, schwimmen, tauchen, an B\u00e4chen entlangwandern, am See tr\u00e4umen, in Teichen baden und sich [&#8230;]\n","protected":false},"featured_media":166492,"template":"","meta":[],"product_brand":[],"product_cat":[21605],"product_tag":[],"class_list":{"0":"post-166487","1":"product","2":"type-product","3":"status-publish","4":"has-post-thumbnail","6":"product_cat-wanderfuehrer-trekking","7":"pa_autor-beckmann-potting","8":"pa_erscheinungsjahr-27129","9":"pa_region-italien","10":"pa_region-schweiz","11":"pa_sprache-de","13":"first","14":"instock","15":"taxable","16":"shipping-taxable","17":"purchasable","18":"product-type-simple"},"_links":{"self":[{"href":"https:\/\/pizbube.ch\/en\/wp-json\/wp\/v2\/product\/166487","targetHints":{"allow":["GET"]}}],"collection":[{"href":"https:\/\/pizbube.ch\/en\/wp-json\/wp\/v2\/product"}],"about":[{"href":"https:\/\/pizbube.ch\/en\/wp-json\/wp\/v2\/types\/product"}],"wp:featuredmedia":[{"embeddable":true,"href":"https:\/\/pizbube.ch\/en\/wp-json\/wp\/v2\/media\/166492"}],"wp:attachment":[{"href":"https:\/\/pizbube.ch\/en\/wp-json\/wp\/v2\/media?parent=166487"}],"wp:term":[{"taxonomy":"product_brand","embeddable":true,"href":"https:\/\/pizbube.ch\/en\/wp-json\/wp\/v2\/product_brand?post=166487"},{"taxonomy":"product_cat","embeddable":true,"href":"https:\/\/pizbube.ch\/en\/wp-json\/wp\/v2\/product_cat?post=166487"},{"taxonomy":"product_tag","embeddable":true,"href":"https:\/\/pizbube.ch\/en\/wp-json\/wp\/v2\/product_tag?post=166487"}],"curies":[{"name":"wp","href":"https:\/\/api.w.org\/{rel}","templated":true}]}}