{"id":166493,"date":"2023-03-07T11:55:19","date_gmt":"2023-03-07T10:55:19","guid":{"rendered":"https:\/\/pizbube.ch\/?post_type=product&#038;p=166493"},"modified":"2023-10-24T15:17:41","modified_gmt":"2023-10-24T13:17:41","slug":"nepal-mit-kathmandu-annapurna-mount-everest-und-den-schoensten-trekkingrouten","status":"publish","type":"product","link":"https:\/\/pizbube.ch\/en\/shop\/nepal-mit-kathmandu-annapurna-mount-everest-und-den-schoensten-trekkingrouten\/","title":{"rendered":"Reisef\u00fchrer Nepal &#8211; Mit Kathmandu, Annapurna, Mount Everest und den sch\u00f6nsten Trekkingrouten"},"content":{"rendered":"<p class=\"w-post-elm post_custom_field us_custom_79af53c0 type_text subtitel\"><span class=\"w-post-elm-value\">Mit Kathmandu, Annapurna, Mount Everest und den sch\u00f6nsten Trekkingrouten<\/span><\/p>\n<p>Nepal ist ein Land der Superlative: Neben dem Mount Everest, dem h\u00f6chsten Berg der Erde, befinden sich weitere sieben 8000er im Norden des Landes. Dieser Reisef\u00fchrer beschreibt die bekannten und auch die unbekannten Regionen Nepals und l\u00e4dt mit vielen ausf\u00fchrlichen Tipps f\u00fcr Trekkingtouren und Besichtigungen zur Erkundung des vielf\u00e4ltigen Himalaya-Landes ein.<\/p>\n<p>Mehr als 60 V\u00f6lker leben in Nepal, und ebenso vielf\u00e4ltig sind die Traditionen und relig\u00f6sen Br\u00e4uche, die Bauwerke und Tempel verschiedener Kulturen. Besonders sehenswert sind die alten K\u00f6nigsst\u00e4dte Kathmandu, Patan und Bhaktapur. Ein beliebtes Ziel und Ausgangspunkt vieler Wanderungen ist auch das sch\u00f6n gelegene Pokhara am Phewa-See. Gerade einmal 200 Kilometer trennen die Berggiganten des Himalaya vom Flachland des Terai mit subtropischem Klima. In mehreren Nationalparks im S\u00fcden Nepals wie dem Chitwan-Nationalpark lassen sich Elefanten, Nash\u00f6rner und Krokodile beobachten.<\/p>\n<p>Im Reisef\u00fchrer werden 44 Trekkingrouten von einfachen Tageswanderungen bis zu sehr schweren Touren im Hochgebirge vorgestellt. 42 \u00dcbersichtskarten und Stadtpl\u00e4ne helfen bei der Orientierung, aktuelle Reisetipps zu Einreise, Trekking, Unterk\u00fcnften und Gastronomie bei der Reiseplanung.<\/p>\n<p>5., aktualisierte Auflage 2023,<br \/>\n436 Seiten, 271 Fotos und historische Abbildungen,<br \/>\n42 Stadtpl\u00e4ne und \u00dcbersichtskarten, Klappkarten<\/p>","protected":false},"excerpt":{"rendered":"<p>Mit Kathmandu, Annapurna, Mount Everest und den sch\u00f6nsten Trekkingrouten Nepal ist ein Land der Superlative: Neben dem Mount Everest, dem h\u00f6chsten Berg der Erde, befinden sich weitere sieben 8000er im Norden des Landes. Dieser Reisef\u00fchrer beschreibt die bekannten und auch die unbekannten Regionen Nepals und l\u00e4dt mit vielen ausf\u00fchrlichen Tipps f\u00fcr Trekkingtouren und Besichtigungen zur [&#8230;]\n","protected":false},"featured_media":166494,"template":"","meta":[],"product_brand":[],"product_cat":[21605],"product_tag":[],"class_list":{"0":"post-166493","1":"product","2":"type-product","3":"status-publish","4":"has-post-thumbnail","6":"product_cat-wanderfuehrer-trekking","7":"pa_autor-hartung","8":"pa_erscheinungsjahr-27129","9":"pa_region-asien","10":"pa_sprache-de","12":"first","13":"instock","14":"taxable","15":"shipping-taxable","16":"purchasable","17":"product-type-simple"},"_links":{"self":[{"href":"https:\/\/pizbube.ch\/en\/wp-json\/wp\/v2\/product\/166493","targetHints":{"allow":["GET"]}}],"collection":[{"href":"https:\/\/pizbube.ch\/en\/wp-json\/wp\/v2\/product"}],"about":[{"href":"https:\/\/pizbube.ch\/en\/wp-json\/wp\/v2\/types\/product"}],"wp:featuredmedia":[{"embeddable":true,"href":"https:\/\/pizbube.ch\/en\/wp-json\/wp\/v2\/media\/166494"}],"wp:attachment":[{"href":"https:\/\/pizbube.ch\/en\/wp-json\/wp\/v2\/media?parent=166493"}],"wp:term":[{"taxonomy":"product_brand","embeddable":true,"href":"https:\/\/pizbube.ch\/en\/wp-json\/wp\/v2\/product_brand?post=166493"},{"taxonomy":"product_cat","embeddable":true,"href":"https:\/\/pizbube.ch\/en\/wp-json\/wp\/v2\/product_cat?post=166493"},{"taxonomy":"product_tag","embeddable":true,"href":"https:\/\/pizbube.ch\/en\/wp-json\/wp\/v2\/product_tag?post=166493"}],"curies":[{"name":"wp","href":"https:\/\/api.w.org\/{rel}","templated":true}]}}