{"id":166521,"date":"2023-03-08T10:56:50","date_gmt":"2023-03-08T09:56:50","guid":{"rendered":"https:\/\/pizbube.ch\/?post_type=product&#038;p=166521"},"modified":"2026-03-25T11:48:53","modified_gmt":"2026-03-25T10:48:53","slug":"skitourenfuehrer-oetztaler-alpen","status":"publish","type":"product","link":"https:\/\/pizbube.ch\/en\/shop\/skitourenfuehrer-oetztaler-alpen\/","title":{"rendered":"Skitourenf\u00fchrer \u00d6tztaler Alpen"},"content":{"rendered":"<p>Die \u00d6tztaler Alpen sind eine der gr\u00f6\u00dften Gebirgsgruppen der Ostalpen und diejenige mit den meisten Gipfeln jenseits der magischen 3000-Meter-Marke. Wildspitze, Similaun und Wei\u00dfkugel stehen ganz oben auf den Wunschlisten vieler Skibergsteiger, und zumindest bei den ersten beiden Zielen braucht man sich keine \u00fcbertriebene Hoffnung auf eine einsame Gipfelbrotzeit zu machen. Auch rund um so bekannte H\u00fcttenst\u00fctzpunkte wie Vernagth\u00fctte, Martin-Busch-H\u00fctte oder dem Hochjochhospiz ist zur klassischen Skihochtourenzeit im Sp\u00e4twinter und Fr\u00fchling einiges los.<\/p>\n<p>Abseits der wenigen Hotspots aber geh\u00f6ren die \u00d6tztaler Alpen im Winter zu den ruhigeren Ecken in den Ostalpen und bieten dabei eine Routenvielfalt wie kaum eine andere Bergregion. Von den schon fast voralpin anmutenden Almregionen rund um Nauders oder am Venetberg \u00fcber die anspruchsvollen Steilkare im Kaunergrat oder im Unteren \u00d6tztal bis hin zu den weitl\u00e4ufigen Gletscherfl\u00e4chen am Hauptkamm warten unz\u00e4hlige Tourenziele.<\/p>\n<p>Und das beste daran: Durch die Entfernung zu den gro\u00dfen Ballungsr\u00e4umen tummeln sich in den \u00d6tztaler Alpen weit weniger Tourengeher als beispielsweise in den benachbarten Stubaier Alpen. Pulverschnee ganz f\u00fcr sich alleine \u2013 in den \u00d6tztalern keine Seltenheit.<\/p>\n<p>2. Auflage 2023,<br \/>\n408 Seiten, 120 x 185 mm, Softcover, komplett 4 Farbig<\/p>","protected":false},"excerpt":{"rendered":"<ul>\n<li><strong><a href=\"https:\/\/pizbube.ch\/wp-content\/uploads\/attachments\/a_027\/BB3A3A57019D6E93662B33FFB2FE6C96.pdf\" target=\"_blank\" rel=\"noopener\">PDF: Skitouren-Oetztaler-Alpen_Leseprobe.pdf<\/a><\/strong><strong><br \/>\n<\/strong><\/li>\n<\/ul>","protected":false},"featured_media":166525,"template":"","meta":[],"product_brand":[],"product_cat":[21540],"product_tag":[],"class_list":{"0":"post-166521","1":"product","2":"type-product","3":"status-publish","4":"has-post-thumbnail","6":"product_cat-fuehrerliteratur-alpin-winter","7":"pa_autor-piepenstock","8":"pa_erscheinungsjahr-27129","9":"pa_region-oesterreich","10":"pa_sprache-de","12":"first","13":"instock","14":"taxable","15":"shipping-taxable","16":"purchasable","17":"product-type-simple"},"_links":{"self":[{"href":"https:\/\/pizbube.ch\/en\/wp-json\/wp\/v2\/product\/166521","targetHints":{"allow":["GET"]}}],"collection":[{"href":"https:\/\/pizbube.ch\/en\/wp-json\/wp\/v2\/product"}],"about":[{"href":"https:\/\/pizbube.ch\/en\/wp-json\/wp\/v2\/types\/product"}],"wp:featuredmedia":[{"embeddable":true,"href":"https:\/\/pizbube.ch\/en\/wp-json\/wp\/v2\/media\/166525"}],"wp:attachment":[{"href":"https:\/\/pizbube.ch\/en\/wp-json\/wp\/v2\/media?parent=166521"}],"wp:term":[{"taxonomy":"product_brand","embeddable":true,"href":"https:\/\/pizbube.ch\/en\/wp-json\/wp\/v2\/product_brand?post=166521"},{"taxonomy":"product_cat","embeddable":true,"href":"https:\/\/pizbube.ch\/en\/wp-json\/wp\/v2\/product_cat?post=166521"},{"taxonomy":"product_tag","embeddable":true,"href":"https:\/\/pizbube.ch\/en\/wp-json\/wp\/v2\/product_tag?post=166521"}],"curies":[{"name":"wp","href":"https:\/\/api.w.org\/{rel}","templated":true}]}}