{"id":166530,"date":"2023-03-08T17:03:25","date_gmt":"2023-03-08T16:03:25","guid":{"rendered":"https:\/\/pizbube.ch\/?post_type=product&#038;p=166530"},"modified":"2023-03-08T17:03:26","modified_gmt":"2023-03-08T16:03:26","slug":"lalpe-100-alpins-7000-ans-dhistoires","status":"publish","type":"product","link":"https:\/\/pizbube.ch\/en\/shop\/lalpe-100-alpins-7000-ans-dhistoires\/","title":{"rendered":"L&#8217;Alpe 100 &#8211; Alpins : 7000 ans d&#8217;histoires"},"content":{"rendered":"<p>Les 25 ans d\u2019une revue pionni\u00e8re\u00a0!\u00a0\u00a0100 parutions et autant de th\u00e8mes explorant la culture et les patrimoines de l\u2019arc alpin. Un immense merci \u00e0 nos lecteurs, libraires et partenaires fid\u00e8les, ainsi qu&#8217;\u00e0 l&#8217;ensemble de nos contributeurs !<\/p>\n<p>En 1998 naissait une revue pionni\u00e8re, un \u00ab\u00a0<i>mook<\/i>\u00a0\u00bb peu ordinaire, qui prenait pour sujet les Alpes comme terres humaines. 99 num\u00e9ros plus tard, <i>L\u2019Alpe<\/i> continue de questionner les cultures et patrimoines de l\u2019Europe alpine \u00e0 sa fa\u00e7on\u00a0: mettre \u00e0 la port\u00e9e du grand public les derni\u00e8res recherches, privil\u00e9gier les angles d\u00e9cal\u00e9s et\u2026 accorder une tr\u00e8s belle place \u00e0 l\u2019iconographie.<\/p>\n<p>Son premier num\u00e9ro s\u2019intitule <i>Gens de l\u2019Alpe <\/i>; son num\u00e9ro 100\u00a0: <i>Alpins, 7000 ans d\u2019adaptation<\/i>. Depuis le N\u00e9olithique, p\u00e9riode \u00e0 laquelle les premi\u00e8res communaut\u00e9s se s\u00e9dentarisent (les premi\u00e8res traces humaines remontent \u00e0 100 000 ans environ), les hommes ont d\u00fb sans cesse s\u2019adapter aux contraintes particuli\u00e8res de ce territoire\u00a0: \u00e0 la pente, au froid, \u00e0 la neige, aux avalanches, aujourd\u2019hui au d\u00e9r\u00e8glement climatique. Ils ont d\u00fb faire face aux contextes politiques et socio-\u00e9conomiques changeants. Ces adaptations vont entra\u00eener des migrations \u00e0 diff\u00e9rentes \u00e9chelles\u00a0: proches ou lointaines, d\u00e9finitives ou saisonni\u00e8res. S\u2019en d\u00e9gage l\u2019image de soci\u00e9t\u00e9s de montagne en constante mutation. C\u2019est \u00e0 ces diverses formes d\u2019adaptation que va s\u2019int\u00e9resser ce num\u00e9ro. Il accompagnera la nouvelle exposition de r\u00e9f\u00e9rence du Mus\u00e9e dauphinois de Grenoble, partenaire de la revue depuis ses d\u00e9buts.<\/p>\n<p>Au sommaire<\/p>\n<p>&#8211; Comment raconter l\u2019histoire des soci\u00e9t\u00e9s alpines sur un temps long, dans sa complexit\u00e9 et sa diversit\u00e9 ? C\u2019est le chantier d\u2019envergure dans lequel s\u2019est lanc\u00e9 le Mus\u00e9e dauphinois.<\/p>\n<p>&#8211; Les Alpes domestiqu\u00e9es. Au N\u00e9olithique, les communaut\u00e9s paysannes s\u2019implantent durablement dans les Alpes. Elles adaptent leur \u00e9conomie agropastorale \u00e0 la topographie et au climat montagnard.<\/p>\n<p>&#8211; S\u2019il est un e\u00e9ve\u00e9nement majeur dans les Alpes durant l\u2019Antiquite\u00e9, c\u2019est bien la conquete des Gaules. Mais que sait-on vraiment de la romanisation des populations alpines ?<\/p>\n<p>&#8211; L\u2019histoire peu ordinaire d\u2019une armoire, celle des Escartons \u00e0 Ville-Vieille, symbole d\u2019une forme originale de gouvernance, qu\u2019exp\u00e9riment\u00e8rent cinq hautes vall\u00e9es du Dauphin\u00e9 \u00e0 partir du XIV<sup>e<\/sup> si\u00e8cle.<\/p>\n<p>&#8211; La formidable ascension des libraires et colporteurs du Brian\u00e7onnais au XVIII<sup>e<\/sup> si\u00e8cle, dont le r\u00e9seau s\u2019\u00e9tendait en Europe et m\u00eame outre-Atlantique !<\/p>\n<p>&#8211; L\u2019\u00e9tourdissante vitesse des mutations des soci\u00e9t\u00e9s de montagne du XIX<sup>e<\/sup> si\u00e8cle \u00e0 aujourd\u2019hui (industrialisation, exode rural, tourisme).<\/p>\n<p>&#8211; Plong\u00e9e dans les archives de Villard-de-Lans pour retracer le chemin de ces acteurs inconnus qui ont \u0153uvr\u00e9 \u00e0 la transformation du Vercors.<\/p>\n<p>&#8211; Portfolio. Le photographe suisse Hans Peter Jost s\u2019est int\u00e9ress\u00e9 \u00e0 l\u2019hypertourisme qui frappe les montagnes suisses chant\u00e9es jadis par Haller. On rit, certes, mais on rit jaune !<\/p>\n<p>&#8211; Quel avenir pour les jeunes montagnards ? Va-t-on vers une r\u00e9volution num\u00e9rique de la montagne ?<\/p>\n<p>&#8211; Demain la montagne\u00a0: une s\u00e9lection de solutions environnementales et sociales port\u00e9es par diff\u00e9rents acteurs en faveur d\u2019une montagne plus durable.<\/p>\n<p>&#8211; Carte blanche \u00e0 l\u2019\u00e9crivain Philippe Claudel, grand amoureux de la montagne, inquiet de l\u2019emprise de l\u2019homme sur ses paysages. Un manifeste amer et aimant \u00e0 la fois.<\/p>","protected":false},"excerpt":{"rendered":"<p>Les 25 ans d\u2019une revue pionni\u00e8re\u00a0!\u00a0\u00a0100 parutions et autant de th\u00e8mes explorant la culture et les patrimoines de l\u2019arc alpin. Un immense merci \u00e0 nos lecteurs, libraires et partenaires fid\u00e8les, ainsi qu&#8217;\u00e0 l&#8217;ensemble de nos contributeurs ! En 1998 naissait une revue pionni\u00e8re, un \u00ab\u00a0mook\u00a0\u00bb peu ordinaire, qui prenait pour sujet les Alpes comme terres [&#8230;]\n","protected":false},"featured_media":166531,"template":"","meta":[],"product_brand":[],"product_cat":[21541],"product_tag":[],"class_list":{"0":"post-166530","1":"product","2":"type-product","3":"status-publish","4":"has-post-thumbnail","6":"product_cat-zeitschriften","7":"pa_autor-lalpe-2","8":"pa_erscheinungsjahr-27129","9":"pa_region-frankreich","10":"pa_sprache-fr","12":"first","13":"instock","14":"taxable","15":"shipping-taxable","16":"purchasable","17":"product-type-simple"},"_links":{"self":[{"href":"https:\/\/pizbube.ch\/en\/wp-json\/wp\/v2\/product\/166530","targetHints":{"allow":["GET"]}}],"collection":[{"href":"https:\/\/pizbube.ch\/en\/wp-json\/wp\/v2\/product"}],"about":[{"href":"https:\/\/pizbube.ch\/en\/wp-json\/wp\/v2\/types\/product"}],"wp:featuredmedia":[{"embeddable":true,"href":"https:\/\/pizbube.ch\/en\/wp-json\/wp\/v2\/media\/166531"}],"wp:attachment":[{"href":"https:\/\/pizbube.ch\/en\/wp-json\/wp\/v2\/media?parent=166530"}],"wp:term":[{"taxonomy":"product_brand","embeddable":true,"href":"https:\/\/pizbube.ch\/en\/wp-json\/wp\/v2\/product_brand?post=166530"},{"taxonomy":"product_cat","embeddable":true,"href":"https:\/\/pizbube.ch\/en\/wp-json\/wp\/v2\/product_cat?post=166530"},{"taxonomy":"product_tag","embeddable":true,"href":"https:\/\/pizbube.ch\/en\/wp-json\/wp\/v2\/product_tag?post=166530"}],"curies":[{"name":"wp","href":"https:\/\/api.w.org\/{rel}","templated":true}]}}