{"id":166541,"date":"2023-03-09T09:35:25","date_gmt":"2023-03-09T08:35:25","guid":{"rendered":"https:\/\/pizbube.ch\/?post_type=product&#038;p=166541"},"modified":"2023-03-09T09:42:50","modified_gmt":"2023-03-09T08:42:50","slug":"respekt-am-berg-natur-und-umwelt","status":"publish","type":"product","link":"https:\/\/pizbube.ch\/en\/shop\/respekt-am-berg-natur-und-umwelt\/","title":{"rendered":"Respekt am Berg: Natur und Umwelt"},"content":{"rendered":"<p>Weil es n\u00f6tig und m\u00f6glich ist: natur- und sozialvertr\u00e4gliches Miteinander in den Bergen<\/p>\n<p>Immer mehr Menschen zieht es zum Wandern, Klettern, Mountainbiken, Skitourengehen oder Schneeschuhwandern in die Berge. Ein respektvoller Umgang zwischen den ver-schiedenen Interessensgruppen und vor allem auch mit der Natur wird immer wichtiger. Nur so k\u00f6nnen Konflikte vermieden, die Wegefreiheit langfristig gesichert und die Sch\u00f6n-heit und Urspr\u00fcnglichkeit der Bergwelt erhalten werden.<\/p>\n<p>Das handliche Lehrbuch liefert rechtliche Basisinformationen, erl\u00e4utert Verhaltensempfehlungen und gibt umfangreiche Einblicke in die faszinierende Natur der Alpen. Denn schlie\u00dflich sch\u00fctzt man nur, was man auch kennt.<\/p>\n<p>Nach einem einleitenden Kapitel \u00fcber die Rolle des Naturschutzes im Alpenverein werden rechtliche Grundlagen zur Wegefreiheit erl\u00e4utert. Doch nicht nur gesetzliche Vorgaben sollten das Verhalten von Bergsportbegeisterten beeinflussen. Aus R\u00fccksicht auf sensible Wildtiere sind auch frei\u00adwillige Einschr\u00e4nkungen sinnvoll. Lenkungsma\u00dfnahmen k\u00f6nnen unter bestimmten Voraussetzungen daf\u00fcr ein geeignetes Mittel sein. Diesem Thema widmet sich ein eigenes Kapitel.<\/p>\n<p>Da der moralische Zeigefinger im Nebel der Bevormundung aber gerne \u00fcbersehen wird, beschr\u00e4nkt sich das Booklet auf einige unverzichtbare Verhaltensempfehlungen. Stattdessen sollen interessante Geschichten \u00fcber die Geologie, den Klimawandel und die faszinierende Tier- und Pflanzenwelt der Alpen die Neugierde der Leser*innen wecken. Nur wer \u00fcber die Bed\u00fcrfnisse anderer Bescheid wei\u00df, kann sein Verhalten \u00fcberdenken. Nur wer Wissen besitzt, kann dieses weitergeben. Im Booklet gibt es jedenfalls viel Wissenswertes.<\/p>\n<p>224 Seiten; durchgehend farbig bebildert; 14.8 cm x 21 cm<br \/>\n1. Auflage<\/p>","protected":false},"excerpt":{"rendered":"<p>Weil es n\u00f6tig und m\u00f6glich ist: natur- und sozialvertr\u00e4gliches Miteinander in den Bergen Immer mehr Menschen zieht es zum Wandern, Klettern, Mountainbiken, Skitourengehen oder Schneeschuhwandern in die Berge. Ein respektvoller Umgang zwischen den ver-schiedenen Interessensgruppen und vor allem auch mit der Natur wird immer wichtiger. Nur so k\u00f6nnen Konflikte vermieden, die Wegefreiheit langfristig gesichert und [&#8230;]\n","protected":false},"featured_media":166542,"template":"","meta":[],"product_brand":[],"product_cat":[21538,21542],"product_tag":[],"class_list":{"0":"post-166541","1":"product","2":"type-product","3":"status-publish","4":"has-post-thumbnail","6":"product_cat-lehrbuecher","7":"product_cat-sachbuecher-dokumentationen","8":"pa_autor-oeav-2","9":"pa_erscheinungsjahr-27013","10":"pa_region-oesterreich","11":"pa_region-schweiz","12":"pa_sprache-de","14":"first","15":"instock","16":"taxable","17":"shipping-taxable","18":"purchasable","19":"product-type-simple"},"_links":{"self":[{"href":"https:\/\/pizbube.ch\/en\/wp-json\/wp\/v2\/product\/166541","targetHints":{"allow":["GET"]}}],"collection":[{"href":"https:\/\/pizbube.ch\/en\/wp-json\/wp\/v2\/product"}],"about":[{"href":"https:\/\/pizbube.ch\/en\/wp-json\/wp\/v2\/types\/product"}],"wp:featuredmedia":[{"embeddable":true,"href":"https:\/\/pizbube.ch\/en\/wp-json\/wp\/v2\/media\/166542"}],"wp:attachment":[{"href":"https:\/\/pizbube.ch\/en\/wp-json\/wp\/v2\/media?parent=166541"}],"wp:term":[{"taxonomy":"product_brand","embeddable":true,"href":"https:\/\/pizbube.ch\/en\/wp-json\/wp\/v2\/product_brand?post=166541"},{"taxonomy":"product_cat","embeddable":true,"href":"https:\/\/pizbube.ch\/en\/wp-json\/wp\/v2\/product_cat?post=166541"},{"taxonomy":"product_tag","embeddable":true,"href":"https:\/\/pizbube.ch\/en\/wp-json\/wp\/v2\/product_tag?post=166541"}],"curies":[{"name":"wp","href":"https:\/\/api.w.org\/{rel}","templated":true}]}}