{"id":166550,"date":"2023-03-09T12:13:25","date_gmt":"2023-03-09T11:13:25","guid":{"rendered":"https:\/\/pizbube.ch\/?post_type=product&#038;p=166550"},"modified":"2024-08-21T09:07:46","modified_gmt":"2024-08-21T07:07:46","slug":"skitourenfuehrer-allgaeu-mit-kleinwalsertal-und-tannheimer-tal","status":"publish","type":"product","link":"https:\/\/pizbube.ch\/en\/shop\/skitourenfuehrer-allgaeu-mit-kleinwalsertal-und-tannheimer-tal\/","title":{"rendered":"Skitourenf\u00fchrer Allg\u00e4u mit Kleinwalsertal und Tannheimer Tal"},"content":{"rendered":"<p>Allg\u00e4uer Hauptkamm, Kleinwalsertal, Thannheimer Tal und dazu die Allg\u00e4uer<br \/>\nVorberge; inkl. GPS-Tracks.<\/p>\n<p>Vom gro\u00dfen Skitourenreservoir im S\u00fcdwesten Deutschlands sind die Berge des Allg\u00e4us die am schnellsten zu erreichenden Ziele \u2013 und die abwechslungsreichsten dazu. Kein Wunder, dass das Gebiet \u00e4u\u00dferst beliebt ist. Hier findet wirklich jeder seine Tour: Anf\u00e4nger, ambitionierter Skibergsteiger oder mutige Steilwandspezialisten. W\u00e4hrend an den Vorbergen eher kurze und sichere Routen f\u00fcr Einsteiger zu finden sind, bietet die Kette des Allg\u00e4u-Hauptkamms ausgesprochen anspruchsvolle Unternehmungen, die den erfahrenen Skitourengeher erfordern.<\/p>\n<p>Zwar sind die absoluten H\u00f6hen der Gipfel vergleichsweise bescheiden, aber bez\u00fcglich Vorbereitung und Durchf\u00fchrung fordert das h\u00e4ufig sehr steile Gel\u00e4nde den absoluten K\u00f6nner. Der F\u00fchrer beschreibt auch die lohnenden Gebiete des benachbarten Tannheimer Tals und des Kleinwalsertals.<\/p>\n<p>11. Auflage 2023, 264 Seiten, 120 x 185 mm, Softcover, komplett 4 Farbig<\/p>","protected":false},"excerpt":{"rendered":"<ul>\n<li><strong><a href=\"https:\/\/pizbube.ch\/wp-content\/uploads\/attachments\/a_032\/FAFB14B0E91A7F4EC2C6E6E7535C44FA.pdf\" target=\"_blank\" rel=\"noopener\">PDF: Skitourenf\u00fchrer Allg\u00e4u Leseprobe<\/a><\/strong><\/li>\n<\/ul>","protected":false},"featured_media":166694,"template":"","meta":[],"product_brand":[],"product_cat":[21540],"product_tag":[27236],"class_list":{"0":"post-166550","1":"product","2":"type-product","3":"status-publish","4":"has-post-thumbnail","6":"product_cat-fuehrerliteratur-alpin-winter","7":"product_tag-allgaeuer-alpen","8":"pa_autor-rath","9":"pa_erscheinungsjahr-27129","10":"pa_region-deutschland","11":"pa_sprache-de","13":"first","14":"instock","15":"taxable","16":"shipping-taxable","17":"purchasable","18":"product-type-simple"},"_links":{"self":[{"href":"https:\/\/pizbube.ch\/en\/wp-json\/wp\/v2\/product\/166550","targetHints":{"allow":["GET"]}}],"collection":[{"href":"https:\/\/pizbube.ch\/en\/wp-json\/wp\/v2\/product"}],"about":[{"href":"https:\/\/pizbube.ch\/en\/wp-json\/wp\/v2\/types\/product"}],"wp:featuredmedia":[{"embeddable":true,"href":"https:\/\/pizbube.ch\/en\/wp-json\/wp\/v2\/media\/166694"}],"wp:attachment":[{"href":"https:\/\/pizbube.ch\/en\/wp-json\/wp\/v2\/media?parent=166550"}],"wp:term":[{"taxonomy":"product_brand","embeddable":true,"href":"https:\/\/pizbube.ch\/en\/wp-json\/wp\/v2\/product_brand?post=166550"},{"taxonomy":"product_cat","embeddable":true,"href":"https:\/\/pizbube.ch\/en\/wp-json\/wp\/v2\/product_cat?post=166550"},{"taxonomy":"product_tag","embeddable":true,"href":"https:\/\/pizbube.ch\/en\/wp-json\/wp\/v2\/product_tag?post=166550"}],"curies":[{"name":"wp","href":"https:\/\/api.w.org\/{rel}","templated":true}]}}