{"id":166551,"date":"2023-03-09T12:26:28","date_gmt":"2023-03-09T11:26:28","guid":{"rendered":"https:\/\/pizbube.ch\/?post_type=product&#038;p=166551"},"modified":"2024-12-13T09:35:39","modified_gmt":"2024-12-13T08:35:39","slug":"skitourenfuehrer-lechtaler-alpen-inkl-tannheimer-berge","status":"publish","type":"product","link":"https:\/\/pizbube.ch\/en\/shop\/skitourenfuehrer-lechtaler-alpen-inkl-tannheimer-berge\/","title":{"rendered":"Skitourenf\u00fchrer Lechtaler Alpen inkl. Tannheimer Berge"},"content":{"rendered":"<p>Die Lechtaler Alpen sind fl\u00e4chenm\u00e4\u00dfig mit Abstand die gr\u00f6\u00dfte Gruppe der N\u00f6rdlichen Kalkalpen. Auch der einzige Dreitausender der N\u00f6rdlichen Kalkalpen, die 3040m hohe Parseierspitze, ist in den Lechtalern zu finden.<\/p>\n<p>Skitouren in dieser Gebirgsgruppe sind zum gro\u00dfen Teil recht anspruchsvoll, deshalb ist dieser F\u00fchrer vor allem f\u00fcr selbst\u00e4ndige und erfahrene Skitourengeher bzw. Skibergsteiger geeignet. Nur wenige Ziele eignen sich f\u00fcr Skitourenanf\u00e4nger, bei einigen Touren ist also mehr der Alpinist als der reine Abfahrtsgenie\u00dfer angesprochen.<\/p>\n<p>Der F\u00fchrer versteht sich als Auswahlf\u00fchrer \u2013 nicht jede Rinne, die mal befahren wurde, ist der Erw\u00e4hnung wert. Zudem sollen auch f\u00fcr die, die sich selbst mit der Karte Skitouren erschlie\u00dfen wollen, noch Freir\u00e4ume bleiben. Etliche Touren haben einen langen \u201eZustieg\u201c, was aber in den Karten deutlich zu erkennen ist. Wichtig zu wissen: Die Nordseite der Lechtaler Alpen gilt als besonders schneesicher. Auch wenn andernorts fast nichts mehr geht, findet man hier oft bis weit ins Fr\u00fchjahr hinein beste Bedingungen vor.<\/p>\n<p>9. Auflage 2023, 284 Seiten, 120 x 185 mm, Softcover, komplett 4 Farbig<\/p>","protected":false},"excerpt":{"rendered":"<ul>\n<li><a href=\"https:\/\/pizbube.ch\/wp-content\/uploads\/attachments\/a_004\/37C5237DD2D1B584DDA52BD2F55105C3.pdf\" target=\"_blank\" rel=\"noopener\"><strong>PDF: Leseprobe_skitouren-skibergsteigen-lechtaler-alpen.pdf<\/strong><\/a><\/li>\n<\/ul>","protected":false},"featured_media":166552,"template":"","meta":[],"product_brand":[],"product_cat":[21540],"product_tag":[],"class_list":{"0":"post-166551","1":"product","2":"type-product","3":"status-publish","4":"has-post-thumbnail","6":"product_cat-fuehrerliteratur-alpin-winter","7":"pa_autor-elsner-seifert","8":"pa_erscheinungsjahr-27129","9":"pa_region-oesterreich","10":"pa_sprache-de","12":"first","13":"instock","14":"taxable","15":"shipping-taxable","16":"purchasable","17":"product-type-simple"},"_links":{"self":[{"href":"https:\/\/pizbube.ch\/en\/wp-json\/wp\/v2\/product\/166551","targetHints":{"allow":["GET"]}}],"collection":[{"href":"https:\/\/pizbube.ch\/en\/wp-json\/wp\/v2\/product"}],"about":[{"href":"https:\/\/pizbube.ch\/en\/wp-json\/wp\/v2\/types\/product"}],"wp:featuredmedia":[{"embeddable":true,"href":"https:\/\/pizbube.ch\/en\/wp-json\/wp\/v2\/media\/166552"}],"wp:attachment":[{"href":"https:\/\/pizbube.ch\/en\/wp-json\/wp\/v2\/media?parent=166551"}],"wp:term":[{"taxonomy":"product_brand","embeddable":true,"href":"https:\/\/pizbube.ch\/en\/wp-json\/wp\/v2\/product_brand?post=166551"},{"taxonomy":"product_cat","embeddable":true,"href":"https:\/\/pizbube.ch\/en\/wp-json\/wp\/v2\/product_cat?post=166551"},{"taxonomy":"product_tag","embeddable":true,"href":"https:\/\/pizbube.ch\/en\/wp-json\/wp\/v2\/product_tag?post=166551"}],"curies":[{"name":"wp","href":"https:\/\/api.w.org\/{rel}","templated":true}]}}