{"id":166725,"date":"2023-03-18T10:04:23","date_gmt":"2023-03-18T09:04:23","guid":{"rendered":"https:\/\/pizbube.ch\/?post_type=product&#038;p=166725"},"modified":"2024-12-11T10:27:10","modified_gmt":"2024-12-11T09:27:10","slug":"autobiographie-de-la-neige","status":"publish","type":"product","link":"https:\/\/pizbube.ch\/en\/shop\/autobiographie-de-la-neige\/","title":{"rendered":"Autobiographie de la neige"},"content":{"rendered":"<p>Histoires d&#8217;un monde silencieux<\/p>\n<div class=\"field field-name-hw-presentation-editoriale field-type-text-long field-label-hidden\">\n<div class=\"field-items\">\n<div class=\"field-item even\">\n<p>\u00ab\u00a0Dans ce voyage po\u00e9tique, il nous apprend \u00e0 lire les traces, les noms, les odeurs, entre \u00e9clairs de lune, chutes de neige anciennes et l\u00e9gendes \u00e9vocatrices.\u00a0\u00bb <i>Vanity Fair<\/i><\/p>\n<p>La neige convoque des sentiments archa\u00efques. Elle \u00e9voque le merveilleux, les contes, l\u2019enfance. Cet ouvrage tr\u00e8s po\u00e9tique est une d\u00e9claration d\u2019amour \u00e0 la neige n\u00e9e sous la plume d\u2019un grand passionn\u00e9 de la nature qui lui a consacr\u00e9 sa vie. De la forme des flocons aux avalanches en passant par les glaciers, le silence qu\u2019elle engendre et bien s\u00fbr, le rapport de l\u2019humain \u00e0 la neige, Daniel Zovi nous emm\u00e8ne sur les sentiers enneig\u00e9s de la connaissance scientifique, au travers d\u2019histoires personnelles, de l\u00e9gendes et d\u2019\u00e9tudes. Nous suivons ses pas, depuis les explorations \u00e0 ski de son adolescence jusqu\u2019aux g\u00e9ants himalayens. Nous nous trouvons ainsi immerg\u00e9s dans un monde fantastique, fragile et silencieux que, ces derniers temps, nous avons commenc\u00e9 \u00e0 perdre. Daniele Zovi compose une autobiographie po\u00e9tique, un hommage \u00e0 un \u00e9l\u00e9ment chaque jour plus fragile.<\/p>\n<p>192 pages;<br \/>\n140 x 225 mm<\/p>\n<\/div>\n<\/div>\n<\/div>","protected":false},"excerpt":{"rendered":"<p>Histoires d&#8217;un monde silencieux \u00ab\u00a0Dans ce voyage po\u00e9tique, il nous apprend \u00e0 lire les traces, les noms, les odeurs, entre \u00e9clairs de lune, chutes de neige anciennes et l\u00e9gendes \u00e9vocatrices.\u00a0\u00bb Vanity Fair La neige convoque des sentiments archa\u00efques. Elle \u00e9voque le merveilleux, les contes, l\u2019enfance. Cet ouvrage tr\u00e8s po\u00e9tique est une d\u00e9claration d\u2019amour \u00e0 la [&#8230;]\n","protected":false},"featured_media":166727,"template":"","meta":[],"product_brand":[],"product_cat":[21629,21542],"product_tag":[],"class_list":{"0":"post-166725","1":"product","2":"type-product","3":"status-publish","4":"has-post-thumbnail","6":"product_cat-belletristik","7":"product_cat-sachbuecher-dokumentationen","8":"pa_autor-zovi","9":"pa_erscheinungsjahr-27129","10":"pa_region-frankreich","11":"pa_sprache-fr","13":"first","14":"instock","15":"taxable","16":"shipping-taxable","17":"purchasable","18":"product-type-simple"},"_links":{"self":[{"href":"https:\/\/pizbube.ch\/en\/wp-json\/wp\/v2\/product\/166725","targetHints":{"allow":["GET"]}}],"collection":[{"href":"https:\/\/pizbube.ch\/en\/wp-json\/wp\/v2\/product"}],"about":[{"href":"https:\/\/pizbube.ch\/en\/wp-json\/wp\/v2\/types\/product"}],"wp:featuredmedia":[{"embeddable":true,"href":"https:\/\/pizbube.ch\/en\/wp-json\/wp\/v2\/media\/166727"}],"wp:attachment":[{"href":"https:\/\/pizbube.ch\/en\/wp-json\/wp\/v2\/media?parent=166725"}],"wp:term":[{"taxonomy":"product_brand","embeddable":true,"href":"https:\/\/pizbube.ch\/en\/wp-json\/wp\/v2\/product_brand?post=166725"},{"taxonomy":"product_cat","embeddable":true,"href":"https:\/\/pizbube.ch\/en\/wp-json\/wp\/v2\/product_cat?post=166725"},{"taxonomy":"product_tag","embeddable":true,"href":"https:\/\/pizbube.ch\/en\/wp-json\/wp\/v2\/product_tag?post=166725"}],"curies":[{"name":"wp","href":"https:\/\/api.w.org\/{rel}","templated":true}]}}