{"id":166816,"date":"2023-03-24T08:23:47","date_gmt":"2023-03-24T07:23:47","guid":{"rendered":"https:\/\/pizbube.ch\/?post_type=product&#038;p=166816"},"modified":"2023-03-24T08:38:51","modified_gmt":"2023-03-24T07:38:51","slug":"die-vermessung-der-berge","status":"publish","type":"product","link":"https:\/\/pizbube.ch\/en\/shop\/die-vermessung-der-berge\/","title":{"rendered":"Die Vermessung der Berge"},"content":{"rendered":"<p>Berge, T\u00e4ler und die Geschichte der Erde \u2013 eine geologische Spurensuche<\/p>\n<p>Wenn Blandine Pluchet zu einer Wanderung aufbricht, begleitet sie dabei nicht nur der Wunsch, den Gipfel zu erreichen. Die franz\u00f6sische Physikerin und Autorin betrachtet Gesteinsformationen und landschaftliche Besonderheiten immer auch von einem wissenschaftlichen Standpunkt aus.<\/p>\n<p>Was verraten die atemberaubenden Aussichten in luftiger H\u00f6he \u00fcber die Erdgeschichte? Wie wirkt sich der Klimawandel in den Alpen aus? Diesen und zahlreichen weiteren Fragen geht die leidenschaftliche Gipfelst\u00fcrmerin auf ihren Ausfl\u00fcgen in die Welt der Berge nach.<\/p>\n<p>&#8211; Auf Erkundungstour zu den Geheimnissen der Welt: Faszination Berg<br \/>\n&#8211; Wie Gesteinsmassive entstehen und vergehen: Welche Naturkr\u00e4fte stecken hinter der Gebirgsbildung?<br \/>\n&#8211; Wettermacher: wie die Alpen das Klima beeinflussen<\/p>\n<p>&#8211; Verborgene Bergwelten: welche Gipfel sich vom Ozeanboden erheben<br \/>\n&#8211; Blick ins All: wie Observatorien von luftigen H\u00f6hen profitieren<br \/>\n&#8211; Naturwissenschaft trifft Philosophie: ein tolles Geschenk f\u00fcr Naturliebhaber und Wanderfreunde<\/p>\n<p>Nur Fels und Gestein? Was Berge \u00fcber unsere Vergangenheit und Zukunft verraten<\/p>\n<p>Schneebedeckte Gipfel, einzigartige Fauna und Flora \u2013 f\u00fcr viele sind die Berge der Sehnsuchtsort schlechthin. Doch Gebirge haben weit mehr zu bieten als Entspannung und gro\u00dfartige Fernsicht. Ihre Beschaffenheit liefert wichtige wissenschaftliche Erkenntnisse, die uns helfen, unsere Umwelt besser zu verstehen.<\/p>\n<p>Blandine Pluchet verbindet in diesem Buch ihre beiden Leidenschaften: Physik und Bergwelten. Ob auf Wanderungen im Hochgebirge oder beim Blick in die Ebene: \u00dcberall begegnet sie Hinweisen auf die Naturkr\u00e4fte, die diese eindrucksvollen Landschaften erschufen und wieder vergehen lie\u00dfen.<\/p>\n<p>Geologie erleben: Forschung und Wissen reisen hier im Rucksack mit bis zum Gipfelkreuz!<\/p>\n<p>1. Auflage 2023;<br \/>\n216 Seiten \/ 170 mm x 235 mm<\/p>","protected":false},"excerpt":{"rendered":"<p>Berge, T\u00e4ler und die Geschichte der Erde \u2013 eine geologische Spurensuche Wenn Blandine Pluchet zu einer Wanderung aufbricht, begleitet sie dabei nicht nur der Wunsch, den Gipfel zu erreichen. Die franz\u00f6sische Physikerin und Autorin betrachtet Gesteinsformationen und landschaftliche Besonderheiten immer auch von einem wissenschaftlichen Standpunkt aus. Was verraten die atemberaubenden Aussichten in luftiger H\u00f6he \u00fcber [&#8230;]\n","protected":false},"featured_media":166817,"template":"","meta":[],"product_brand":[],"product_cat":[21580,21538,21542],"product_tag":[],"class_list":{"0":"post-166816","1":"product","2":"type-product","3":"status-publish","4":"has-post-thumbnail","6":"product_cat-kunst-kultur","7":"product_cat-lehrbuecher","8":"product_cat-sachbuecher-dokumentationen","9":"pa_autor-pluchet-locteau-pfleiderer","10":"pa_erscheinungsjahr-27129","11":"pa_region-fauna-flora-geologie-glaziologie","12":"pa_region-uebrigers-europa","13":"pa_sprache-de","15":"first","16":"instock","17":"taxable","18":"shipping-taxable","19":"purchasable","20":"product-type-simple"},"_links":{"self":[{"href":"https:\/\/pizbube.ch\/en\/wp-json\/wp\/v2\/product\/166816","targetHints":{"allow":["GET"]}}],"collection":[{"href":"https:\/\/pizbube.ch\/en\/wp-json\/wp\/v2\/product"}],"about":[{"href":"https:\/\/pizbube.ch\/en\/wp-json\/wp\/v2\/types\/product"}],"wp:featuredmedia":[{"embeddable":true,"href":"https:\/\/pizbube.ch\/en\/wp-json\/wp\/v2\/media\/166817"}],"wp:attachment":[{"href":"https:\/\/pizbube.ch\/en\/wp-json\/wp\/v2\/media?parent=166816"}],"wp:term":[{"taxonomy":"product_brand","embeddable":true,"href":"https:\/\/pizbube.ch\/en\/wp-json\/wp\/v2\/product_brand?post=166816"},{"taxonomy":"product_cat","embeddable":true,"href":"https:\/\/pizbube.ch\/en\/wp-json\/wp\/v2\/product_cat?post=166816"},{"taxonomy":"product_tag","embeddable":true,"href":"https:\/\/pizbube.ch\/en\/wp-json\/wp\/v2\/product_tag?post=166816"}],"curies":[{"name":"wp","href":"https:\/\/api.w.org\/{rel}","templated":true}]}}