{"id":166885,"date":"2023-03-28T11:57:38","date_gmt":"2023-03-28T09:57:38","guid":{"rendered":"https:\/\/pizbube.ch\/?post_type=product&#038;p=166885"},"modified":"2023-04-05T08:40:53","modified_gmt":"2023-04-05T06:40:53","slug":"jura-bernois-berner-jura-topo-descalade-kletterfuehrer","status":"publish","type":"product","link":"https:\/\/pizbube.ch\/en\/shop\/jura-bernois-berner-jura-topo-descalade-kletterfuehrer\/","title":{"rendered":"Jura bernois \/ Berner Jura &#8211; Topo d`escalade \/ Kletterf\u00fchrer"},"content":{"rendered":"<p class=\"m-introduction__headline fs-h2\"><span class=\"m-introduction__subline fs-h2-subline\">Bord du lac \/ Bas-Vallon \/ Vall\u00e9e de Tavannes \/ Court \/ Moutier<\/span><\/p>\n<div class=\"m-introduction__copy c-rich-text\">\n<p>27 Klettergebiete mit total 2600 Routen im Berner Jura.<\/p>\n<p>Der Kletterf\u00fchrer \u00abBerner Jura\u00bb des Schweizer Alpen-Club beschreibt 27 Klettergebiete mit total 2600 Routen von La Neuveville bis zu den Gebieten rund um Moutier. Das in der Region ans\u00e4ssige Autorenteam illustriert den Gebietsf\u00fchrer mit detailliert gezeichneten Klettertopos und viel Bildmaterial. Die Topgebiete Orvin und Plagne sind ebenso Teil des Kletterf\u00fchrers wie die spannenden Mehrseill\u00e4ngentouren und Gratklettereien rund um Moutier.<\/p>\n<p>Autoren<strong>:<\/strong><br \/>\nDas Autorenpaar Carine und Christophe wohnt in Orvin und hat eines der bekanntesten Klettergebiete der Jurakette quasi vor ihrer Haust\u00fcre. \u00abGigi\u00bb als Autor und Carine als Gestalterin haben eine ganze Reihe von SAC-Kletterf\u00fchrern verfasst.<\/p>\n<p>&nbsp;<\/p>\n<p>Le guide d&#8217;escalade \u00ab Jura bernois \u00bb du Club Alpin Suisse d\u00e9crit\u00a027\u00a0sites d&#8217;escalade avec un total de\u00a02600\u00a0voies de La Neuveville \u00e0 Moutier.\u00a0\u00a0Le couple d&#8217;auteurs bas\u00e9 dans la r\u00e9gion illustre ce guide avec des topos tr\u00e8s d\u00e9taill\u00e9s et beaucoup d&#8217;images.\u00a0Des sites d\u2019envergures comme Plagne, Orvin, Court et Moutier offrent un vaste choix d\u2019escalades en moulinettes,\u00a0longues voies ainsi que de quelques ar\u00eates classiques. Du plaisir pour tous les go\u00fbts.<\/p>\n<p>Auteurs:<br \/>\nCarine et Christophe, tous deux auteurs, habitent \u00e0 Orvin, \u00e0 deux pas d\u2019un des sites d\u2019escalade les plus connus de la cha\u00eene du Jura. Ils ont \u00e9crit toute une s\u00e9rie de guides d\u2019escalade pour le CAS, \u00ab Gigi \u00bb comme auteur et Carine comme illustratrice.<\/p>\n<p>3. Auflage 2023;<br \/>\n336 Seiten, 162 Topos,<br \/>\ngebunden, Softcover<\/p>\n<\/div>","protected":false},"excerpt":{"rendered":"<p>Bord du lac \/ Bas-Vallon \/ Vall\u00e9e de Tavannes \/ Court \/ Moutier 27 Klettergebiete mit total 2600 Routen im Berner Jura. Der Kletterf\u00fchrer \u00abBerner Jura\u00bb des Schweizer Alpen-Club beschreibt 27 Klettergebiete mit total 2600 Routen von La Neuveville bis zu den Gebieten rund um Moutier. Das in der Region ans\u00e4ssige Autorenteam illustriert den Gebietsf\u00fchrer [&#8230;]\n","protected":false},"featured_media":166886,"template":"","meta":[],"product_brand":[],"product_cat":[21539],"product_tag":[],"class_list":{"0":"post-166885","1":"product","2":"type-product","3":"status-publish","4":"has-post-thumbnail","6":"product_cat-fuehrerliteratur-sportklettern-bouldern","7":"pa_autor-girardin-devaux-girardin","8":"pa_erscheinungsjahr-27129","9":"pa_region-schweiz","10":"pa_sprache-de-fr","12":"first","13":"instock","14":"taxable","15":"shipping-taxable","16":"purchasable","17":"product-type-simple"},"_links":{"self":[{"href":"https:\/\/pizbube.ch\/en\/wp-json\/wp\/v2\/product\/166885","targetHints":{"allow":["GET"]}}],"collection":[{"href":"https:\/\/pizbube.ch\/en\/wp-json\/wp\/v2\/product"}],"about":[{"href":"https:\/\/pizbube.ch\/en\/wp-json\/wp\/v2\/types\/product"}],"wp:featuredmedia":[{"embeddable":true,"href":"https:\/\/pizbube.ch\/en\/wp-json\/wp\/v2\/media\/166886"}],"wp:attachment":[{"href":"https:\/\/pizbube.ch\/en\/wp-json\/wp\/v2\/media?parent=166885"}],"wp:term":[{"taxonomy":"product_brand","embeddable":true,"href":"https:\/\/pizbube.ch\/en\/wp-json\/wp\/v2\/product_brand?post=166885"},{"taxonomy":"product_cat","embeddable":true,"href":"https:\/\/pizbube.ch\/en\/wp-json\/wp\/v2\/product_cat?post=166885"},{"taxonomy":"product_tag","embeddable":true,"href":"https:\/\/pizbube.ch\/en\/wp-json\/wp\/v2\/product_tag?post=166885"}],"curies":[{"name":"wp","href":"https:\/\/api.w.org\/{rel}","templated":true}]}}