{"id":166902,"date":"2023-03-29T09:58:39","date_gmt":"2023-03-29T07:58:39","guid":{"rendered":"https:\/\/pizbube.ch\/?post_type=product&#038;p=166902"},"modified":"2025-12-18T17:39:56","modified_gmt":"2025-12-18T16:39:56","slug":"via-ferrata-30-atemberaubende-klettersteige-in-der-schweiz","status":"publish","type":"product","link":"https:\/\/pizbube.ch\/en\/shop\/via-ferrata-30-atemberaubende-klettersteige-in-der-schweiz\/","title":{"rendered":"Via Ferrata &#8211; 30 atemberaubende Klettersteige in der Schweiz"},"content":{"rendered":"<p>Seilt euch an und nehmt die Schweizer Alpen in Angriff!<br \/>\nErklettert Felsw\u00e4nde, \u00fcberquert H\u00e4ngebr\u00fccken, erforscht H\u00f6hlen, klammert euch an Leitern fest und \u2013 wenn ihr oben angekommen seid \u2013 geniesst die atemberaubende Aussicht.<\/p>\n<p>Ob alter Hase oder blutige Anf\u00e4ngerin, in diesem Handbuch findet ihr praktische Informationen zu jeder Route: Schwierigkeitsgrad, H\u00f6he, H\u00f6henunterschied, Anreise und vieles mehr. Ausserdem enth\u00e4lt es Tipps zur Planung und Ausr\u00fcstung, damit ihr gut vorbereitet auf diese spektakul\u00e4ren Touren gehen k\u00f6nnt. Tankt Adrenalin und Abenteuer \u2013 aber gut gesichert!<\/p>\n<p>&#8211; 30 spektakul\u00e4re Routen in der ganzen Schweiz<br \/>\n&#8211; mit detaillierten Wegbeschreibungen, Karten und beeindruckenden Fotos<br \/>\n&#8211; Tipps f\u00fcr einen sicheren Einstieg<br \/>\n&#8211; Geheimtipps f\u00fcr jede Route<br \/>\n&#8211; Alle Klettersteige in diesem Handbuch sind mit dem \u00f6ffentlichen Verkehr erreichbar<\/p>\n<p>232 Seiten,<br \/>\n16 x 24 cm.<\/p>","protected":false},"excerpt":{"rendered":"<p>Seilt euch an und nehmt die Schweizer Alpen in Angriff! Erklettert Felsw\u00e4nde, \u00fcberquert H\u00e4ngebr\u00fccken, erforscht H\u00f6hlen, klammert euch an Leitern fest und \u2013 wenn ihr oben angekommen seid \u2013 geniesst die atemberaubende Aussicht. Ob alter Hase oder blutige Anf\u00e4ngerin, in diesem Handbuch findet ihr praktische Informationen zu jeder Route: Schwierigkeitsgrad, H\u00f6he, H\u00f6henunterschied, Anreise und vieles [&#8230;]\n","protected":false},"featured_media":166905,"template":"","meta":[],"product_brand":[],"product_cat":[21544],"product_tag":[27252],"class_list":{"0":"post-166902","1":"product","2":"type-product","3":"status-publish","4":"has-post-thumbnail","6":"product_cat-fuehrerliteratur-alpin-sommer","7":"product_tag-klettersteigfuehrer","8":"pa_autor-mueller-anex","9":"pa_erscheinungsjahr-27129","10":"pa_region-schweiz","11":"pa_sprache-de","13":"first","14":"instock","15":"taxable","16":"shipping-taxable","17":"purchasable","18":"product-type-simple"},"_links":{"self":[{"href":"https:\/\/pizbube.ch\/en\/wp-json\/wp\/v2\/product\/166902","targetHints":{"allow":["GET"]}}],"collection":[{"href":"https:\/\/pizbube.ch\/en\/wp-json\/wp\/v2\/product"}],"about":[{"href":"https:\/\/pizbube.ch\/en\/wp-json\/wp\/v2\/types\/product"}],"wp:featuredmedia":[{"embeddable":true,"href":"https:\/\/pizbube.ch\/en\/wp-json\/wp\/v2\/media\/166905"}],"wp:attachment":[{"href":"https:\/\/pizbube.ch\/en\/wp-json\/wp\/v2\/media?parent=166902"}],"wp:term":[{"taxonomy":"product_brand","embeddable":true,"href":"https:\/\/pizbube.ch\/en\/wp-json\/wp\/v2\/product_brand?post=166902"},{"taxonomy":"product_cat","embeddable":true,"href":"https:\/\/pizbube.ch\/en\/wp-json\/wp\/v2\/product_cat?post=166902"},{"taxonomy":"product_tag","embeddable":true,"href":"https:\/\/pizbube.ch\/en\/wp-json\/wp\/v2\/product_tag?post=166902"}],"curies":[{"name":"wp","href":"https:\/\/api.w.org\/{rel}","templated":true}]}}