{"id":167026,"date":"2023-04-05T16:57:31","date_gmt":"2023-04-05T14:57:31","guid":{"rendered":"https:\/\/pizbube.ch\/?post_type=product&#038;p=167026"},"modified":"2023-04-05T16:57:31","modified_gmt":"2023-04-05T14:57:31","slug":"alentejo-portugals-suedosten-zwischen-tejo-und-algarve","status":"publish","type":"product","link":"https:\/\/pizbube.ch\/en\/shop\/alentejo-portugals-suedosten-zwischen-tejo-und-algarve\/","title":{"rendered":"Alentejo &#8211; Portugals S\u00fcdosten zwischen Tejo und Algarve"},"content":{"rendered":"<p><span class=\"value\">Alentejo, das \u00bbLand jenseits des Flusses Tejo\u00ab, nennen die Portugiesen ihren S\u00fcdosten. Breite Flusst\u00e4ler, wei\u00dfe D\u00f6rfer und ummauerte Burgst\u00e4dte, wiegende Kornfelder und sanfte Weinberge pr\u00e4gen die h\u00fcgelige Landschaft. Einzigartig ist das \u00d6kosystem des Montado: ausgedehnte Korkeichenw\u00e4lder, in denen Rinder und Schafe weiden. Dazu Aussichtsberge, unz\u00e4hlige H\u00fcnensteine und eine K\u00fcste, wie sie urspr\u00fcnglicher nicht sein k\u00f6nnte. Fast ein Drittel der portugiesischen Festlandsfl\u00e4che nimmt der Alentejo ein, der zwischen Algarve, Atlantik, Spanien und jenem Fluss Tejo liegt, der bei Lissabon ins Meer flie\u00dft. Der Rother Wanderf\u00fchrer \u00bbAlentejo\u00ab stellt 57 Wanderungen in diesem fast noch unentdeckten St\u00fcck Portugal vor.<\/span><\/p>\n<p>Die Region zwischen Atlantik und Algarve ist d\u00fcnn besiedelt und wer Ruhe und Abgeschiedenheit sucht, der ist hier genau richtig. Der Alentejo ist bereits ein Geheimtipp f\u00fcr Individualreisende, die Natur erleben, aber auch die Kultur dieser Region entdecken wollen. Besonders Wanderer finden hier ein vielf\u00e4ltiges Angebot: K\u00fcstenwanderungen in den Naturparks der Serra de Sintra und der Serra da Arr\u00e1bida, Wanderungen in den intakten Flusstallandschaften am Tejo und am Guadiana oder auch beachtliche Bergtouren in der Serra de S\u00e3o Mamede und in der Serra de Ossa.<\/p>\n<p>Der Rother Wanderf\u00fchrer \u00bbAlentejo\u00ab stellt kurze und tagesf\u00fcllende Wanderungen vor, die jeden Urlaub in Portugals S\u00fcdosten noch sch\u00f6ner machen. Jede Wanderung wird mit einer zuverl\u00e4ssigen Wegbeschreibung, einem Wanderk\u00e4rtchen mit eingetragenem Routenverlauf und einem H\u00f6henprofil vorgestellt. GPS-Tracks stehen zum Download bereit. Zahlreiche Tipps und Informationen zu Land und Leuten machen diesen Wanderf\u00fchrer zum perfekten Urlaubsbegleiter im Alentejo.<\/p>\n<p>1. Auflage 2023<br \/>\n57 Wanderk\u00e4rtchen im Ma\u00dfstab 1:25.000, 1:50.000 und 1:75.000, 57 H\u00f6henprofile, zwei \u00dcbersichtskarten, GPS-Tracks zum Download<\/p>","protected":false},"excerpt":{"rendered":"<p>Alentejo, das \u00bbLand jenseits des Flusses Tejo\u00ab, nennen die Portugiesen ihren S\u00fcdosten. Breite Flusst\u00e4ler, wei\u00dfe D\u00f6rfer und ummauerte Burgst\u00e4dte, wiegende Kornfelder und sanfte Weinberge pr\u00e4gen die h\u00fcgelige Landschaft. Einzigartig ist das \u00d6kosystem des Montado: ausgedehnte Korkeichenw\u00e4lder, in denen Rinder und Schafe weiden. Dazu Aussichtsberge, unz\u00e4hlige H\u00fcnensteine und eine K\u00fcste, wie sie urspr\u00fcnglicher nicht sein k\u00f6nnte. [&#8230;]\n","protected":false},"featured_media":167027,"template":"","meta":[],"product_brand":[],"product_cat":[21605],"product_tag":[],"class_list":{"0":"post-167026","1":"product","2":"type-product","3":"status-publish","4":"has-post-thumbnail","6":"product_cat-wanderfuehrer-trekking","7":"pa_autor-halbartschlager-russ","8":"pa_erscheinungsjahr-27129","9":"pa_region-portugal","10":"pa_sprache-de","12":"first","13":"instock","14":"taxable","15":"shipping-taxable","16":"purchasable","17":"product-type-simple"},"_links":{"self":[{"href":"https:\/\/pizbube.ch\/en\/wp-json\/wp\/v2\/product\/167026","targetHints":{"allow":["GET"]}}],"collection":[{"href":"https:\/\/pizbube.ch\/en\/wp-json\/wp\/v2\/product"}],"about":[{"href":"https:\/\/pizbube.ch\/en\/wp-json\/wp\/v2\/types\/product"}],"wp:featuredmedia":[{"embeddable":true,"href":"https:\/\/pizbube.ch\/en\/wp-json\/wp\/v2\/media\/167027"}],"wp:attachment":[{"href":"https:\/\/pizbube.ch\/en\/wp-json\/wp\/v2\/media?parent=167026"}],"wp:term":[{"taxonomy":"product_brand","embeddable":true,"href":"https:\/\/pizbube.ch\/en\/wp-json\/wp\/v2\/product_brand?post=167026"},{"taxonomy":"product_cat","embeddable":true,"href":"https:\/\/pizbube.ch\/en\/wp-json\/wp\/v2\/product_cat?post=167026"},{"taxonomy":"product_tag","embeddable":true,"href":"https:\/\/pizbube.ch\/en\/wp-json\/wp\/v2\/product_tag?post=167026"}],"curies":[{"name":"wp","href":"https:\/\/api.w.org\/{rel}","templated":true}]}}