{"id":167034,"date":"2023-04-05T17:39:22","date_gmt":"2023-04-05T15:39:22","guid":{"rendered":"https:\/\/pizbube.ch\/?post_type=product&#038;p=167034"},"modified":"2023-04-05T18:06:55","modified_gmt":"2023-04-05T16:06:55","slug":"klettersteigatlas-alpen","status":"publish","type":"product","link":"https:\/\/pizbube.ch\/en\/shop\/klettersteigatlas-alpen\/","title":{"rendered":"Klettersteigatlas Alpen"},"content":{"rendered":"<p class=\"mt-3\">\u00dcber 1200 Klettersteige zwischen Wienerwald und C\u00f4te d\u2019Azur<\/p>\n<p><span class=\"value\">\u00dcber 1200 Klettersteige \u2013 vom Wienerwald bis zur sonnigen C\u00f4te d\u2019Azur, vom gesicherten Bergpfad bis zum extremen Sportklettersteig! Der \u00bbKlettersteigatlas Alpen\u00ab ist die Standard-\u00dcbersicht \u00fcber die gesicherten Steige und Vie Ferrate im gesamten Alpenbogen.<\/span><\/p>\n<p>Der Klettersteigatlas liefert zu jedem Steig eine Kurzcharakteristik und eine Schwierigkeitsbewertung. Er bietet damit eine schnelle Orientierungshilfe und einfache Vergleichsm\u00f6glichkeiten. Die Auswahl passender Steige wird enorm erleichtert.<br \/>\nZu jedem Steig kommen praktische Infos zu Talorten und Ausgangspunkten, An- und Abstiegszeiten, Einkehr- und Unterkunftsm\u00f6glichkeiten und vielem mehr. Der Routenverlauf wird jeweils kurz umrissen.<\/p>\n<p>Gegliedert sind die Klettersteige nach Gebirgsgruppen, was sie schnell auffindbar macht.<\/p>\n<p>Der Klettersteigatlas enth\u00e4lt zudem die wichtigsten Ausr\u00fcstungs- und Sicherheitstipps und erl\u00e4utert die Schwierigkeitsbewertung von Klettersteigen. Auch die Geschichte des Klettersteiggehens von den Anf\u00e4ngen bis zur freizeitorientierten Erschlie\u00dfung in den letzten Jahrzehnten wird vorgestellt.<\/p>\n<p>Die Autoren Iris K\u00fcrschner und Mark Zahel z\u00e4hlen ohne \u00dcbertreibung zu den absolut besten Kennern der Klettersteige in den Alpen. Die 9. Auflage des renommierten \u00bbKlettersteigatlas Alpen\u00ab haben sie komplett \u00fcberarbeitet und erweitert und liefern so einen umfassenden und aktuellen \u00dcberblick \u00fcber alle Klettersteige der Alpen.<\/p>\n<p>488 Seiten,<br \/>\n9., vollst\u00e4nig \u00fcberarbeitete und erweiterte Auflage 2023<\/p>","protected":false},"excerpt":{"rendered":"<p>\u00dcber 1200 Klettersteige zwischen Wienerwald und C\u00f4te d\u2019Azur \u00dcber 1200 Klettersteige \u2013 vom Wienerwald bis zur sonnigen C\u00f4te d\u2019Azur, vom gesicherten Bergpfad bis zum extremen Sportklettersteig! Der \u00bbKlettersteigatlas Alpen\u00ab ist die Standard-\u00dcbersicht \u00fcber die gesicherten Steige und Vie Ferrate im gesamten Alpenbogen. Der Klettersteigatlas liefert zu jedem Steig eine Kurzcharakteristik und eine Schwierigkeitsbewertung. Er bietet [&#8230;]\n","protected":false},"featured_media":167035,"template":"","meta":[],"product_brand":[],"product_cat":[21544],"product_tag":[],"class_list":{"0":"post-167034","1":"product","2":"type-product","3":"status-publish","4":"has-post-thumbnail","6":"product_cat-fuehrerliteratur-alpin-sommer","7":"pa_autor-kuerschner-zahel","8":"pa_erscheinungsjahr-27129","9":"pa_region-frankreich","10":"pa_region-italien","11":"pa_region-oesterreich","12":"pa_region-schweiz","13":"pa_sprache-de","15":"first","16":"instock","17":"taxable","18":"shipping-taxable","19":"purchasable","20":"product-type-simple"},"_links":{"self":[{"href":"https:\/\/pizbube.ch\/en\/wp-json\/wp\/v2\/product\/167034","targetHints":{"allow":["GET"]}}],"collection":[{"href":"https:\/\/pizbube.ch\/en\/wp-json\/wp\/v2\/product"}],"about":[{"href":"https:\/\/pizbube.ch\/en\/wp-json\/wp\/v2\/types\/product"}],"wp:featuredmedia":[{"embeddable":true,"href":"https:\/\/pizbube.ch\/en\/wp-json\/wp\/v2\/media\/167035"}],"wp:attachment":[{"href":"https:\/\/pizbube.ch\/en\/wp-json\/wp\/v2\/media?parent=167034"}],"wp:term":[{"taxonomy":"product_brand","embeddable":true,"href":"https:\/\/pizbube.ch\/en\/wp-json\/wp\/v2\/product_brand?post=167034"},{"taxonomy":"product_cat","embeddable":true,"href":"https:\/\/pizbube.ch\/en\/wp-json\/wp\/v2\/product_cat?post=167034"},{"taxonomy":"product_tag","embeddable":true,"href":"https:\/\/pizbube.ch\/en\/wp-json\/wp\/v2\/product_tag?post=167034"}],"curies":[{"name":"wp","href":"https:\/\/api.w.org\/{rel}","templated":true}]}}