{"id":167046,"date":"2023-04-06T09:32:31","date_gmt":"2023-04-06T07:32:31","guid":{"rendered":"https:\/\/pizbube.ch\/?post_type=product&#038;p=167046"},"modified":"2025-03-05T09:50:34","modified_gmt":"2025-03-05T08:50:34","slug":"klettern-das-standardwerk","status":"publish","type":"product","link":"https:\/\/pizbube.ch\/en\/shop\/klettern-das-standardwerk\/","title":{"rendered":"KLETTERN &#8211; Das Standardwerk"},"content":{"rendered":"<p><span class=\"value\">\u00bbKlettern \u2013 Das Standardwerk\u00ab behandelt alle Aspekte, die beim Klettern wichtig sind \u2013 ob in der Halle, im Klettergarten oder im Hochgebirge. Dieses fundierte Praxisbuch erl\u00e4utert den aktuellen Stand der Ausr\u00fcstung, vermittelt Klettertechniken und stellt Sicherungstechniken und Trainingsmethoden vor. Vom \u00dcben in der Halle bis zum selbstst\u00e4ndigen Vorstieg im alpinen Gel\u00e4nde: Mit diesen Kenntnissen wird man vom Einsteiger zu K\u00f6nner! <\/span><\/p>\n<p><span class=\"value\">Von der Halle an den Fels \u2013 die Grundlagen: Begehungsstile, Grundausr\u00fcstung, Gebrauch von F\u00fchrern und Topo, Klettervorbereitung<\/span><\/p>\n<p>Klettern im Toprope:<br \/>\nAusr\u00fcstung, Sichern, Seilkommandos, Grundtechniken, Zwischensicherungen<\/p>\n<p>Der Vorstieg: Ausr\u00fcstung, Sicherung, Taktik und St\u00fcrzen<\/p>\n<p>Mehrseill\u00e4ngen-Routen und alpines Klettern: Ausr\u00fcstung, Einbinden, Seilkommandos, Standplatz, Vorsteigen und Abseilen<\/p>\n<p>Sicher wieder runter: Abseilen, Ablassen, F\u00e4deln<\/p>\n<p>Immer besser werden: Klettertechniken, Zwischensicherungen, Bouldern, Trainings- und Kletterspiele<\/p>\n<p>Wissenswertes: Verhalten bei Unf\u00e4llen, Klettern mit Kindern, alpine Gefahrenund Probleme, Checklisten f\u00fcr Ausr\u00fcstung und Material<\/p>\n<p>176 Seiten;<br \/>\n7., aktualisierte Auflage 2022<\/p>","protected":false},"excerpt":{"rendered":"<p>\u00bbKlettern \u2013 Das Standardwerk\u00ab behandelt alle Aspekte, die beim Klettern wichtig sind \u2013 ob in der Halle, im Klettergarten oder im Hochgebirge. Dieses fundierte Praxisbuch erl\u00e4utert den aktuellen Stand der Ausr\u00fcstung, vermittelt Klettertechniken und stellt Sicherungstechniken und Trainingsmethoden vor. Vom \u00dcben in der Halle bis zum selbstst\u00e4ndigen Vorstieg im alpinen Gel\u00e4nde: Mit diesen Kenntnissen wird [&#8230;]\n","protected":false},"featured_media":167047,"template":"","meta":[],"product_brand":[],"product_cat":[21538],"product_tag":[27280],"class_list":{"0":"post-167046","1":"product","2":"type-product","3":"status-publish","4":"has-post-thumbnail","6":"product_cat-lehrbuecher","7":"product_tag-besser-klettern","8":"pa_autor-perwitzschky","9":"pa_erscheinungsjahr-27013","10":"pa_region-klettertechnik","11":"pa_sprache-de","13":"first","14":"instock","15":"taxable","16":"shipping-taxable","17":"purchasable","18":"product-type-simple"},"_links":{"self":[{"href":"https:\/\/pizbube.ch\/en\/wp-json\/wp\/v2\/product\/167046","targetHints":{"allow":["GET"]}}],"collection":[{"href":"https:\/\/pizbube.ch\/en\/wp-json\/wp\/v2\/product"}],"about":[{"href":"https:\/\/pizbube.ch\/en\/wp-json\/wp\/v2\/types\/product"}],"wp:featuredmedia":[{"embeddable":true,"href":"https:\/\/pizbube.ch\/en\/wp-json\/wp\/v2\/media\/167047"}],"wp:attachment":[{"href":"https:\/\/pizbube.ch\/en\/wp-json\/wp\/v2\/media?parent=167046"}],"wp:term":[{"taxonomy":"product_brand","embeddable":true,"href":"https:\/\/pizbube.ch\/en\/wp-json\/wp\/v2\/product_brand?post=167046"},{"taxonomy":"product_cat","embeddable":true,"href":"https:\/\/pizbube.ch\/en\/wp-json\/wp\/v2\/product_cat?post=167046"},{"taxonomy":"product_tag","embeddable":true,"href":"https:\/\/pizbube.ch\/en\/wp-json\/wp\/v2\/product_tag?post=167046"}],"curies":[{"name":"wp","href":"https:\/\/api.w.org\/{rel}","templated":true}]}}