{"id":167051,"date":"2023-04-06T09:58:05","date_gmt":"2023-04-06T07:58:05","guid":{"rendered":"https:\/\/pizbube.ch\/?post_type=product&#038;p=167051"},"modified":"2023-04-20T12:01:35","modified_gmt":"2023-04-20T10:01:35","slug":"innsbruck-rock-sportklettergebiete-in-und-um-innsbruck-im-geographischen-dreieck","status":"publish","type":"product","link":"https:\/\/pizbube.ch\/en\/shop\/innsbruck-rock-sportklettergebiete-in-und-um-innsbruck-im-geographischen-dreieck\/","title":{"rendered":"INNSBRUCK Rock &#8211; Sportklettergebiete in und um Innsbruck im geographischen Dreieck"},"content":{"rendered":"<p>SPORTKLETTERGEBIETE in und um Innsbruck im geographischen Dreieck<br \/>\nHall \u2013 Brenner \u2013 Silz<\/p>\n<p>Innsbruck wird oft auch als Hauptstadt der Alpen bezeichnet, weil die 120.000 Einwohner-Stadt geographisch quasi im Herz der (Ost-) Alpen liegt. Kein Wunder also, dass Bergsportler zum t\u00e4glichen Stra\u00dfenbild geh\u00f6ren: Skifahrer, welche mit ihrer Ski(touren)-Ausr\u00fcstung durch die Innenstadt schlendern sind deswegen ebenso nichts ungew\u00f6hnliches, wie Radfahrer mit vollgepacktem Kletterrucksack. Dass das Sportklettern hier eine lange Tradition hat ist ebenso bekannt, wie dass es im Gro\u00dfraum Innsbruck eine \u00e4u\u00dferst aktive Szene gibt, die nicht nur h\u00e4rteste Routen knackt, sondern auch immer wieder neue Gebiete erschlie\u00dft.<\/p>\n<p>In dem F\u00fchrer werden nicht nur die sch\u00f6nsten oder beliebtesten Kletterg\u00e4rten rund um die Tiroler Landeshauptstadt vorgestellt \u2013 Auswahlf\u00fchrer gibt es schon genug \u2013 sondern es soll vielmehr auch eine Dokumentation des Ist-Standes an Klettergebieten darstellen und somit sind auch etliche neue Gebiete darin enthalten oder welche, wof\u00fcr es seit Jahren schon kein aktuelles Topo mehr gibt.<\/p>\n<p>592 Seiten;<br \/>\n1. Auflage 2023<\/p>","protected":false},"excerpt":{"rendered":"<p>SPORTKLETTERGEBIETE in und um Innsbruck im geographischen Dreieck Hall \u2013 Brenner \u2013 Silz Innsbruck wird oft auch als Hauptstadt der Alpen bezeichnet, weil die 120.000 Einwohner-Stadt geographisch quasi im Herz der (Ost-) Alpen liegt. Kein Wunder also, dass Bergsportler zum t\u00e4glichen Stra\u00dfenbild geh\u00f6ren: Skifahrer, welche mit ihrer Ski(touren)-Ausr\u00fcstung durch die Innenstadt schlendern sind deswegen ebenso [&#8230;]\n","protected":false},"featured_media":167052,"template":"","meta":[],"product_brand":[],"product_cat":[21539],"product_tag":[],"class_list":{"0":"post-167051","1":"product","2":"type-product","3":"status-publish","4":"has-post-thumbnail","6":"product_cat-fuehrerliteratur-sportklettern-bouldern","7":"pa_autor-wuertele","8":"pa_erscheinungsjahr-27129","9":"pa_region-oesterreich","10":"pa_sprache-de","12":"first","13":"instock","14":"taxable","15":"shipping-taxable","16":"purchasable","17":"product-type-simple"},"_links":{"self":[{"href":"https:\/\/pizbube.ch\/en\/wp-json\/wp\/v2\/product\/167051","targetHints":{"allow":["GET"]}}],"collection":[{"href":"https:\/\/pizbube.ch\/en\/wp-json\/wp\/v2\/product"}],"about":[{"href":"https:\/\/pizbube.ch\/en\/wp-json\/wp\/v2\/types\/product"}],"wp:featuredmedia":[{"embeddable":true,"href":"https:\/\/pizbube.ch\/en\/wp-json\/wp\/v2\/media\/167052"}],"wp:attachment":[{"href":"https:\/\/pizbube.ch\/en\/wp-json\/wp\/v2\/media?parent=167051"}],"wp:term":[{"taxonomy":"product_brand","embeddable":true,"href":"https:\/\/pizbube.ch\/en\/wp-json\/wp\/v2\/product_brand?post=167051"},{"taxonomy":"product_cat","embeddable":true,"href":"https:\/\/pizbube.ch\/en\/wp-json\/wp\/v2\/product_cat?post=167051"},{"taxonomy":"product_tag","embeddable":true,"href":"https:\/\/pizbube.ch\/en\/wp-json\/wp\/v2\/product_tag?post=167051"}],"curies":[{"name":"wp","href":"https:\/\/api.w.org\/{rel}","templated":true}]}}