{"id":167063,"date":"2023-04-06T10:45:38","date_gmt":"2023-04-06T08:45:38","guid":{"rendered":"https:\/\/pizbube.ch\/?post_type=product&#038;p=167063"},"modified":"2024-03-21T10:55:01","modified_gmt":"2024-03-21T09:55:01","slug":"verona-rock-klettergaerten","status":"publish","type":"product","link":"https:\/\/pizbube.ch\/en\/shop\/verona-rock-klettergaerten\/","title":{"rendered":"VERONA ROCK &#8211; Kletterg\u00e4rten"},"content":{"rendered":"<p>Kletterg\u00e4rten zwischen Gardasee und Monti Lessini<\/p>\n<p>Kletterg\u00e4rten zwischen Gardasee, Monte Baldo, Etschtal, Valpolicella, Valpantena und Monti Lessini<\/p>\n<p>VERONA ROCK\u00a0Kletterg\u00e4rten ist aus dem Kletterf\u00fchrer MONTE BALDO Rock hervorgegangen. Durchdrungen von dem Wunsch, zu bewerkstelligen, was die vorherigen Autoren vergeblich versucht hatten, kam Giovanni Avesani, Massimo Bursi, Fabio De Marchi, Claudio Migliorini, Diego Perotti, Giuseppe Vidali und Nicola Zorzi zugute, dass viele aktive Erschlie\u00dfer und Klet- terer tatkr\u00e4ftige ideelle Unterst\u00fctzung leisteten. Durch diese Synergien konnte nun endlich ein umfassender F\u00fchrer \u00fcber die Sportkletterm\u00f6glichkeiten in der Region Verona realisiert werden.<\/p>\n<p>VERONA ROCK Kletterg\u00e4rten\u00a0ist daher nicht nur eine vollst\u00e4ndige und klare Beschreibung aller bekanntesten St\u00e4tten wie dem historischen Ceredo und Sengio Rosso, sondern auch wichtiger neuer Merkmale sowie Klippen, die weniger bekannt oder ausschlie\u00dflich von lokalen Kletterern bekannt sind. Sehr eindrucksvolle Naturumgebungen wie die Etschschlucht oder die Lessini-Berge neben den Kleinen Dolomiten umrahmen eine gro\u00dfe Vielfalt an W\u00e4nden, die von schiefen Platten bis zu starken \u00dcberh\u00e4ngen reichen.<\/p>\n<p>Die beste Zeit zum Klettern ist zweifellos die Zwischensaison, aber die F\u00fclle an W\u00e4nden mit g\u00fcnstigen Expositionen erm\u00f6glicht das Klettern das ganze Jahr \u00fcber.<\/p>\n<p>320 Seiten;<br \/>\n1. Auflage 2023<\/p>","protected":false},"excerpt":{"rendered":"<p>Kletterg\u00e4rten zwischen Gardasee und Monti Lessini Kletterg\u00e4rten zwischen Gardasee, Monte Baldo, Etschtal, Valpolicella, Valpantena und Monti Lessini VERONA ROCK\u00a0Kletterg\u00e4rten ist aus dem Kletterf\u00fchrer MONTE BALDO Rock hervorgegangen. Durchdrungen von dem Wunsch, zu bewerkstelligen, was die vorherigen Autoren vergeblich versucht hatten, kam Giovanni Avesani, Massimo Bursi, Fabio De Marchi, Claudio Migliorini, Diego Perotti, Giuseppe Vidali und [&#8230;]\n","protected":false},"featured_media":167064,"template":"","meta":[],"product_brand":[],"product_cat":[21539],"product_tag":[],"class_list":{"0":"post-167063","1":"product","2":"type-product","3":"status-publish","4":"has-post-thumbnail","6":"product_cat-fuehrerliteratur-sportklettern-bouldern","7":"pa_autor-avesani-et-alt-veroneser-kletterer","8":"pa_erscheinungsjahr-27129","9":"pa_region-italien","10":"pa_sprache-de","12":"first","13":"instock","14":"taxable","15":"shipping-taxable","16":"purchasable","17":"product-type-simple"},"_links":{"self":[{"href":"https:\/\/pizbube.ch\/en\/wp-json\/wp\/v2\/product\/167063","targetHints":{"allow":["GET"]}}],"collection":[{"href":"https:\/\/pizbube.ch\/en\/wp-json\/wp\/v2\/product"}],"about":[{"href":"https:\/\/pizbube.ch\/en\/wp-json\/wp\/v2\/types\/product"}],"wp:featuredmedia":[{"embeddable":true,"href":"https:\/\/pizbube.ch\/en\/wp-json\/wp\/v2\/media\/167064"}],"wp:attachment":[{"href":"https:\/\/pizbube.ch\/en\/wp-json\/wp\/v2\/media?parent=167063"}],"wp:term":[{"taxonomy":"product_brand","embeddable":true,"href":"https:\/\/pizbube.ch\/en\/wp-json\/wp\/v2\/product_brand?post=167063"},{"taxonomy":"product_cat","embeddable":true,"href":"https:\/\/pizbube.ch\/en\/wp-json\/wp\/v2\/product_cat?post=167063"},{"taxonomy":"product_tag","embeddable":true,"href":"https:\/\/pizbube.ch\/en\/wp-json\/wp\/v2\/product_tag?post=167063"}],"curies":[{"name":"wp","href":"https:\/\/api.w.org\/{rel}","templated":true}]}}