{"id":167138,"date":"2023-04-12T15:12:56","date_gmt":"2023-04-12T13:12:56","guid":{"rendered":"https:\/\/pizbube.ch\/?post_type=product&#038;p=167138"},"modified":"2023-04-12T16:17:52","modified_gmt":"2023-04-12T14:17:52","slug":"la-bible-de-lescalade-exercices-pratiques","status":"publish","type":"product","link":"https:\/\/pizbube.ch\/en\/shop\/la-bible-de-lescalade-exercices-pratiques\/","title":{"rendered":"La bible de l&#8217;escalade &#8211; Exercices pratiques"},"content":{"rendered":"<p>La Bible de l\u2019escalade: exercices pratiques de Martin Mobr\u00e5ten et Stian Christophersen est un recueil d\u2019exercices sp\u00e9cialement con\u00e7us pour vous aider \u00e0 travailler la technique et la force pour progresser en escalade. Apr\u00e8s deux d\u00e9cennies d\u2019escalade, d\u2019entra\u00eenement et de coaching, les auteurs ont constitu\u00e9 une \u00e9norme biblioth\u00e8que d\u2019exercices. Dans ce livre, ils en partagent un grand nombre avec vous.<\/p>\n<p>La premi\u00e8re section se concentre sur la technique, en mettant l\u2019accent sur le jeu de pieds, les positions de prise, l\u2019\u00e9quilibre, la direction de la force et la dynamique, entre autres choses. La deuxi\u00e8me section propose des exercices pour vous aider \u00e0 d\u00e9velopper la force et la puissance &#8211; avec des exercices sur mur, des exercices de force des doigts sur la planche d\u2019entra\u00eenement, des exercices pour les bras, etc.<\/p>\n<p>Une section destin\u00e9e pour les enfants est \u00e9galement incluse pour aider les parents et les entra\u00eeneurs \u00e0 cr\u00e9er de superbes s\u00e9ances adress\u00e9es aux jeunes grimpeurs. Ce chapitre pr\u00e9sente des jeux, des exercices techniques et des id\u00e9es d\u2019entra\u00eenement physique pour les enfants.<\/p>\n<p><em>La bible de l&#8217;escalade, exercices pratiques est u<\/em>n compl\u00e9ment au livre<strong><a href=\"https:\/\/pizbube.ch\/en\/shop\/la-bible-de-lescalade\/\"><em> La Bible de l\u2019escalade<\/em>,<\/a> <\/strong>l\u2019un des livres les plus complets du march\u00e9 fran\u00e7ais sur l\u2019entra\u00eenement en escalade sportive.<\/p>","protected":false},"excerpt":{"rendered":"<p>La Bible de l\u2019escalade: exercices pratiques de Martin Mobr\u00e5ten et Stian Christophersen est un recueil d\u2019exercices sp\u00e9cialement con\u00e7us pour vous aider \u00e0 travailler la technique et la force pour progresser en escalade. Apr\u00e8s deux d\u00e9cennies d\u2019escalade, d\u2019entra\u00eenement et de coaching, les auteurs ont constitu\u00e9 une \u00e9norme biblioth\u00e8que d\u2019exercices. Dans ce livre, ils en partagent un [&#8230;]\n","protected":false},"featured_media":167139,"template":"","meta":[],"product_brand":[],"product_cat":[21538],"product_tag":[],"class_list":{"0":"post-167138","1":"product","2":"type-product","3":"status-publish","4":"has-post-thumbnail","6":"product_cat-lehrbuecher","7":"pa_autor-mobraten-christophersen","8":"pa_erscheinungsjahr-27129","9":"pa_region-frankreich","10":"pa_region-klettertechnik","11":"pa_sprache-fr","13":"first","14":"instock","15":"taxable","16":"shipping-taxable","17":"purchasable","18":"product-type-simple"},"_links":{"self":[{"href":"https:\/\/pizbube.ch\/en\/wp-json\/wp\/v2\/product\/167138","targetHints":{"allow":["GET"]}}],"collection":[{"href":"https:\/\/pizbube.ch\/en\/wp-json\/wp\/v2\/product"}],"about":[{"href":"https:\/\/pizbube.ch\/en\/wp-json\/wp\/v2\/types\/product"}],"wp:featuredmedia":[{"embeddable":true,"href":"https:\/\/pizbube.ch\/en\/wp-json\/wp\/v2\/media\/167139"}],"wp:attachment":[{"href":"https:\/\/pizbube.ch\/en\/wp-json\/wp\/v2\/media?parent=167138"}],"wp:term":[{"taxonomy":"product_brand","embeddable":true,"href":"https:\/\/pizbube.ch\/en\/wp-json\/wp\/v2\/product_brand?post=167138"},{"taxonomy":"product_cat","embeddable":true,"href":"https:\/\/pizbube.ch\/en\/wp-json\/wp\/v2\/product_cat?post=167138"},{"taxonomy":"product_tag","embeddable":true,"href":"https:\/\/pizbube.ch\/en\/wp-json\/wp\/v2\/product_tag?post=167138"}],"curies":[{"name":"wp","href":"https:\/\/api.w.org\/{rel}","templated":true}]}}