{"id":167173,"date":"2023-04-14T10:13:25","date_gmt":"2023-04-14T08:13:25","guid":{"rendered":"https:\/\/pizbube.ch\/?post_type=product&#038;p=167173"},"modified":"2023-04-14T10:13:26","modified_gmt":"2023-04-14T08:13:26","slug":"burner-climbing-spielformen-fuer-vertikale-action","status":"publish","type":"product","link":"https:\/\/pizbube.ch\/en\/shop\/burner-climbing-spielformen-fuer-vertikale-action\/","title":{"rendered":"burner climbing &#8211; Spielformen f\u00fcr vertikale Action"},"content":{"rendered":"<p>Ein Buch f\u00fcr alle Unterrichtenden, die sich gerne in dieser vielf\u00e4ltigen Sportart vertiefen m\u00f6chten.<\/p>\n<p>Mit diesem Lehrmittel ist es ein Leichtes, eine Lektion zu planen, zu strukturieren und umzusetzen. Die Bewegungs- und Lernaufgaben sind einfach zu organisieren und zu leiten. Der Entwicklungsprozess der Teilnehmenden und das Erlebnis stehen dabei im Zentrum.<\/p>\n<p>Sportklettern liegt im Trend. Menschen jeden Alters entdecken die Sportart f\u00fcr sich und in den St\u00e4dten gibt es j\u00e4hrlich neue Kletter- und Boulderhallen. Entsprechend ist die Ausbildung der Lehrpersonen in diesem Bereich sehr wichtig und im au\u00dferschulischen Bereich sind kompetente Leiter*innen gefragt.<\/p>\n<p>Dieses Lehrmittel erm\u00f6glicht durch einfach verst\u00e4ndliche Bewegungs- und Lernaufgaben einen Einstieg f\u00fcr alle Lehrpersonen und Leiter*innen in dem Bereich des Sportkletterns. Hierbei wird auf spielerische Formen gesetzt, um die Motivation der Sch\u00fcler*innen oder Kursteilnehmenden zu wecken und hochzuhalten.<\/p>\n<p>Die vielf\u00e4ltigen Bewegungs- und Lernaufgaben sind im praktischen Kurs- und Unterrichtsalltag entstanden, inspiriert durch verschiedenste Quellen. Mit unseren Kompetenzen im Klettern, Fachdidaktik Sport, Sportwissenschaft und Psychologie werden verschiedene Zug\u00e4nge ber\u00fccksichtigt und mehrperspektivisch verschiedene Aspekte n\u00e4her beleuchtet, die zum Gelingen der Umsetzung des Sportkletterns im Unterricht beitragen.<\/p>\n<p>DIN A5, 82 Seiten;<br \/>\n1. Auflage 2022<\/p>","protected":false},"excerpt":{"rendered":"<p>Ein Buch f\u00fcr alle Unterrichtenden, die sich gerne in dieser vielf\u00e4ltigen Sportart vertiefen m\u00f6chten. Mit diesem Lehrmittel ist es ein Leichtes, eine Lektion zu planen, zu strukturieren und umzusetzen. Die Bewegungs- und Lernaufgaben sind einfach zu organisieren und zu leiten. Der Entwicklungsprozess der Teilnehmenden und das Erlebnis stehen dabei im Zentrum. Sportklettern liegt im Trend. [&#8230;]\n","protected":false},"featured_media":167174,"template":"","meta":[],"product_brand":[],"product_cat":[21538,21542],"product_tag":[],"class_list":{"0":"post-167173","1":"product","2":"type-product","3":"status-publish","4":"has-post-thumbnail","6":"product_cat-lehrbuecher","7":"product_cat-sachbuecher-dokumentationen","8":"pa_autor-catillaz-biller","9":"pa_erscheinungsjahr-27013","10":"pa_region-klettertechnik","11":"pa_region-schweiz","12":"pa_sprache-de","14":"first","15":"instock","16":"taxable","17":"shipping-taxable","18":"purchasable","19":"product-type-simple"},"_links":{"self":[{"href":"https:\/\/pizbube.ch\/en\/wp-json\/wp\/v2\/product\/167173","targetHints":{"allow":["GET"]}}],"collection":[{"href":"https:\/\/pizbube.ch\/en\/wp-json\/wp\/v2\/product"}],"about":[{"href":"https:\/\/pizbube.ch\/en\/wp-json\/wp\/v2\/types\/product"}],"wp:featuredmedia":[{"embeddable":true,"href":"https:\/\/pizbube.ch\/en\/wp-json\/wp\/v2\/media\/167174"}],"wp:attachment":[{"href":"https:\/\/pizbube.ch\/en\/wp-json\/wp\/v2\/media?parent=167173"}],"wp:term":[{"taxonomy":"product_brand","embeddable":true,"href":"https:\/\/pizbube.ch\/en\/wp-json\/wp\/v2\/product_brand?post=167173"},{"taxonomy":"product_cat","embeddable":true,"href":"https:\/\/pizbube.ch\/en\/wp-json\/wp\/v2\/product_cat?post=167173"},{"taxonomy":"product_tag","embeddable":true,"href":"https:\/\/pizbube.ch\/en\/wp-json\/wp\/v2\/product_tag?post=167173"}],"curies":[{"name":"wp","href":"https:\/\/api.w.org\/{rel}","templated":true}]}}