{"id":167195,"date":"2023-04-15T14:57:46","date_gmt":"2023-04-15T12:57:46","guid":{"rendered":"https:\/\/pizbube.ch\/?post_type=product&#038;p=167195"},"modified":"2025-08-19T08:59:20","modified_gmt":"2025-08-19T06:59:20","slug":"kletterfuehrer-alpen-band-iv","status":"publish","type":"product","link":"https:\/\/pizbube.ch\/en\/shop\/kletterfuehrer-alpen-band-iv\/","title":{"rendered":"Kletterf\u00fchrer Alpen Band 4"},"content":{"rendered":"<p class=\"fn\">Kletterf\u00fchrer Alpen Band 4<\/p>\n<div id=\"cc-shop-product-desc-text-13338331931\" class=\"description\">\n<p>\u00dcbersichtlicher Auswahlf\u00fchrer mit 280 Genuss- und Plaisirtouren auf 560 Seiten aus den sch\u00f6nsten Klettergebieten der Alpen<br \/>\nSchwerpunkte: V.-VI. Grad; kurze Zustiege; gute Absicherung oder Absicherbarkeit; hervorragende Felsqualit\u00e4t<br \/>\nAusnahmslos selbst recherchiert; durchgehend farbig; Hardcover mit Fadenheftung<\/p>\n<p>Gebiete:<br \/>\nNEU: Paklenica; Valle dell&#8216; Orco, Aosta und Seitent\u00e4ler<br \/>\nVerdon: 45 brandneue, moderne Touren<br \/>\nMeeralpen: F\u00fcr Perlentaucher und Rosinenpicker<br \/>\nZentralschweiz: Saniertes und Modernes<br \/>\nDolomiten: Moderne, vern\u00fcnftig abgesicherte Routen<br \/>\nDauphin\u00e9: Wo es wirklich Plaisir gibt, mit Sonnengarantie<\/p>\n<p>560 Seiten,<br \/>\n1. Auflage 2023<\/p>\n<\/div>","protected":false},"excerpt":{"rendered":"<p>Kletterf\u00fchrer Alpen Band 4 \u00dcbersichtlicher Auswahlf\u00fchrer mit 280 Genuss- und Plaisirtouren auf 560 Seiten aus den sch\u00f6nsten Klettergebieten der Alpen Schwerpunkte: V.-VI. Grad; kurze Zustiege; gute Absicherung oder Absicherbarkeit; hervorragende Felsqualit\u00e4t Ausnahmslos selbst recherchiert; durchgehend farbig; Hardcover mit Fadenheftung Gebiete: NEU: Paklenica; Valle dell&#8216; Orco, Aosta und Seitent\u00e4ler Verdon: 45 brandneue, moderne Touren Meeralpen: F\u00fcr [&#8230;]\n","protected":false},"featured_media":167196,"template":"","meta":[],"product_brand":[],"product_cat":[21539],"product_tag":[27268,27269],"class_list":{"0":"post-167195","1":"product","2":"type-product","3":"status-publish","4":"has-post-thumbnail","6":"product_cat-fuehrerliteratur-sportklettern-bouldern","7":"product_tag-kletterfuehrer-alpen-band-iv","8":"product_tag-topoguide-de","9":"pa_autor-luzar-roth","10":"pa_erscheinungsjahr-27129","11":"pa_region-frankreich","12":"pa_region-italien","13":"pa_region-schweiz","14":"pa_sprache-de","16":"first","17":"onbackorder","18":"taxable","19":"shipping-taxable","20":"purchasable","21":"product-type-simple"},"_links":{"self":[{"href":"https:\/\/pizbube.ch\/en\/wp-json\/wp\/v2\/product\/167195","targetHints":{"allow":["GET"]}}],"collection":[{"href":"https:\/\/pizbube.ch\/en\/wp-json\/wp\/v2\/product"}],"about":[{"href":"https:\/\/pizbube.ch\/en\/wp-json\/wp\/v2\/types\/product"}],"wp:featuredmedia":[{"embeddable":true,"href":"https:\/\/pizbube.ch\/en\/wp-json\/wp\/v2\/media\/167196"}],"wp:attachment":[{"href":"https:\/\/pizbube.ch\/en\/wp-json\/wp\/v2\/media?parent=167195"}],"wp:term":[{"taxonomy":"product_brand","embeddable":true,"href":"https:\/\/pizbube.ch\/en\/wp-json\/wp\/v2\/product_brand?post=167195"},{"taxonomy":"product_cat","embeddable":true,"href":"https:\/\/pizbube.ch\/en\/wp-json\/wp\/v2\/product_cat?post=167195"},{"taxonomy":"product_tag","embeddable":true,"href":"https:\/\/pizbube.ch\/en\/wp-json\/wp\/v2\/product_tag?post=167195"}],"curies":[{"name":"wp","href":"https:\/\/api.w.org\/{rel}","templated":true}]}}