{"id":167263,"date":"2023-04-21T08:44:33","date_gmt":"2023-04-21T06:44:33","guid":{"rendered":"https:\/\/pizbube.ch\/?post_type=product&#038;p=167263"},"modified":"2024-08-30T16:14:51","modified_gmt":"2024-08-30T14:14:51","slug":"magic-wood-bloc","status":"publish","type":"product","link":"https:\/\/pizbube.ch\/en\/shop\/magic-wood-bloc\/","title":{"rendered":"Magic Wood &#8211; Bloc"},"content":{"rendered":"<p>Bouldertopo Averstal<\/p>\n<p>Das Standardwerk f\u00fcr das beliebteste Bouldergebiet des zentralen Alpenraums der Schweiz &#8211; komplett \u00fcberarbeitet und deutlich erweitert.<\/p>\n<p>Wiederum wurde das Bouldergeschehen der letzten Jahre akribisch recherchiert, alte Informationen \u00a0\u00fcberarbeitet und die &#171;Datenbank&#187; der Boulderprobleme im Wald wieder deutlich erweitert. Dazu hat das Autorenteam bei vielen Besuchen des Gebietes in den letzten Jahren das Blockfeld wiederum mehrfach durchk\u00e4mmt, viele in Vergessenheit geratene Probleme wieder entdeckt und oft mit einigem Aufwand reaktiviert. In diesem Zuge entstanden auch zahlreiche Erstbegehungen. Genauso umf\u00e4nglich wurde das Bouldergeschehen der j\u00fcngsten Zeit auch mithilfe der ortsans\u00e4ssigen Gebiets-Spezialisten auf einen topaktuellen Stand gebracht.<\/p>\n<p>Ca. 240 neue Boulderprobleme kommen in dieser Auflage dazu, so dass nun \u00fcber 1450 Linien im Magischen Wald beschrieben werden. Auch im oberen Schwierigkeitssegment ab 7c+\/8a bis 8c sind wieder ca. 50 neue Probleme zu verzeichnen.<\/p>\n<p>Das Buch ist vollgepackt mit praktischen Details und jeder Menge Information, damit der Aufenthalt im Gebiet m\u00f6glichst unkompliziert wird:<\/p>\n<ul>\n<li>Extrem hilfreich ist ein Index aller Boulderprobleme, mit dem schnell und effizient einzelne Probleme im Buch aufgesp\u00fcrt werden k\u00f6nnen.<\/li>\n<li>Die beiden Umschlagklappen k\u00f6nnen hervorragend als Lesezeichen benutzt werden, so dass das Buch immer blitzschnell an der Seite markiert werden kann, wo man sich aktuell befindet.<\/li>\n<\/ul>\n<p>Mit dem Kauf eines Exemplares des Buches wird auch jedesmal die Arbeit der IG Magic Wood finanziell unterst\u00fctzt, die sich in vorbildlicher Weise um den Erhalt des Gebiets k\u00fcmmert.<\/p>\n<p>&nbsp;<\/p>\n<p>&nbsp;<\/p>\n<p><span class=\"txt_e\">The standard for the most popular bouldering area in the central Alpine region of Switzerland &#8211; completely revised and significantly enhanced.<\/span><\/p>\n<p><span class=\"txt_e\">Again the bouldering goings-on have been meticulously researched, old information was revised and the number of problems in the &#171;database&#187; for\u00a0the forest was\u00a0strikingly increased. For that the authors combed the woods for many days, numerous forgotten problems have been rediscovered and often reactivated with a lot of effort. Equally extensive the bouldering goings-on of the latest days were thoroughly updated also with the help of local climbers.<\/span><\/p>\n<p><span class=\"txt_e\">About 240 new problems will be added to this edition, now more than 1450 lines will be described in the\u00a0Magic Wood. Also in the upper grades starting from 7c+\/8a up to 8c about 50 new problems could be recorded.<\/span><\/p>\n<p><span class=\"txt_e\">The book is packed with functional details and a lot of information hence\u00a0the stay in the area becomes easy and straightforward:<\/span><\/p>\n<ul>\n<li><span class=\"txt_e\">Extremely helpful is an index of all problems. With this it&#8217;s possible to locate\u00a0specific problems inside the book very fast and efficiently.<\/span><\/li>\n<li><span class=\"txt_e\">The 2 flaps of the cover can be used perfectly as book marks. Such the book can be marked super fast at the page where you are staying at the moment.<\/span><\/li>\n<\/ul>\n<p><span class=\"txt_e\">With the purchase of a copy of that book each time the work of the IG Magic Wood, which cares exemplary about the preservation of the area, is financially supported.<\/span><\/p>","protected":false},"excerpt":{"rendered":"<p>Bouldertopo Averstal Das Standardwerk f\u00fcr das beliebteste Bouldergebiet des zentralen Alpenraums der Schweiz &#8211; komplett \u00fcberarbeitet und deutlich erweitert. Wiederum wurde das Bouldergeschehen der letzten Jahre akribisch recherchiert, alte Informationen \u00a0\u00fcberarbeitet und die &#171;Datenbank&#187; der Boulderprobleme im Wald wieder deutlich erweitert. Dazu hat das Autorenteam bei vielen Besuchen des Gebietes in den letzten Jahren das [&#8230;]\n","protected":false},"featured_media":167264,"template":"","meta":[],"product_brand":[],"product_cat":[21539],"product_tag":[27273,27272],"class_list":{"0":"post-167263","1":"product","2":"type-product","3":"status-publish","4":"has-post-thumbnail","6":"product_cat-fuehrerliteratur-sportklettern-bouldern","7":"product_tag-magic-wood","8":"product_tag-magicwood","9":"pa_autor-roeker","10":"pa_erscheinungsjahr-27129","11":"pa_region-schweiz","12":"pa_sprache-de-en","14":"first","15":"instock","16":"taxable","17":"shipping-taxable","18":"purchasable","19":"product-type-simple"},"_links":{"self":[{"href":"https:\/\/pizbube.ch\/en\/wp-json\/wp\/v2\/product\/167263","targetHints":{"allow":["GET"]}}],"collection":[{"href":"https:\/\/pizbube.ch\/en\/wp-json\/wp\/v2\/product"}],"about":[{"href":"https:\/\/pizbube.ch\/en\/wp-json\/wp\/v2\/types\/product"}],"wp:featuredmedia":[{"embeddable":true,"href":"https:\/\/pizbube.ch\/en\/wp-json\/wp\/v2\/media\/167264"}],"wp:attachment":[{"href":"https:\/\/pizbube.ch\/en\/wp-json\/wp\/v2\/media?parent=167263"}],"wp:term":[{"taxonomy":"product_brand","embeddable":true,"href":"https:\/\/pizbube.ch\/en\/wp-json\/wp\/v2\/product_brand?post=167263"},{"taxonomy":"product_cat","embeddable":true,"href":"https:\/\/pizbube.ch\/en\/wp-json\/wp\/v2\/product_cat?post=167263"},{"taxonomy":"product_tag","embeddable":true,"href":"https:\/\/pizbube.ch\/en\/wp-json\/wp\/v2\/product_tag?post=167263"}],"curies":[{"name":"wp","href":"https:\/\/api.w.org\/{rel}","templated":true}]}}