{"id":167269,"date":"2023-04-21T09:38:18","date_gmt":"2023-04-21T07:38:18","guid":{"rendered":"https:\/\/pizbube.ch\/?post_type=product&#038;p=167269"},"modified":"2023-04-21T09:57:06","modified_gmt":"2023-04-21T07:57:06","slug":"der-unendliche-gipfel","status":"publish","type":"product","link":"https:\/\/pizbube.ch\/en\/shop\/der-unendliche-gipfel\/","title":{"rendered":"Der Unendliche Gipfel"},"content":{"rendered":"<p>Der Tag, an dem Walter Welzenbach seinen ersten Berg bestieg, sollte sein ganzes Leben bestimmen: Nie wieder w\u00fcrde er etwas anderes wollen. Jetzt steht er auf seinem letzten Gipfel, der 8188 Meter hoch ist, und blickt auf seine Einsamkeit.<\/p>\n<p><em>Der unendliche Gipfel<\/em> ist die atemberaubende Geschichte der Bergsteigerfreunde Lenny und Walter, die in den Alpen und im Himalaja ihre Tr\u00e4ume verfolgen und dabei ihr Schicksal besiegeln. Sie tragen die Geschichten der gro\u00dfen Alpinisten mit sich und suchen gemeinsam einen Weg, Geschichte zu schreiben. Aber in der d\u00fcnnen Luft gelten andere Gesetze.<\/p>\n<p>Zehn Jahre nach der Ver\u00f6ffentlichung seines gefeierten Bestsellers <em>Irrfahrt<\/em> entf\u00fchrt Toine Heijmans die Leser*innen erneut in eine unerbittliche Welt, mit einem Roman \u00fcber Freiheit und Freundschaft, St\u00fcrme und Lawinen und die Folgen radikaler Entscheidungen. Was die Berge dem Menschen antun und was der Mensch den Bergen antut, darum geht es.<\/p>\n<p>Der Roman wurde 2022 mit dem niederl\u00e4ndischen <em>Boekhandelsprijs<\/em> ausgezeichnet, einem der wichtigsten Preise des Landes.<br \/>\nAus dem Niederl\u00e4ndischen von Ruth L\u00f6bner.<\/p>\n<p><span class=\"value\">352 Seiten<\/span><\/p>","protected":false},"excerpt":{"rendered":"<p><span class=\"value\"><strong><a href=\"https:\/\/pizbube.ch\/wp-content\/uploads\/2023\/04\/Leseprobe_Der_unendliche_Gipfel.pdf\" target=\"_blank\" rel=\"noopener\">Leseprobe_Der_unendliche_Gipfel<\/a><\/strong><br \/>\n<\/span><\/p>","protected":false},"featured_media":167270,"template":"","meta":[],"product_brand":[],"product_cat":[21629],"product_tag":[],"class_list":{"0":"post-167269","1":"product","2":"type-product","3":"status-publish","4":"has-post-thumbnail","6":"product_cat-belletristik","7":"pa_autor-heijmans","8":"pa_erscheinungsjahr-27129","9":"pa_region-deutschland","10":"pa_sprache-de","12":"first","13":"instock","14":"taxable","15":"shipping-taxable","16":"purchasable","17":"product-type-simple"},"_links":{"self":[{"href":"https:\/\/pizbube.ch\/en\/wp-json\/wp\/v2\/product\/167269","targetHints":{"allow":["GET"]}}],"collection":[{"href":"https:\/\/pizbube.ch\/en\/wp-json\/wp\/v2\/product"}],"about":[{"href":"https:\/\/pizbube.ch\/en\/wp-json\/wp\/v2\/types\/product"}],"wp:featuredmedia":[{"embeddable":true,"href":"https:\/\/pizbube.ch\/en\/wp-json\/wp\/v2\/media\/167270"}],"wp:attachment":[{"href":"https:\/\/pizbube.ch\/en\/wp-json\/wp\/v2\/media?parent=167269"}],"wp:term":[{"taxonomy":"product_brand","embeddable":true,"href":"https:\/\/pizbube.ch\/en\/wp-json\/wp\/v2\/product_brand?post=167269"},{"taxonomy":"product_cat","embeddable":true,"href":"https:\/\/pizbube.ch\/en\/wp-json\/wp\/v2\/product_cat?post=167269"},{"taxonomy":"product_tag","embeddable":true,"href":"https:\/\/pizbube.ch\/en\/wp-json\/wp\/v2\/product_tag?post=167269"}],"curies":[{"name":"wp","href":"https:\/\/api.w.org\/{rel}","templated":true}]}}