{"id":167273,"date":"2023-04-21T09:57:09","date_gmt":"2023-04-21T07:57:09","guid":{"rendered":"https:\/\/pizbube.ch\/?post_type=product&#038;p=167273"},"modified":"2023-04-21T10:13:07","modified_gmt":"2023-04-21T08:13:07","slug":"berge-sehen-berge-verstehen","status":"publish","type":"product","link":"https:\/\/pizbube.ch\/en\/shop\/berge-sehen-berge-verstehen\/","title":{"rendered":"Berge sehen \u2013 Berge verstehen"},"content":{"rendered":"<p>PANORAMEN \u2013 HANDGEZEICHNETE MEISTERWERKE und subjektive Landschaftsdarstellung.<br \/>\nEine erkl\u00e4rende Gegen\u00fcberstellung von: Panoramen, Karten und Fotografien.<\/p>\n<section class=\"elementor-section elementor-top-section elementor-element elementor-element-7f6b696 elementor-section-boxed elementor-section-height-default elementor-section-height-default\" data-id=\"7f6b696\" data-element_type=\"section\">\n<div class=\"elementor-container elementor-column-gap-default\">\n<div class=\"elementor-row\">\n<div class=\"elementor-column elementor-col-100 elementor-top-column elementor-element elementor-element-62e799a\" data-id=\"62e799a\" data-element_type=\"column\">\n<div class=\"elementor-column-wrap elementor-element-populated\">\n<div class=\"elementor-widget-wrap\">\n<div class=\"elementor-element elementor-element-06611a2 elementor-widget elementor-widget-heading\" data-id=\"06611a2\" data-element_type=\"widget\" data-widget_type=\"heading.default\">\n<div class=\"elementor-widget-container\">\n<p class=\"elementor-heading-title elementor-size-default\">Eine Wirklichkeit: Drei Ans\u00e4tze sie darzustellen &#8230;<\/p>\n<\/div>\n<\/div>\n<div class=\"elementor-element elementor-element-ffa6fe7 elementor-widget elementor-widget-text-editor\" data-id=\"ffa6fe7\" data-element_type=\"widget\" data-widget_type=\"text-editor.default\">\n<div class=\"elementor-widget-container\">\n<div class=\"elementor-text-editor elementor-clearfix\">\n<p>Die Natur abzubilden und dabei begreifbar zu machen, fasziniert uns Menschen mit dem Entdeckergeist, der in uns wohnt. KartografInnen, FotografInnen und PanoramamalerInnen \u2013 haben unterschiedliche Techniken daf\u00fcr. Technisch, subjektiv oder zum Teil k\u00fcnstlerisch verspielt ist jede Darstellung immer eine Interpretation dessen, was man zeigen will. In dem Bildband wird zu jeder Region immer eine Gegen\u00fcberstellung von Panorama, Karte und Foto gezeigt. Abgerundet wird die Zusammenstellung mit erkl\u00e4renden Texten zu den Landschaftsformen und der Entstehung der Berge. Der Bildband mit einer Sammlung an Panoramen und Fotografien ist ein Tribut an die Sch\u00f6nheit der Berglandschaft des Alpenraumes. Diese Sch\u00f6nheit nicht nur zu sch\u00e4tzen, sondern auch ein St\u00fcck weit begreifbar zu machen ist der verhei\u00dfungsvolle Anspruch des Buches.<\/p>\n<\/div>\n<\/div>\n<\/div>\n<\/div>\n<\/div>\n<\/div>\n<\/div>\n<\/div>\n<\/section>\n<p>Mit der Technik der Panoramamalerei, Kartografie und Fotografie haben Menschen versucht, die Welt darzustellen und begreifbar zu machen. Der Bildband stellt die drei Techniken gegen\u00fcber und erkl\u00e4rt mit fundiertem Wissen die Entstehung der Landschaften. Von den bekannten Dolomiten bis zu den Weinbergen vor Wien werden augenscheinliche Formen erkl\u00e4rt.<\/p>\n<p>Ein Buch das viele Fragen beantwortet und dabei noch grandiose Panoramen vereint.<\/p>\n<p>272 Seiten;<br \/>\n<span class=\"value\">Breite 222 mm, H\u00f6he 271 mm, Dicke 28 mm<\/span><br \/>\n1. Auflage 2022<\/p>","protected":false},"excerpt":{"rendered":"<p>PANORAMEN \u2013 HANDGEZEICHNETE MEISTERWERKE und subjektive Landschaftsdarstellung. Eine erkl\u00e4rende Gegen\u00fcberstellung von: Panoramen, Karten und Fotografien. Eine Wirklichkeit: Drei Ans\u00e4tze sie darzustellen &#8230; Die Natur abzubilden und dabei begreifbar zu machen, fasziniert uns Menschen mit dem Entdeckergeist, der in uns wohnt. KartografInnen, FotografInnen und PanoramamalerInnen \u2013 haben unterschiedliche Techniken daf\u00fcr. Technisch, subjektiv oder zum Teil k\u00fcnstlerisch [&#8230;]\n","protected":false},"featured_media":167274,"template":"","meta":[],"product_brand":[],"product_cat":[21542],"product_tag":[],"class_list":{"0":"post-167273","1":"product","2":"type-product","3":"status-publish","4":"has-post-thumbnail","6":"product_cat-sachbuecher-dokumentationen","7":"pa_autor-kompass-karten-gmbh-hrsg","8":"pa_erscheinungsjahr-27013","9":"pa_region-italien","10":"pa_region-oesterreich","11":"pa_region-schweiz","12":"pa_sprache-de","14":"first","15":"instock","16":"taxable","17":"shipping-taxable","18":"purchasable","19":"product-type-simple"},"_links":{"self":[{"href":"https:\/\/pizbube.ch\/en\/wp-json\/wp\/v2\/product\/167273","targetHints":{"allow":["GET"]}}],"collection":[{"href":"https:\/\/pizbube.ch\/en\/wp-json\/wp\/v2\/product"}],"about":[{"href":"https:\/\/pizbube.ch\/en\/wp-json\/wp\/v2\/types\/product"}],"wp:featuredmedia":[{"embeddable":true,"href":"https:\/\/pizbube.ch\/en\/wp-json\/wp\/v2\/media\/167274"}],"wp:attachment":[{"href":"https:\/\/pizbube.ch\/en\/wp-json\/wp\/v2\/media?parent=167273"}],"wp:term":[{"taxonomy":"product_brand","embeddable":true,"href":"https:\/\/pizbube.ch\/en\/wp-json\/wp\/v2\/product_brand?post=167273"},{"taxonomy":"product_cat","embeddable":true,"href":"https:\/\/pizbube.ch\/en\/wp-json\/wp\/v2\/product_cat?post=167273"},{"taxonomy":"product_tag","embeddable":true,"href":"https:\/\/pizbube.ch\/en\/wp-json\/wp\/v2\/product_tag?post=167273"}],"curies":[{"name":"wp","href":"https:\/\/api.w.org\/{rel}","templated":true}]}}