{"id":167398,"date":"2023-04-29T10:35:38","date_gmt":"2023-04-29T08:35:38","guid":{"rendered":"https:\/\/pizbube.ch\/?post_type=product&#038;p=167398"},"modified":"2023-04-29T10:51:24","modified_gmt":"2023-04-29T08:51:24","slug":"seiltechnik-2","status":"publish","type":"product","link":"https:\/\/pizbube.ch\/en\/shop\/seiltechnik-2\/","title":{"rendered":"seiltechnik"},"content":{"rendered":"<p>Kompetent und richtig sichern<\/p>\n<p>Wer den richtigen Umgang mit dem Seil lernen oder sein Wissen diesbez\u00fcglich auf den neuesten Stand bringen will, kommt um die Lehrschrift \u201eSeiltechnik\u201c der beiden Bergsportprofis Heinz Zak und Michael Larcher nicht herum. Sie zeigt anhand von pr\u00e4zisen Skizzen und klar strukturierten Texten, wie das Seil und alle damit verbundenen Sicherungsmittel in den verschiedenen Situationen kompetent und sicher angewandt werden<br \/>\n\u2013 und zwar in allen Bergsportbereichen, beim Sportklettern, beim alpinen Klettern, im Fels oder im Eis. Ob Knotenkunde, Seilschaftsformen, Sicherungstechnik, Standplatzbau, Abseil- oder Bergetechniken: \u201eSeiltechnik\u201c bringt alles, was man lernen und wissen muss, um sich und andere kompetent mit Seil zu sichern.<\/p>\n<p>Alle sicherheitsrelevanten Aspekte sowie die neuesten Sicherheitsempfehlungen und Ausr\u00fcstungsstandards<br \/>\nverfasst und herausgegeben von renommierten Bergsport-Experten<br \/>\ndurchgehend mit Fotos und pr\u00e4zisen Grafiken anschaulich illustriert<br \/>\nleicht verst\u00e4ndlich durch kompakte Texte, logische Struktur und Reduktion auf das Wesentliche<br \/>\ngr\u00f6\u00dftm\u00f6gliche Aktualit\u00e4t durch regelm\u00e4\u00dfige \u00dcberarbeitung.<\/p>\n<p>168 Seiten; durchgehend mit Zeichnungen illustriert; 16.5 cm x 11.5 cm<br \/>\n9. Auflage 2022<\/p>","protected":false},"excerpt":{"rendered":"<p>Kompetent und richtig sichern Wer den richtigen Umgang mit dem Seil lernen oder sein Wissen diesbez\u00fcglich auf den neuesten Stand bringen will, kommt um die Lehrschrift \u201eSeiltechnik\u201c der beiden Bergsportprofis Heinz Zak und Michael Larcher nicht herum. Sie zeigt anhand von pr\u00e4zisen Skizzen und klar strukturierten Texten, wie das Seil und alle damit verbundenen Sicherungsmittel [&#8230;]\n","protected":false},"featured_media":167399,"template":"","meta":[],"product_brand":[],"product_cat":[21538],"product_tag":[],"class_list":{"0":"post-167398","1":"product","2":"type-product","3":"status-publish","4":"has-post-thumbnail","6":"product_cat-lehrbuecher","7":"pa_autor-larcher-zak","8":"pa_erscheinungsjahr-27013","9":"pa_region-klettertechnik","10":"pa_sprache-de","12":"first","13":"instock","14":"taxable","15":"shipping-taxable","16":"purchasable","17":"product-type-simple"},"_links":{"self":[{"href":"https:\/\/pizbube.ch\/en\/wp-json\/wp\/v2\/product\/167398","targetHints":{"allow":["GET"]}}],"collection":[{"href":"https:\/\/pizbube.ch\/en\/wp-json\/wp\/v2\/product"}],"about":[{"href":"https:\/\/pizbube.ch\/en\/wp-json\/wp\/v2\/types\/product"}],"wp:featuredmedia":[{"embeddable":true,"href":"https:\/\/pizbube.ch\/en\/wp-json\/wp\/v2\/media\/167399"}],"wp:attachment":[{"href":"https:\/\/pizbube.ch\/en\/wp-json\/wp\/v2\/media?parent=167398"}],"wp:term":[{"taxonomy":"product_brand","embeddable":true,"href":"https:\/\/pizbube.ch\/en\/wp-json\/wp\/v2\/product_brand?post=167398"},{"taxonomy":"product_cat","embeddable":true,"href":"https:\/\/pizbube.ch\/en\/wp-json\/wp\/v2\/product_cat?post=167398"},{"taxonomy":"product_tag","embeddable":true,"href":"https:\/\/pizbube.ch\/en\/wp-json\/wp\/v2\/product_tag?post=167398"}],"curies":[{"name":"wp","href":"https:\/\/api.w.org\/{rel}","templated":true}]}}