{"id":167454,"date":"2023-05-03T09:50:18","date_gmt":"2023-05-03T07:50:18","guid":{"rendered":"https:\/\/pizbube.ch\/?post_type=product&#038;p=167454"},"modified":"2024-07-03T08:51:39","modified_gmt":"2024-07-03T06:51:39","slug":"nouvelles-parois-de-legende","status":"publish","type":"product","link":"https:\/\/pizbube.ch\/en\/shop\/nouvelles-parois-de-legende\/","title":{"rendered":"Nouvelles parois de l\u00e9gende"},"content":{"rendered":"<div class=\"field field-name-hw-presentation-editoriale field-type-text-long field-label-hidden\">\n<div class=\"field-items\">\n<div class=\"field-item even\">\n<p>Il n\u2019y en a qu\u2019une et c\u2019est celle-l\u00e0\u00a0: la bible de l\u2019escalade en grande voie\u00a0!<\/p>\n<p>V\u00e9ritables esth\u00e8tes de la verticale, St\u00e9phanie Bodet et Arnaud Petit forment une cord\u00e9e dans la vie et sur les parois depuis pr\u00e8s de trente ans. Ces grimpeurs exceptionnels ont gravi quelques-unes des plus belles parois du monde et ouvert de nombreux itin\u00e9raires devenus des classiques. De cette exp\u00e9rience hors du commun est n\u00e9 <i>Parois de l\u00e9gende<\/i> il y a plus de dix ans. Dans cette r\u00e9\u00e9dition enrichie de 80 nouveaux itin\u00e9raires, une large place est accord\u00e9e aux massifs fran\u00e7ais.<\/p>\n<p>Ce livre s\u2019adresse \u00e0 tous les amoureux des grandes voies ainsi qu\u2019\u00e0 ceux qui souhaitent approfondir leur culture de cette pratique unique, \u00e0 mi-chemin entre l\u2019escalade sportive et l\u2019alpinisme. Les photos et topos d\u00e9taill\u00e9s (200 voies de tous niveaux d\u00e9crites) permettent au lecteur de se projeter dans ce monde \u00e0 part avant de passer du r\u00eave \u00e0 la r\u00e9alit\u00e9\u2026<\/p>\n<p>320 pages;<br \/>\n170 x 240 mm<br \/>\n1i\u00e8re \u00e9dit. 2023<\/p>\n<\/div>\n<\/div>\n<\/div>","protected":false},"excerpt":{"rendered":"<p>Il n\u2019y en a qu\u2019une et c\u2019est celle-l\u00e0\u00a0: la bible de l\u2019escalade en grande voie\u00a0! V\u00e9ritables esth\u00e8tes de la verticale, St\u00e9phanie Bodet et Arnaud Petit forment une cord\u00e9e dans la vie et sur les parois depuis pr\u00e8s de trente ans. Ces grimpeurs exceptionnels ont gravi quelques-unes des plus belles parois du monde et ouvert de [&#8230;]\n","protected":false},"featured_media":167455,"template":"","meta":[],"product_brand":[],"product_cat":[21539,21542],"product_tag":[],"class_list":{"0":"post-167454","1":"product","2":"type-product","3":"status-publish","4":"has-post-thumbnail","6":"product_cat-fuehrerliteratur-sportklettern-bouldern","7":"product_cat-sachbuecher-dokumentationen","8":"pa_autor-bodet-petit","9":"pa_erscheinungsjahr-27129","10":"pa_region-afrika","11":"pa_region-frankreich","12":"pa_region-italien","13":"pa_region-schweiz","14":"pa_region-spanien","15":"pa_region-uebrigers-europa","16":"pa_sprache-fr","18":"first","19":"instock","20":"taxable","21":"shipping-taxable","22":"purchasable","23":"product-type-simple"},"_links":{"self":[{"href":"https:\/\/pizbube.ch\/en\/wp-json\/wp\/v2\/product\/167454","targetHints":{"allow":["GET"]}}],"collection":[{"href":"https:\/\/pizbube.ch\/en\/wp-json\/wp\/v2\/product"}],"about":[{"href":"https:\/\/pizbube.ch\/en\/wp-json\/wp\/v2\/types\/product"}],"wp:featuredmedia":[{"embeddable":true,"href":"https:\/\/pizbube.ch\/en\/wp-json\/wp\/v2\/media\/167455"}],"wp:attachment":[{"href":"https:\/\/pizbube.ch\/en\/wp-json\/wp\/v2\/media?parent=167454"}],"wp:term":[{"taxonomy":"product_brand","embeddable":true,"href":"https:\/\/pizbube.ch\/en\/wp-json\/wp\/v2\/product_brand?post=167454"},{"taxonomy":"product_cat","embeddable":true,"href":"https:\/\/pizbube.ch\/en\/wp-json\/wp\/v2\/product_cat?post=167454"},{"taxonomy":"product_tag","embeddable":true,"href":"https:\/\/pizbube.ch\/en\/wp-json\/wp\/v2\/product_tag?post=167454"}],"curies":[{"name":"wp","href":"https:\/\/api.w.org\/{rel}","templated":true}]}}