{"id":167481,"date":"2023-05-05T09:27:24","date_gmt":"2023-05-05T07:27:24","guid":{"rendered":"https:\/\/pizbube.ch\/?post_type=product&#038;p=167481"},"modified":"2023-05-05T09:40:54","modified_gmt":"2023-05-05T07:40:54","slug":"trekking-icelands-laugavegur-trail-fimmvoerduhals-trail","status":"publish","type":"product","link":"https:\/\/pizbube.ch\/en\/shop\/trekking-icelands-laugavegur-trail-fimmvoerduhals-trail\/","title":{"rendered":"Trekking Iceland&#8217;s Laugavegur Trail &amp; Fimmv\u00f6r\u00f0uh\u00e1ls Trail"},"content":{"rendered":"<p>The definitive two-way guide to Iceland&#8217;s Laugavegur Trail (&amp; Fimmv\u00f6r\u00f0uh\u00e1ls Trail): both southbound and northbound routes are described in full.<\/p>\n<p>Real Maps:<br \/>\nfull mapping inside (1:40,000), made specifically for the treks by Knife Edge Outdoor Guidebooks. All accommodation\/campsites are numbered and marked on the maps.<\/p>\n<p>14 different itineraries:<br \/>\nschedules of 2, 3, 4, 5, 6 and 7 days for hikers and runners. Includes both southbound and northbound itineraries. Difficult calculations of time, distance and altitude gain\/loss are done for you.<\/p>\n<p>Also includes:<\/p>\n<ul>\n<li>Detailed information on equipment and travelling light<\/li>\n<li>Full accommodation\/campsite listings<\/li>\n<li>Everything the trekker needs to know: route, costs, difficulty, weather and more<\/li>\n<li>Travel to the trail-head<\/li>\n<li>Essential info for both self-guided and guided trekkers<\/li>\n<li>Information on the volcanic sights along the route<\/li>\n<li>Information on plants and wildlife<\/li>\n<li>History of Iceland<\/li>\n<li>Numbered waypoints linking the Real Maps to our clear descriptions<\/li>\n<\/ul>\n<p>The Laugavegur Trail is one of the world&#8217;s most beautiful and aspirational treks. It leads you into the heart of Iceland&#8217;s unique ice-capped, volcanic terrain. Experience spectacular and unusual landscapes, the likes of which you will not find anywhere else on the planet. Impressive volcanic peaks are a constant companion and steam gushes from the ground. This is Iceland at its best and it will be an adventure that you will never forget.<\/p>\n<ol>\n<li>edition 2023<\/li>\n<\/ol>","protected":false},"excerpt":{"rendered":"<p>The definitive two-way guide to Iceland&#8217;s Laugavegur Trail (&amp; Fimmv\u00f6r\u00f0uh\u00e1ls Trail): both southbound and northbound routes are described in full. Real Maps: full mapping inside (1:40,000), made specifically for the treks by Knife Edge Outdoor Guidebooks. All accommodation\/campsites are numbered and marked on the maps. 14 different itineraries: schedules of 2, 3, 4, 5, 6 [&#8230;]\n","protected":false},"featured_media":167482,"template":"","meta":[],"product_brand":[],"product_cat":[21605],"product_tag":[],"class_list":{"0":"post-167481","1":"product","2":"type-product","3":"status-publish","4":"has-post-thumbnail","6":"product_cat-wanderfuehrer-trekking","7":"pa_autor-mccluggage","8":"pa_erscheinungsjahr-27129","9":"pa_region-arktis-antarktis-groenland-island","10":"pa_sprache-en","12":"first","13":"instock","14":"taxable","15":"shipping-taxable","16":"purchasable","17":"product-type-simple"},"_links":{"self":[{"href":"https:\/\/pizbube.ch\/en\/wp-json\/wp\/v2\/product\/167481","targetHints":{"allow":["GET"]}}],"collection":[{"href":"https:\/\/pizbube.ch\/en\/wp-json\/wp\/v2\/product"}],"about":[{"href":"https:\/\/pizbube.ch\/en\/wp-json\/wp\/v2\/types\/product"}],"wp:featuredmedia":[{"embeddable":true,"href":"https:\/\/pizbube.ch\/en\/wp-json\/wp\/v2\/media\/167482"}],"wp:attachment":[{"href":"https:\/\/pizbube.ch\/en\/wp-json\/wp\/v2\/media?parent=167481"}],"wp:term":[{"taxonomy":"product_brand","embeddable":true,"href":"https:\/\/pizbube.ch\/en\/wp-json\/wp\/v2\/product_brand?post=167481"},{"taxonomy":"product_cat","embeddable":true,"href":"https:\/\/pizbube.ch\/en\/wp-json\/wp\/v2\/product_cat?post=167481"},{"taxonomy":"product_tag","embeddable":true,"href":"https:\/\/pizbube.ch\/en\/wp-json\/wp\/v2\/product_tag?post=167481"}],"curies":[{"name":"wp","href":"https:\/\/api.w.org\/{rel}","templated":true}]}}