{"id":167497,"date":"2023-05-06T10:14:18","date_gmt":"2023-05-06T08:14:18","guid":{"rendered":"https:\/\/pizbube.ch\/?post_type=product&#038;p=167497"},"modified":"2023-05-06T10:32:19","modified_gmt":"2023-05-06T08:32:19","slug":"la-montagne-etincelante","status":"publish","type":"product","link":"https:\/\/pizbube.ch\/en\/shop\/la-montagne-etincelante\/","title":{"rendered":"La Montagne \u00e9tincelante"},"content":{"rendered":"<div id=\"product-description-short-619\" class=\"product-short-description\">\n<p>Un in\u00e9dit de l&#8217;immense alpiniste italien Walter Bonatti.<\/p>\n<\/div>\n<div id=\"product-description-619\" class=\"product-long-description\">\n<p>En ao\u00fbt 1958, Walter Bonatti signe avec Carlo Mauri une ascension l\u00e9gendaire au Pakistan. Le Gasherbrum IV, 7 925 m\u00e8tres !\u00a0 Quelques m\u00e8tres lui manquent pour se placer dans la fameuse liste de quatorze 8 000, mais les alpinistes savent que cette montagne-l\u00e0 n\u2019a aucune voie facile. Sa difficult\u00e9 sid\u00e9rante la place au-dessus de la plupart des autres. Pour Bonatti, l\u2019ascension est un exorcisme, quatre ans apr\u00e8s l\u2019exp\u00e9rience traumatisante v\u00e9cue sur le K2, tout proche, o\u00f9 ses compagnons l\u2019avaient abandonn\u00e9 une nuit en pleine temp\u00eate.<\/p>\n<p>Si cette ascension magistrale, que personne ne parviendra \u00e0 r\u00e9p\u00e9ter pendant presque trente ans, \u00e9tait pass\u00e9e presque inaper\u00e7ue, c\u2019est en partie parce que Bonatti avait \u00e9t\u00e9 emp\u00each\u00e9 de publier son r\u00e9cit, comme les contrats d\u2019\u00e9dition le stipulaient souvent \u00e0 l\u2019\u00e9poque.<\/p>\n<p>Dix ans apr\u00e8s la mort de ce g\u00e9ant de l\u2019alpinisme, son r\u00e9cit in\u00e9dit a \u00e9t\u00e9 retrouv\u00e9 dans les archives du mus\u00e9e de la Montagne, \u00e0 Turin. L\u2019auteur de \u00c0 mes montagnes s\u2019y exprime d\u2019une plume intense, o\u00f9 les sentiments et l\u2019action s\u2019\u00e9paulent mutuellement pour cr\u00e9er un r\u00e9cit captivant. Qui n\u2019a pas pris une ride.<\/p>\n<p>Traduit de l\u2019italien par Charlie Buffet.<\/p>\n<p>160 pages; Format : 15 x 21 cm<\/p>\n<\/div>","protected":false},"excerpt":{"rendered":"<p>Un in\u00e9dit de l&#8217;immense alpiniste italien Walter Bonatti. En ao\u00fbt 1958, Walter Bonatti signe avec Carlo Mauri une ascension l\u00e9gendaire au Pakistan. Le Gasherbrum IV, 7 925 m\u00e8tres !\u00a0 Quelques m\u00e8tres lui manquent pour se placer dans la fameuse liste de quatorze 8 000, mais les alpinistes savent que cette montagne-l\u00e0 n\u2019a aucune voie facile. [&#8230;]\n","protected":false},"featured_media":167498,"template":"","meta":[],"product_brand":[],"product_cat":[21542],"product_tag":[],"class_list":{"0":"post-167497","1":"product","2":"type-product","3":"status-publish","4":"has-post-thumbnail","6":"product_cat-sachbuecher-dokumentationen","7":"pa_autor-bonatti","8":"pa_erscheinungsjahr-27129","9":"pa_region-asien","10":"pa_sprache-fr","12":"first","13":"instock","14":"taxable","15":"shipping-taxable","16":"purchasable","17":"product-type-simple"},"_links":{"self":[{"href":"https:\/\/pizbube.ch\/en\/wp-json\/wp\/v2\/product\/167497","targetHints":{"allow":["GET"]}}],"collection":[{"href":"https:\/\/pizbube.ch\/en\/wp-json\/wp\/v2\/product"}],"about":[{"href":"https:\/\/pizbube.ch\/en\/wp-json\/wp\/v2\/types\/product"}],"wp:featuredmedia":[{"embeddable":true,"href":"https:\/\/pizbube.ch\/en\/wp-json\/wp\/v2\/media\/167498"}],"wp:attachment":[{"href":"https:\/\/pizbube.ch\/en\/wp-json\/wp\/v2\/media?parent=167497"}],"wp:term":[{"taxonomy":"product_brand","embeddable":true,"href":"https:\/\/pizbube.ch\/en\/wp-json\/wp\/v2\/product_brand?post=167497"},{"taxonomy":"product_cat","embeddable":true,"href":"https:\/\/pizbube.ch\/en\/wp-json\/wp\/v2\/product_cat?post=167497"},{"taxonomy":"product_tag","embeddable":true,"href":"https:\/\/pizbube.ch\/en\/wp-json\/wp\/v2\/product_tag?post=167497"}],"curies":[{"name":"wp","href":"https:\/\/api.w.org\/{rel}","templated":true}]}}