{"id":167543,"date":"2023-05-10T10:32:12","date_gmt":"2023-05-10T08:32:12","guid":{"rendered":"https:\/\/pizbube.ch\/?post_type=product&#038;p=167543"},"modified":"2023-05-10T10:44:36","modified_gmt":"2023-05-10T08:44:36","slug":"via-valtellina","status":"publish","type":"product","link":"https:\/\/pizbube.ch\/en\/shop\/via-valtellina\/","title":{"rendered":"Via Valtellina"},"content":{"rendered":"<p>Auf S\u00e4umerwegen durch drei Sprachregionen<\/p>\n<p>\u00dcber Jahrhunderte wurden grosse Mengen von Veltliner Wein auf Tragtieren \u00fcber die Alpen transportiert. Der 132 km lange Saumweg von Gargellen \u00fcber Davos und Pontresina nach Tirano ist als ViaValtellina wiederbelebt worden und wird heute von Hunderten von Wandersleuten ganz oder etappenweise begangen. Jeden Sommer findet ein historischer S\u00e4umerzug mit Pferden, Maultieren und Eseln statt, eine Tradition, die den nachhaltigen Tourismus belebt und in Wert setzt.<\/p>\n<p class=\"p2\"><span class=\"s1\">Der Kulturlandschaftsf\u00fchrer nimmt uns mit auf eine landschaftlich einmalige und kulturhistorisch reichhaltige Reise \u00fcber drei Alpenp\u00e4sse und durch mehrere Sprachregionen. Damit werden nicht nur die geschichtlichen Umst\u00e4nde des S\u00e4umerwesens erlebbar, sondern auch die Entwicklungen des Tourismus, der Landwirtschaft und der alpinen Architektur.<\/span><\/p>\n<p>192\u00a0Seiten, 14\u2009\u00d7\u200921\u2009cm,<br \/>\ngebunden, Softcover<br \/>\n<span class=\"s1\">Mit <\/span>ca. 120<span class=\"s1\"> Abbildungen.<\/span><\/p>","protected":false},"excerpt":{"rendered":"<p>Auf S\u00e4umerwegen durch drei Sprachregionen \u00dcber Jahrhunderte wurden grosse Mengen von Veltliner Wein auf Tragtieren \u00fcber die Alpen transportiert. Der 132 km lange Saumweg von Gargellen \u00fcber Davos und Pontresina nach Tirano ist als ViaValtellina wiederbelebt worden und wird heute von Hunderten von Wandersleuten ganz oder etappenweise begangen. Jeden Sommer findet ein historischer S\u00e4umerzug mit [&#8230;]\n","protected":false},"featured_media":167544,"template":"","meta":[],"product_brand":[],"product_cat":[21605],"product_tag":[27281],"class_list":{"0":"post-167543","1":"product","2":"type-product","3":"status-publish","4":"has-post-thumbnail","6":"product_cat-wanderfuehrer-trekking","7":"product_tag-viavaltellina","8":"pa_autor-stotz","9":"pa_erscheinungsjahr-27129","10":"pa_region-italien","11":"pa_region-schweiz","12":"pa_sprache-de","14":"first","15":"instock","16":"taxable","17":"shipping-taxable","18":"purchasable","19":"product-type-simple"},"_links":{"self":[{"href":"https:\/\/pizbube.ch\/en\/wp-json\/wp\/v2\/product\/167543","targetHints":{"allow":["GET"]}}],"collection":[{"href":"https:\/\/pizbube.ch\/en\/wp-json\/wp\/v2\/product"}],"about":[{"href":"https:\/\/pizbube.ch\/en\/wp-json\/wp\/v2\/types\/product"}],"wp:featuredmedia":[{"embeddable":true,"href":"https:\/\/pizbube.ch\/en\/wp-json\/wp\/v2\/media\/167544"}],"wp:attachment":[{"href":"https:\/\/pizbube.ch\/en\/wp-json\/wp\/v2\/media?parent=167543"}],"wp:term":[{"taxonomy":"product_brand","embeddable":true,"href":"https:\/\/pizbube.ch\/en\/wp-json\/wp\/v2\/product_brand?post=167543"},{"taxonomy":"product_cat","embeddable":true,"href":"https:\/\/pizbube.ch\/en\/wp-json\/wp\/v2\/product_cat?post=167543"},{"taxonomy":"product_tag","embeddable":true,"href":"https:\/\/pizbube.ch\/en\/wp-json\/wp\/v2\/product_tag?post=167543"}],"curies":[{"name":"wp","href":"https:\/\/api.w.org\/{rel}","templated":true}]}}