{"id":167547,"date":"2023-05-10T10:58:46","date_gmt":"2023-05-10T08:58:46","guid":{"rendered":"https:\/\/pizbube.ch\/?post_type=product&#038;p=167547"},"modified":"2025-06-26T17:03:30","modified_gmt":"2025-06-26T15:03:30","slug":"les-100-plus-belles-grandes-voies-en-france","status":"publish","type":"product","link":"https:\/\/pizbube.ch\/en\/shop\/les-100-plus-belles-grandes-voies-en-france\/","title":{"rendered":"Les 100 plus belles grandes voies en France"},"content":{"rendered":"<p>Corse, Chamonix, Ailefroide, Aiglun, Calanques\u2026 et bien \u00e9videmment Verdon, partez grimper \u00e0 la d\u00e9couverte des plus belles grandes voies de France\u2009!<\/p>\n<p>\u00c9crit en collaboration avec les acteurs locaux, ce livre vous invite \u00e0 parcourir 100 itin\u00e9raires d\u2019escalade qui se distinguent par leur homog\u00e9n\u00e9it\u00e9, leur beaut\u00e9, leur cadre ou encore leur c\u00f4t\u00e9 l\u00e9gendaire et historique. Un topo pratique, comprenant tous les d\u00e9tails indispensables\u2009: acc\u00e8s, temps, cheminement de la voie, \u00e9quipement en place, orientations, cotations des diff\u00e9rentes longueurs et surtout cotation obligatoire. Le livre contient \u00e9galement des rappels historiques sur l\u2019\u00e9volution de l\u2019escalade dans les diff\u00e9rents massifs.<\/p>\n<p>Quel que soit votre niveau, la saison ou votre style de pr\u00e9dilection, ce topo vous permettra de choisir une voie d\u2019exception.<\/p>\n<p><em>La publicit\u00e9 pr\u00e9sente dans cet ouvrage contribue \u00e0 l\u2019entretien des falaises via le don de 250 plaquettes aux \u00e9quipeurs locaux.<\/em><\/p>\n<p>320 pages;<br \/>\n1. \u00e9dition 2023<\/p>","protected":false},"excerpt":{"rendered":"<p>Corse, Chamonix, Ailefroide, Aiglun, Calanques\u2026 et bien \u00e9videmment Verdon, partez grimper \u00e0 la d\u00e9couverte des plus belles grandes voies de France\u2009! \u00c9crit en collaboration avec les acteurs locaux, ce livre vous invite \u00e0 parcourir 100 itin\u00e9raires d\u2019escalade qui se distinguent par leur homog\u00e9n\u00e9it\u00e9, leur beaut\u00e9, leur cadre ou encore leur c\u00f4t\u00e9 l\u00e9gendaire et historique. Un [&#8230;]\n","protected":false},"featured_media":167548,"template":"","meta":[],"product_brand":[],"product_cat":[21539],"product_tag":[],"class_list":{"0":"post-167547","1":"product","2":"type-product","3":"status-publish","4":"has-post-thumbnail","6":"product_cat-fuehrerliteratur-sportklettern-bouldern","7":"pa_autor-du-chastel","8":"pa_erscheinungsjahr-27129","9":"pa_region-frankreich","10":"pa_sprache-fr","12":"first","13":"instock","14":"taxable","15":"shipping-taxable","16":"purchasable","17":"product-type-simple"},"_links":{"self":[{"href":"https:\/\/pizbube.ch\/en\/wp-json\/wp\/v2\/product\/167547","targetHints":{"allow":["GET"]}}],"collection":[{"href":"https:\/\/pizbube.ch\/en\/wp-json\/wp\/v2\/product"}],"about":[{"href":"https:\/\/pizbube.ch\/en\/wp-json\/wp\/v2\/types\/product"}],"wp:featuredmedia":[{"embeddable":true,"href":"https:\/\/pizbube.ch\/en\/wp-json\/wp\/v2\/media\/167548"}],"wp:attachment":[{"href":"https:\/\/pizbube.ch\/en\/wp-json\/wp\/v2\/media?parent=167547"}],"wp:term":[{"taxonomy":"product_brand","embeddable":true,"href":"https:\/\/pizbube.ch\/en\/wp-json\/wp\/v2\/product_brand?post=167547"},{"taxonomy":"product_cat","embeddable":true,"href":"https:\/\/pizbube.ch\/en\/wp-json\/wp\/v2\/product_cat?post=167547"},{"taxonomy":"product_tag","embeddable":true,"href":"https:\/\/pizbube.ch\/en\/wp-json\/wp\/v2\/product_tag?post=167547"}],"curies":[{"name":"wp","href":"https:\/\/api.w.org\/{rel}","templated":true}]}}