{"id":167568,"date":"2023-05-11T09:48:54","date_gmt":"2023-05-11T07:48:54","guid":{"rendered":"https:\/\/pizbube.ch\/?post_type=product&#038;p=167568"},"modified":"2025-06-11T15:37:26","modified_gmt":"2025-06-11T13:37:26","slug":"swiss-bloc-1-boulderfuehrer-schweiz-nord","status":"publish","type":"product","link":"https:\/\/pizbube.ch\/en\/shop\/swiss-bloc-1-boulderfuehrer-schweiz-nord\/","title":{"rendered":"swiss Bloc \u00b01 &#8211; Boulderf\u00fchrer Schweiz Nord"},"content":{"rendered":"<p>17 Boulder Hot-Spots zwischen Schaffhausen und dem Alpenhauptkamm.<br \/>\n<b><br \/>\n<\/b>H\u00f6hlenkalk am Kesslerloch, feinster Granit im Magic Wood und an den hohen Schweizer P\u00e4ssen, chilliges Bouldern in Engelberg, sandsteinartige Block-Meere um Kandersteg und dar\u00fcber hinaus\u00a0noch einige weitere Boulder-Leckerbissen.<\/p>\n<p>Erstmalig in einem Buch vorgestellt wird das M\u00fcnstertal im Obergoms\/Wallis.<\/p>\n<p>Am Furkapass locken zahllose\u00a0exzellente Boulderprobleme in hochalpiner Umgebung in bis zu 2700 m Meeresh\u00f6he und warten auf hungrige Wiederholer. In den letzten Jahren hat dort eine motivierte Gruppe boulderbegeisterter Kletterer aus der Luzerner Gegend immer wieder neue Bl\u00f6cke und Sektoren erschlossen. 2019 stie\u00df dann auf Einladung Harald R\u00f6ker zu der Erschlie\u00dfergruppe und dank toller inspirierter\u00a0Tage zusammen mit den\u00a0schweizer Freunden\u00a0vervielfachte sich bis Ende 2022 die Anzahl der gekletterten Probleme auf \u00fcber 660 Linien von ganz einfach bis ca. Fb 8b+.<\/p>\n<p>In den Schweizer Bergen\u00a0schlummert noch ein nahezu unersch\u00f6pfliches Material an Bl\u00f6cken und wartet darauf, entdeckt zu werden. Dieses Topo bietet\u00a0eine Bestandsaufnahme der meisten wichtigen Schweizer Boulderspots im Gebiet der deutschsprachigen Schweiz.<\/p>\n<p><span class=\"txt_klein\">Kesslerloch<br \/>\nMagic Wood (Averstal)<br \/>\nEngelberg<br \/>\nBlattiswald<br \/>\nMorschach<br \/>\nSch\u00f6llenen<br \/>\nG\u00f6schenen<br \/>\nGotthardpass<br \/>\nNufenenpass (\u00c4ginatal)<br \/>\nM\u00fcnstertal<br \/>\nFurkapass<br \/>\nSustenpass<br \/>\nSteingletscher<br \/>\nGrimselpass<br \/>\nFuxenstein<br \/>\nKandersteg<br \/>\nGoppenstein<\/span><\/p>\n<p>5. Auflage; \u00dcberarbeitete Neuauflage (2023)<\/p>\n<p>&nbsp;<\/p>\n<p><span class=\"txt_e\">17 boulder hot spots between Schaffhausen and the Alpine divide.<b><\/b><\/span><\/p>\n<p>Cave-limestone at Kesslerloch, fine granite in Magic Wood and the high Swiss passes, relaxed bouldering in Engelberg, sandstone-like huge boulder fields in Kandersteg and some more boulder goodies will be introduced in this guidebook.<\/p>\n<p><span class=\"txt_e\">For\u00a0the first time the area M\u00fcnstertal situated in the Obergoms\/Wallis will be published in a guidebook.<\/span><\/p>\n<p><span class=\"txt_e\">At Furkapass numerous boulderproblems are waiting in an overwhelming alpine landscape up to an altitude of 2700 m for motivated boulderers. During the last years a group of psyched climbers from the Luzern area developed continuously new problems and sectors. 2019 they invited Harald R\u00f6ker to join and thanks to great inspiring days together with the swiss friends the number of problems was multiplicated until end of 2022 to more than 660 lines from very easy to ~Fb 8b+.<\/span><\/p>\n<p><span class=\"txt_e\">In the Swiss mountains an almost inexhaustible potential of boulders is waiting to be discovered. This guidebook takes stock of the current situation of most of the important Swiss boulderspots in the area of the german-speaking part of Switzerland.<\/span><\/p>\n<p>5th. Revised Edition (2023)<\/p>","protected":false},"excerpt":{"rendered":"<ul>\n<li><strong><a href=\"https:\/\/pizbube.ch\/wp-content\/uploads\/attachments\/a_028\/BD7755130FDC22C9E5835CD1C3062DBB.pdf\" target=\"_blank\" rel=\"noopener\">PDF: Leseprobe_Inhalt_Swissbloc<\/a><\/strong><\/li>\n<\/ul>","protected":false},"featured_media":167569,"template":"","meta":[],"product_brand":[],"product_cat":[21539],"product_tag":[27284],"class_list":{"0":"post-167568","1":"product","2":"type-product","3":"status-publish","4":"has-post-thumbnail","6":"product_cat-fuehrerliteratur-sportklettern-bouldern","7":"product_tag-swissblock","8":"pa_autor-roeker","9":"pa_erscheinungsjahr-27129","10":"pa_region-schweiz","11":"pa_sprache-de-en-fr","13":"first","14":"instock","15":"taxable","16":"shipping-taxable","17":"purchasable","18":"product-type-simple"},"_links":{"self":[{"href":"https:\/\/pizbube.ch\/en\/wp-json\/wp\/v2\/product\/167568","targetHints":{"allow":["GET"]}}],"collection":[{"href":"https:\/\/pizbube.ch\/en\/wp-json\/wp\/v2\/product"}],"about":[{"href":"https:\/\/pizbube.ch\/en\/wp-json\/wp\/v2\/types\/product"}],"wp:featuredmedia":[{"embeddable":true,"href":"https:\/\/pizbube.ch\/en\/wp-json\/wp\/v2\/media\/167569"}],"wp:attachment":[{"href":"https:\/\/pizbube.ch\/en\/wp-json\/wp\/v2\/media?parent=167568"}],"wp:term":[{"taxonomy":"product_brand","embeddable":true,"href":"https:\/\/pizbube.ch\/en\/wp-json\/wp\/v2\/product_brand?post=167568"},{"taxonomy":"product_cat","embeddable":true,"href":"https:\/\/pizbube.ch\/en\/wp-json\/wp\/v2\/product_cat?post=167568"},{"taxonomy":"product_tag","embeddable":true,"href":"https:\/\/pizbube.ch\/en\/wp-json\/wp\/v2\/product_tag?post=167568"}],"curies":[{"name":"wp","href":"https:\/\/api.w.org\/{rel}","templated":true}]}}