{"id":167782,"date":"2023-05-31T10:18:43","date_gmt":"2023-05-31T08:18:43","guid":{"rendered":"https:\/\/pizbube.ch\/?post_type=product&#038;p=167782"},"modified":"2023-05-31T10:19:54","modified_gmt":"2023-05-31T08:19:54","slug":"escalade-autour-de-gap","status":"publish","type":"product","link":"https:\/\/pizbube.ch\/en\/shop\/escalade-autour-de-gap\/","title":{"rendered":"ESCALADE AUTOUR DE GAP"},"content":{"rendered":"<p>Du D\u00e9voluy au Champsaur en par passant par le Bu\u00cbch et la M\u00e9ouge, le Sud des Hautes &#8211; Alpes poss\u00e8de une tr\u00e8s grande diversit\u00e9 de sites d&#8217;escalade nich\u00e9s dans des paysages grandioses. La parution de ce nouveau topo d&#8217;escalade qui regroupe les informations actualis\u00e9es est une excellente nouvelle pour les amateurs de grimpe. Le travail consid\u00e9rable et partenarial de r\u00e9\u00e9quipement et de s\u00e9curisation r\u00e9alis\u00e9 sur le terrain gr\u00e2ce aux gestionnaires de sites, aux professionnels ainsi qu&#8217;aux b\u00e9n\u00e9voles m\u00e9rite d&#8217;\u00eatre soulign\u00e9.<\/p>\n<p>Secteurs repr\u00e9sent\u00e9s :<\/p>\n<p>GAP:\u00a0Charance \/ Ce\u00dcse face ouest \/ Ar\u00eate Est petite Ce\u00dcsette \/ Blocs de Ce\u00dcse\u00a0 \/ Ventavon<br \/>\nBU\u00cbCH : la Roche des Arnauds \/ Le Saix \/ Veynes \/ Savournon \/ Sigottier \/ Agnielles \/ Saint Julien \/ Neuvillard \/ la Jarjatte<br \/>\nCHAMPSAUR : Ancelle \/ Corbi\u00e8re \/ Les Dauphins \/ mezel \/ M\u00e9olion \/ Ame Forte \/ Champol\u00e9on \/ Chaillol \/ Gleize \/ Lesdigui\u00e8res<br \/>\nVALGAUDEMAR : Colombeugne \/ Surette \/ Blocs Gioberney<br \/>\nDEVOLUY: Latour \/ Paroi des Colombiers \/ Cr\u00eate des Bergers \/ les Etroits \/ Les Gicons<br \/>\nBONUS : une nouvelle voie au Pic de Bure, une proche de St Disdier et une au grand Morgon !<\/p>","protected":false},"excerpt":{"rendered":"<p>Du D\u00e9voluy au Champsaur en par passant par le Bu\u00cbch et la M\u00e9ouge, le Sud des Hautes &#8211; Alpes poss\u00e8de une tr\u00e8s grande diversit\u00e9 de sites d&#8217;escalade nich\u00e9s dans des paysages grandioses. La parution de ce nouveau topo d&#8217;escalade qui regroupe les informations actualis\u00e9es est une excellente nouvelle pour les amateurs de grimpe. Le travail [&#8230;]\n","protected":false},"featured_media":167783,"template":"","meta":[],"product_brand":[],"product_cat":[21539],"product_tag":[],"class_list":{"0":"post-167782","1":"product","2":"type-product","3":"status-publish","4":"has-post-thumbnail","6":"product_cat-fuehrerliteratur-sportklettern-bouldern","7":"pa_autor-girousse","8":"pa_erscheinungsjahr-27013","9":"pa_region-frankreich","10":"pa_sprache-fr","12":"first","13":"instock","14":"taxable","15":"shipping-taxable","16":"purchasable","17":"product-type-simple"},"_links":{"self":[{"href":"https:\/\/pizbube.ch\/en\/wp-json\/wp\/v2\/product\/167782","targetHints":{"allow":["GET"]}}],"collection":[{"href":"https:\/\/pizbube.ch\/en\/wp-json\/wp\/v2\/product"}],"about":[{"href":"https:\/\/pizbube.ch\/en\/wp-json\/wp\/v2\/types\/product"}],"wp:featuredmedia":[{"embeddable":true,"href":"https:\/\/pizbube.ch\/en\/wp-json\/wp\/v2\/media\/167783"}],"wp:attachment":[{"href":"https:\/\/pizbube.ch\/en\/wp-json\/wp\/v2\/media?parent=167782"}],"wp:term":[{"taxonomy":"product_brand","embeddable":true,"href":"https:\/\/pizbube.ch\/en\/wp-json\/wp\/v2\/product_brand?post=167782"},{"taxonomy":"product_cat","embeddable":true,"href":"https:\/\/pizbube.ch\/en\/wp-json\/wp\/v2\/product_cat?post=167782"},{"taxonomy":"product_tag","embeddable":true,"href":"https:\/\/pizbube.ch\/en\/wp-json\/wp\/v2\/product_tag?post=167782"}],"curies":[{"name":"wp","href":"https:\/\/api.w.org\/{rel}","templated":true}]}}