{"id":167793,"date":"2023-05-31T15:55:24","date_gmt":"2023-05-31T13:55:24","guid":{"rendered":"https:\/\/pizbube.ch\/?post_type=product&#038;p=167793"},"modified":"2023-05-31T15:56:36","modified_gmt":"2023-05-31T13:56:36","slug":"escalade-en-ille-et-vilaine","status":"publish","type":"product","link":"https:\/\/pizbube.ch\/en\/shop\/escalade-en-ille-et-vilaine\/","title":{"rendered":"Escalade en Ille-et-Vilaine"},"content":{"rendered":"<p>&#171;Escalade en Ille-Et-Vilaine&#187; pr\u00e9sente 12 sites naturel d&#8217;escalade en Ille-et-Vilaine.<\/p>\n<p>Tous les sites d&#8217;escalade en Ille et Vilaine, falaises et blocs, avec toutes les informations n\u00e9cessaires pour organiser votre s\u00e9jour et grimper sereinement en Ille et Vilaine : topos des sites d&#8217;escalade, acc\u00e8s aux falaises, h\u00e9bergements, type d&#8217;escalade, r\u00e9glementation en vigueur, \u00e9quipements des falaises, et avis des grimpeurs.<\/p>\n<p>Edit\u00e9 par le Comit\u00e9 D\u00e9partemental dIIlle-et-Vilaine, ce topoguide d\u00e9crit, en plus de 400 pages, les 12 sites naturels d&#8217;escalade que vous pouvez d\u00e9couvrir en Ille-et-Vilaine<\/p>\n<p>Dans ce guide sont d\u00e9crits les parcours sur les voies suivantes :<\/p>\n<p>Le Bo\u00ebl<br \/>\nLa chambre aux Loups<br \/>\nCouesnon<br \/>\n\u00cele aux pies<br \/>\nLe Verger<br \/>\nMont Dol<br \/>\nRoche Marie<br \/>\nSaint Just<br \/>\nSaut Roland<br \/>\nSaut Roland Secteur blocs<br \/>\nVieux-Vy sur Couesnon<br \/>\nRochers du blaireau<\/p>\n<p>Pour chaque site, vous trouverez un plan d\u00e9taill\u00e9 et des explications pr\u00e9cises vous indiquant comment vous y rendre. Des photos vous permettront de bien vous rep\u00e9rer sur les diff\u00e9rents secteurs, ainsi que des informations techniques (la cotation des voies, la hauteur des voies) pour que vous envisagiez au mieux le site et pr\u00e9voir l&#8217;\u00e9quipement en cons\u00e9quence.<\/p>\n<p>426 pages,<br \/>\nEdition 2022<\/p>","protected":false},"excerpt":{"rendered":"<p>&#171;Escalade en Ille-Et-Vilaine&#187; pr\u00e9sente 12 sites naturel d&#8217;escalade en Ille-et-Vilaine. Tous les sites d&#8217;escalade en Ille et Vilaine, falaises et blocs, avec toutes les informations n\u00e9cessaires pour organiser votre s\u00e9jour et grimper sereinement en Ille et Vilaine : topos des sites d&#8217;escalade, acc\u00e8s aux falaises, h\u00e9bergements, type d&#8217;escalade, r\u00e9glementation en vigueur, \u00e9quipements des falaises, et [&#8230;]\n","protected":false},"featured_media":167794,"template":"","meta":[],"product_brand":[],"product_cat":[21539],"product_tag":[],"class_list":{"0":"post-167793","1":"product","2":"type-product","3":"status-publish","4":"has-post-thumbnail","6":"product_cat-fuehrerliteratur-sportklettern-bouldern","7":"pa_autor-ffme","8":"pa_erscheinungsjahr-27013","9":"pa_region-frankreich","10":"pa_sprache-fr","12":"first","13":"instock","14":"taxable","15":"shipping-taxable","16":"purchasable","17":"product-type-simple"},"_links":{"self":[{"href":"https:\/\/pizbube.ch\/en\/wp-json\/wp\/v2\/product\/167793","targetHints":{"allow":["GET"]}}],"collection":[{"href":"https:\/\/pizbube.ch\/en\/wp-json\/wp\/v2\/product"}],"about":[{"href":"https:\/\/pizbube.ch\/en\/wp-json\/wp\/v2\/types\/product"}],"wp:featuredmedia":[{"embeddable":true,"href":"https:\/\/pizbube.ch\/en\/wp-json\/wp\/v2\/media\/167794"}],"wp:attachment":[{"href":"https:\/\/pizbube.ch\/en\/wp-json\/wp\/v2\/media?parent=167793"}],"wp:term":[{"taxonomy":"product_brand","embeddable":true,"href":"https:\/\/pizbube.ch\/en\/wp-json\/wp\/v2\/product_brand?post=167793"},{"taxonomy":"product_cat","embeddable":true,"href":"https:\/\/pizbube.ch\/en\/wp-json\/wp\/v2\/product_cat?post=167793"},{"taxonomy":"product_tag","embeddable":true,"href":"https:\/\/pizbube.ch\/en\/wp-json\/wp\/v2\/product_tag?post=167793"}],"curies":[{"name":"wp","href":"https:\/\/api.w.org\/{rel}","templated":true}]}}