{"id":167804,"date":"2023-05-31T16:48:15","date_gmt":"2023-05-31T14:48:15","guid":{"rendered":"https:\/\/pizbube.ch\/?post_type=product&#038;p=167804"},"modified":"2025-08-13T14:48:31","modified_gmt":"2025-08-13T12:48:31","slug":"grimpe-mortain-escalade-a-la-fosse-arthour","status":"publish","type":"product","link":"https:\/\/pizbube.ch\/en\/shop\/grimpe-mortain-escalade-a-la-fosse-arthour\/","title":{"rendered":"Grimpe Mortain &#8211; Escalade \u00e0 la Fosse Arthour"},"content":{"rendered":"<p>Mortain, un site embl\u00e9matique de l\u2019escalade en Normandie !<\/p>\n<p>Voici enfin un nouveau topoguide d&#8217;escalade pour le site le plus fr\u00e9quent\u00e9 du bocage normand ! Id\u00e9al pour les sorties en famille et pour les d\u00e9butants et les grimpeurs moyens (Peu de voies de haut niveau), sa localisation vous permet de vous \u00e9chapper dans une vall\u00e9e ombrag\u00e9e entour\u00e9e de bois.<\/p>\n<p>Le topoguide r\u00e9alis\u00e9 par l&#8217;association Grimpe Mortain couvre 160 voies allant du 3 au 7b avec une majorit\u00e9 de voies faciles (80 voies dans le 3 et 4, 40 voies dans le 5, le reste essentiellement dans le 6). L\u2019escalade se fait surtout sur r\u00e9glettes mais on y trouvera \u00e9galement des ar\u00eates, surplombs, di\u00e8dres, chemin\u00e9es, fissures et grattons !<\/p>\n<p>La hauteur maximale est de 23 m\u00e8tres. Une corde de 50 m\u00e8tres permet de passer partout. pour parfaire votre d\u00e9couverte de la r\u00e9gion, profitez des promenades \u00e0 cheval, circuit de VTT, p\u00eache et p\u00e9dalo sur le lac, et chemins de randonn\u00e9es !<\/p>\n<p>58 pages,<br \/>\nEdition 2020<\/p>","protected":false},"excerpt":{"rendered":"<p>Mortain, un site embl\u00e9matique de l\u2019escalade en Normandie ! Voici enfin un nouveau topoguide d&#8217;escalade pour le site le plus fr\u00e9quent\u00e9 du bocage normand ! Id\u00e9al pour les sorties en famille et pour les d\u00e9butants et les grimpeurs moyens (Peu de voies de haut niveau), sa localisation vous permet de vous \u00e9chapper dans une vall\u00e9e [&#8230;]\n","protected":false},"featured_media":167805,"template":"","meta":[],"product_brand":[],"product_cat":[21539],"product_tag":[],"class_list":{"0":"post-167804","1":"product","2":"type-product","3":"status-publish","4":"has-post-thumbnail","6":"product_cat-fuehrerliteratur-sportklettern-bouldern","7":"pa_autor-laisne-chedeville","8":"pa_erscheinungsjahr-21558","9":"pa_region-frankreich","10":"pa_sprache-fr","12":"first","13":"outofstock","14":"taxable","15":"shipping-taxable","16":"purchasable","17":"product-type-simple"},"_links":{"self":[{"href":"https:\/\/pizbube.ch\/en\/wp-json\/wp\/v2\/product\/167804","targetHints":{"allow":["GET"]}}],"collection":[{"href":"https:\/\/pizbube.ch\/en\/wp-json\/wp\/v2\/product"}],"about":[{"href":"https:\/\/pizbube.ch\/en\/wp-json\/wp\/v2\/types\/product"}],"wp:featuredmedia":[{"embeddable":true,"href":"https:\/\/pizbube.ch\/en\/wp-json\/wp\/v2\/media\/167805"}],"wp:attachment":[{"href":"https:\/\/pizbube.ch\/en\/wp-json\/wp\/v2\/media?parent=167804"}],"wp:term":[{"taxonomy":"product_brand","embeddable":true,"href":"https:\/\/pizbube.ch\/en\/wp-json\/wp\/v2\/product_brand?post=167804"},{"taxonomy":"product_cat","embeddable":true,"href":"https:\/\/pizbube.ch\/en\/wp-json\/wp\/v2\/product_cat?post=167804"},{"taxonomy":"product_tag","embeddable":true,"href":"https:\/\/pizbube.ch\/en\/wp-json\/wp\/v2\/product_tag?post=167804"}],"curies":[{"name":"wp","href":"https:\/\/api.w.org\/{rel}","templated":true}]}}