{"id":167816,"date":"2023-06-01T11:03:15","date_gmt":"2023-06-01T09:03:15","guid":{"rendered":"https:\/\/pizbube.ch\/?post_type=product&#038;p=167816"},"modified":"2024-06-13T18:07:38","modified_gmt":"2024-06-13T16:07:38","slug":"alpine-klettertouren-band-1-jura-freiburg-waadt-chablais-unterwallis","status":"publish","type":"product","link":"https:\/\/pizbube.ch\/en\/shop\/alpine-klettertouren-band-1-jura-freiburg-waadt-chablais-unterwallis\/","title":{"rendered":"Alpine Klettertouren Band 1: Jura \u2013 Freiburg \u2013 Waadt \u2013 Chablais \u2013 Unterwallis"},"content":{"rendered":"<p>Band 1: Jura \u2013 Freiburg \u2013 Waadt \u2013 Chablais \u2013 Unterwallis<\/p>\n<p>Der Kletterf\u00fchrer beschreibt 81 Alpine Klettertouren (Routen) \u00fcber Grate, Pfeiler und Rippen in den Gebieten Jura, Freiburger- und Waadtl\u00e4nder Alpen sowie im Unterwallis.<\/p>\n<p>Das Buch schliesst die L\u00fccke zwischen Plaisir-Mehrseill\u00e4ngen-Klettereien und Hochtouren und ist das neue Standardwerk \u00fcber Felstouren.<br \/>\nDarin finden sich Touren vom \u00dcbungsgr\u00e4tli in den Voralpen oder im Jura bis zur langen Grat\u00fcberschreitung in den Alpen. Neben Klassikern haben wir auch wenig bekannte Tourenziele oder Routen, die in Vergessenheit geraten sind, aufgenommen.<\/p>\n<p>Viele der Touren k\u00f6nnen als Tagestour direkt vom Tal aus unternommen werden. In der Regel kann auf Steigeisen oder Pickel verzichtet werden.<br \/>\nDie Klettereien im Kalk, Granit oder Gneis lassen sich meist mit leichter Ausr\u00fcstung und in Berg- oder Zustiegsschuhen erleben. Die Palette der Absicherung reicht von gebohrten Routen bis zu solchen, die mehrheitlich selbst abgesichert werden m\u00fcssen. F\u00fcr Wintermuffler hat es Touren f\u00fcr jede Jahreszeit.<\/p>\n<p>Rasch erkennt man ob Touren f\u00fcr Kinder, f\u00fcr Gruppen oder als Ausbildungstour geeignet sind, und in welchem Verh\u00e4ltnis der Zu- und Abstieg in Bezug auf die Kletterzeit stehen. Alle Touren werden mit Bildern, Landeskartenausschnitten der swisstopo sowie Topos anschaulich beschrieben.<\/p>\n<p>1. Auflage 2023<br \/>\n81 Klettertouren \u00fcber Grate, Pfeiler und Rippen<br \/>\n448 Seiten, 13 x 18 cm, 4-farbig, Softcover, Deutsch<\/p>","protected":false},"excerpt":{"rendered":"<p><strong><a href=\"https:\/\/pizbube.ch\/wp-content\/uploads\/2023\/06\/Leseprobe_Alpine_Klettertouren_Bd1.pdf\" target=\"_blank\" rel=\"noopener\">Leseprobe_Alpine_Klettertouren_Bd1<\/a><\/strong><\/p>","protected":false},"featured_media":167817,"template":"","meta":[],"product_brand":[],"product_cat":[21544,21539],"product_tag":[],"class_list":{"0":"post-167816","1":"product","2":"type-product","3":"status-publish","4":"has-post-thumbnail","6":"product_cat-fuehrerliteratur-alpin-sommer","7":"product_cat-fuehrerliteratur-sportklettern-bouldern","8":"pa_autor-silbernagel","9":"pa_erscheinungsjahr-27129","10":"pa_region-schweiz","11":"pa_sprache-de","13":"first","14":"instock","15":"taxable","16":"shipping-taxable","17":"purchasable","18":"product-type-simple"},"_links":{"self":[{"href":"https:\/\/pizbube.ch\/en\/wp-json\/wp\/v2\/product\/167816","targetHints":{"allow":["GET"]}}],"collection":[{"href":"https:\/\/pizbube.ch\/en\/wp-json\/wp\/v2\/product"}],"about":[{"href":"https:\/\/pizbube.ch\/en\/wp-json\/wp\/v2\/types\/product"}],"wp:featuredmedia":[{"embeddable":true,"href":"https:\/\/pizbube.ch\/en\/wp-json\/wp\/v2\/media\/167817"}],"wp:attachment":[{"href":"https:\/\/pizbube.ch\/en\/wp-json\/wp\/v2\/media?parent=167816"}],"wp:term":[{"taxonomy":"product_brand","embeddable":true,"href":"https:\/\/pizbube.ch\/en\/wp-json\/wp\/v2\/product_brand?post=167816"},{"taxonomy":"product_cat","embeddable":true,"href":"https:\/\/pizbube.ch\/en\/wp-json\/wp\/v2\/product_cat?post=167816"},{"taxonomy":"product_tag","embeddable":true,"href":"https:\/\/pizbube.ch\/en\/wp-json\/wp\/v2\/product_tag?post=167816"}],"curies":[{"name":"wp","href":"https:\/\/api.w.org\/{rel}","templated":true}]}}