{"id":167824,"date":"2023-06-01T11:18:57","date_gmt":"2023-06-01T09:18:57","guid":{"rendered":"https:\/\/pizbube.ch\/?post_type=product&#038;p=167824"},"modified":"2024-09-06T12:43:24","modified_gmt":"2024-09-06T10:43:24","slug":"gastlosen-escalades-klettereien-2","status":"publish","type":"product","link":"https:\/\/pizbube.ch\/en\/shop\/gastlosen-escalades-klettereien-2\/","title":{"rendered":"Gastlosen &#8211; Escalades Klettereien"},"content":{"rendered":"<p>Le topo-guide le plus complet de la cha\u00eene des Gastlosen!<br \/>\nDer umfassendste Kletterf\u00fchrer f\u00fcr die gesamte Gastlosen-Kette!<\/p>\n<p>Nouveau topo-guide d&#8217;escalade d\u00e9crivant l&#8217;ensemble de la cha\u00eene des Gastlosen:<br \/>\n7 ZONES, 64 SECTEURS, 7 TRAVERSEES, 1213 VOIES, 2149 LONGUEURS, 117 SCH\u00c9MAS, 9 CARTES-TOPOS, 265 PHOTOS<\/p>\n<p>Neuer Topo-Kletterf\u00fchrer welcher die gesamte Gastlosenkette beschreibt:<br \/>\n7 ZONEN, 64 SEKTOREN, 1213 ROUTEN,<br \/>\n2149 SEILL\u00c4NGEN, 117 SKIZZEN, 9 TOPO-KARTEN, 265FOTOS;<\/p>\n<p>farbige topographische \u00dcbersichtskarte 1:50&#8217;000 auf der Ausklappseite;<br \/>\n7 farbige Ausz\u00fcge der Landeskarten 1:25&#8217;000 im Innern.<\/p>\n<p>3. komplett \u00fcberarbeitete und aktualisierte Auflage 2023<\/p>","protected":false},"excerpt":{"rendered":"<p>Le topo-guide le plus complet de la cha\u00eene des Gastlosen! Der umfassendste Kletterf\u00fchrer f\u00fcr die gesamte Gastlosen-Kette! Nouveau topo-guide d&#8217;escalade d\u00e9crivant l&#8217;ensemble de la cha\u00eene des Gastlosen: 7 ZONES, 64 SECTEURS, 7 TRAVERSEES, 1213 VOIES, 2149 LONGUEURS, 117 SCH\u00c9MAS, 9 CARTES-TOPOS, 265 PHOTOS Neuer Topo-Kletterf\u00fchrer welcher die gesamte Gastlosenkette beschreibt: 7 ZONEN, 64 SEKTOREN, 1213 [&#8230;]\n","protected":false},"featured_media":167825,"template":"","meta":[],"product_brand":[],"product_cat":[21539],"product_tag":[],"class_list":{"0":"post-167824","1":"product","2":"type-product","3":"status-publish","4":"has-post-thumbnail","6":"product_cat-fuehrerliteratur-sportklettern-bouldern","7":"pa_autor-gobet-philipona-clement","8":"pa_erscheinungsjahr-27129","9":"pa_region-schweiz","10":"pa_sprache-de-fr","12":"first","13":"instock","14":"taxable","15":"shipping-taxable","16":"purchasable","17":"product-type-simple"},"_links":{"self":[{"href":"https:\/\/pizbube.ch\/en\/wp-json\/wp\/v2\/product\/167824","targetHints":{"allow":["GET"]}}],"collection":[{"href":"https:\/\/pizbube.ch\/en\/wp-json\/wp\/v2\/product"}],"about":[{"href":"https:\/\/pizbube.ch\/en\/wp-json\/wp\/v2\/types\/product"}],"wp:featuredmedia":[{"embeddable":true,"href":"https:\/\/pizbube.ch\/en\/wp-json\/wp\/v2\/media\/167825"}],"wp:attachment":[{"href":"https:\/\/pizbube.ch\/en\/wp-json\/wp\/v2\/media?parent=167824"}],"wp:term":[{"taxonomy":"product_brand","embeddable":true,"href":"https:\/\/pizbube.ch\/en\/wp-json\/wp\/v2\/product_brand?post=167824"},{"taxonomy":"product_cat","embeddable":true,"href":"https:\/\/pizbube.ch\/en\/wp-json\/wp\/v2\/product_cat?post=167824"},{"taxonomy":"product_tag","embeddable":true,"href":"https:\/\/pizbube.ch\/en\/wp-json\/wp\/v2\/product_tag?post=167824"}],"curies":[{"name":"wp","href":"https:\/\/api.w.org\/{rel}","templated":true}]}}