{"id":167954,"date":"2023-06-10T11:55:50","date_gmt":"2023-06-10T09:55:50","guid":{"rendered":"https:\/\/pizbube.ch\/?post_type=product&#038;p=167954"},"modified":"2024-08-21T12:18:17","modified_gmt":"2024-08-21T10:18:17","slug":"bergwandern-alpinwandern","status":"publish","type":"product","link":"https:\/\/pizbube.ch\/en\/shop\/bergwandern-alpinwandern\/","title":{"rendered":"Bergwandern Alpinwandern"},"content":{"rendered":"<p>Planung \/ Technik \/ Sicherheit<\/p>\n<p>Das Ausbildungsbuch \u00abBergwandern \/ Alpinwandern\u00bb des Schweizer Alpen-Club SAC vermittelt s\u00e4mtliche Kenntnisse f\u00fcr die sichere Durchf\u00fchrung einer Berg- oder Alpinwanderung. Vom Grundwissen zu Wetter, Umwelt und Ausr\u00fcstung \u00fcber die korrekte Tourenplanung bis hin zur richtigen Fortbewegungstechnik im Gel\u00e4nde \u2013 das Thema Berg- und Alpinwandern wird in seiner ganzen Breite klar verst\u00e4ndlich und mit viel Bildmaterial vermittelt.<\/p>\n<p>Das neue Standardwerk vereint das Wissen der in diesem Bereich t\u00e4tigen Fachorganisationen: Beratungsstelle f\u00fcr Unfallverh\u00fctung BFU, Schweizer Wanderwege, Schweizer Alpen-Club SAC, Schweizer Bergf\u00fchrerverband SBV, Naturfreunde Schweiz, Alpine Rettung Schweiz ARS.<\/p>\n<p>Autoren:\u00a0Marco Volken, Anita Rossel, Rolf S\u00e4gesser, Werner Stucki, Andreas Mathyer<br \/>\n332 Seiten, 137 Farbfotos, 70 Illustrationen und Abbildungen<br \/>\n1. Auflage 2023<\/p>","protected":false},"excerpt":{"rendered":"<p>Planung \/ Technik \/ Sicherheit Das Ausbildungsbuch \u00abBergwandern \/ Alpinwandern\u00bb des Schweizer Alpen-Club SAC vermittelt s\u00e4mtliche Kenntnisse f\u00fcr die sichere Durchf\u00fchrung einer Berg- oder Alpinwanderung. Vom Grundwissen zu Wetter, Umwelt und Ausr\u00fcstung \u00fcber die korrekte Tourenplanung bis hin zur richtigen Fortbewegungstechnik im Gel\u00e4nde \u2013 das Thema Berg- und Alpinwandern wird in seiner ganzen Breite klar [&#8230;]\n","protected":false},"featured_media":167955,"template":"","meta":[],"product_brand":[],"product_cat":[21538],"product_tag":[27294],"class_list":{"0":"post-167954","1":"product","2":"type-product","3":"status-publish","4":"has-post-thumbnail","6":"product_cat-lehrbuecher","7":"product_tag-bergwandern-alpinwandern","8":"pa_autor-marco-volken-anita-rossel-rolf-saegesser-werner-stucki-andreas-mathyer","9":"pa_erscheinungsjahr-27129","10":"pa_region-fauna-flora-geologie-glaziologie","11":"pa_region-orientierung-wetter-ausbildung","12":"pa_region-schweiz","13":"pa_sprache-de","15":"first","16":"instock","17":"taxable","18":"shipping-taxable","19":"purchasable","20":"product-type-simple"},"_links":{"self":[{"href":"https:\/\/pizbube.ch\/en\/wp-json\/wp\/v2\/product\/167954","targetHints":{"allow":["GET"]}}],"collection":[{"href":"https:\/\/pizbube.ch\/en\/wp-json\/wp\/v2\/product"}],"about":[{"href":"https:\/\/pizbube.ch\/en\/wp-json\/wp\/v2\/types\/product"}],"wp:featuredmedia":[{"embeddable":true,"href":"https:\/\/pizbube.ch\/en\/wp-json\/wp\/v2\/media\/167955"}],"wp:attachment":[{"href":"https:\/\/pizbube.ch\/en\/wp-json\/wp\/v2\/media?parent=167954"}],"wp:term":[{"taxonomy":"product_brand","embeddable":true,"href":"https:\/\/pizbube.ch\/en\/wp-json\/wp\/v2\/product_brand?post=167954"},{"taxonomy":"product_cat","embeddable":true,"href":"https:\/\/pizbube.ch\/en\/wp-json\/wp\/v2\/product_cat?post=167954"},{"taxonomy":"product_tag","embeddable":true,"href":"https:\/\/pizbube.ch\/en\/wp-json\/wp\/v2\/product_tag?post=167954"}],"curies":[{"name":"wp","href":"https:\/\/api.w.org\/{rel}","templated":true}]}}