{"id":167960,"date":"2023-06-10T11:58:05","date_gmt":"2023-06-10T09:58:05","guid":{"rendered":"https:\/\/pizbube.ch\/?post_type=product&#038;p=167960"},"modified":"2025-08-15T10:50:04","modified_gmt":"2025-08-15T08:50:04","slug":"schweiz-extrem-west-band-1","status":"publish","type":"product","link":"https:\/\/pizbube.ch\/en\/shop\/schweiz-extrem-west-band-1\/","title":{"rendered":"Schweiz extrem WEST (Band 1) &#8211; Kletterg\u00e4rten"},"content":{"rendered":"<p>Kletterg\u00e4rten &#8211; 72 Gebiete<\/p>\n<p>Was lange w\u00e4hrt wird endlich wahr \u2013 der neue \u00abextrem WEST\u00bb ist da!<br \/>\nSeit der letzten Ausgabe (2010) ist einiges geschehen: \u00abNeue\u00bb W\u00e4nde wurden \u00abentdeckt\u00bb, wo zahlreiche Routen entstanden und Projekte befreit worden sind. Neu erscheint der F\u00fchrer in zwei B\u00e4nden. Der erste beschreibt die sch\u00f6nsten Kletterg\u00e4rten ab 6a von Freiburg \u00fcber das Berner Oberland ins Waadtland sowie die Gebiete des gesamten Wallis.<\/p>\n<p>Mit dem Kauf dieses F\u00fchrers unterst\u00fctzt du die Vereine Rebolting und Plan Vertical sowie den Walliser Bergf\u00fchrerverband, welche sich f\u00fcr die Sanierung von Kletterrouten einsetzten. 2% des Erl\u00f6ses aus dem Kletterf\u00fchrer fliessen direkt in neue Bohrhaken!<\/p>\n<div class=\"body\">\n<div class=\"more\">\n<div class=\"part text tall\">\n<div class=\"text-section text-section--list text-section--ul\">\n<p>Diese Gebiete sind im F\u00fchrer enthalten:<strong><br \/>\n<\/strong>Aigle, Balacher, B\u00e4rglischwand, Bilitscher, Bire, Bitschij, Bolti, Brentschen, Brigerbad, Br\u00fcggetli, Buufal, Cevi, Charmey, Chavalon, Chrindi, Dossen, Elsigen, Epagny, Gastlosen, Gehrenen, Gemschifluh, Gimmelwald, Handegg \u2013 Elfe, Handegg \u2013 Stock, Harder, Herr der Ringe, Hutmacherkinn, H\u00fchnerchnubel, Isenfluh, Jansegg, Joli, Lammi, Lauterbrunnen, Lehn, Lonza, Luegibr\u00fcggli, Mattsand, Medji, Mi\u00e9ville,Nemiaz, Neuhaus, Oeschiwald, Panoramix, Ravoire, Rawyl, Riffenmatt, Roche, Roua, Salvan, Sani\u00e8res, Schillingsfluh, Schiltwald, Schmocken, Schwandfluh, Schwarenbach, Sex du Corbeau, Simmenfluh, Simplon Dorf, Simplonpass, Sputnik, St-Triphon, Tschorren, Ueschenen, Unterwald, Van d\u2019en Haut, Vionnaz, Virage 19, Wilderswil, Wildi, Winteregg, Wyssi Balm, Zeneggen,<\/p>\n<\/div>\n<\/div>\n<\/div>\n<\/div>\n<p>Gratis zum F\u00fchrer erh\u00e4ltst du einen Downloadcode f\u00fcr eine kostenlose Anwendung auf iOS und Android f\u00fcr 3 Jahre.<\/p>\n<p>Im zweiten Band, der 2024\/25 erscheinen wird, wirst du die lohnendsten Mehrseill\u00e4ngenrouten finden.<\/p>\n<div class=\"text-section text-section--p text-section--norm\">\n<p class=\"norm\">4-farbig, 324 Seiten, 72 Gebiete<br \/>\nFormat: 12.0 x 18.5 cm<br \/>\nSprache: D, E<br \/>\nErscheinungsjahr: 2023 (6. Auflage)<\/p>\n<\/div>","protected":false},"excerpt":{"rendered":"<p>Kletterg\u00e4rten &#8211; 72 Gebiete Was lange w\u00e4hrt wird endlich wahr \u2013 der neue \u00abextrem WEST\u00bb ist da! Seit der letzten Ausgabe (2010) ist einiges geschehen: \u00abNeue\u00bb W\u00e4nde wurden \u00abentdeckt\u00bb, wo zahlreiche Routen entstanden und Projekte befreit worden sind. Neu erscheint der F\u00fchrer in zwei B\u00e4nden. Der erste beschreibt die sch\u00f6nsten Kletterg\u00e4rten ab 6a von Freiburg [&#8230;]\n","protected":false},"featured_media":167961,"template":"","meta":[],"product_brand":[],"product_cat":[21539],"product_tag":[],"class_list":{"0":"post-167960","1":"product","2":"type-product","3":"status-publish","4":"has-post-thumbnail","6":"product_cat-fuehrerliteratur-sportklettern-bouldern","7":"pa_autor-von-kaenel","8":"pa_erscheinungsjahr-27129","9":"pa_region-schweiz","10":"pa_sprache-de-en","12":"first","13":"instock","14":"taxable","15":"shipping-taxable","16":"purchasable","17":"product-type-simple"},"_links":{"self":[{"href":"https:\/\/pizbube.ch\/en\/wp-json\/wp\/v2\/product\/167960","targetHints":{"allow":["GET"]}}],"collection":[{"href":"https:\/\/pizbube.ch\/en\/wp-json\/wp\/v2\/product"}],"about":[{"href":"https:\/\/pizbube.ch\/en\/wp-json\/wp\/v2\/types\/product"}],"wp:featuredmedia":[{"embeddable":true,"href":"https:\/\/pizbube.ch\/en\/wp-json\/wp\/v2\/media\/167961"}],"wp:attachment":[{"href":"https:\/\/pizbube.ch\/en\/wp-json\/wp\/v2\/media?parent=167960"}],"wp:term":[{"taxonomy":"product_brand","embeddable":true,"href":"https:\/\/pizbube.ch\/en\/wp-json\/wp\/v2\/product_brand?post=167960"},{"taxonomy":"product_cat","embeddable":true,"href":"https:\/\/pizbube.ch\/en\/wp-json\/wp\/v2\/product_cat?post=167960"},{"taxonomy":"product_tag","embeddable":true,"href":"https:\/\/pizbube.ch\/en\/wp-json\/wp\/v2\/product_tag?post=167960"}],"curies":[{"name":"wp","href":"https:\/\/api.w.org\/{rel}","templated":true}]}}