{"id":167964,"date":"2023-06-10T12:20:25","date_gmt":"2023-06-10T10:20:25","guid":{"rendered":"https:\/\/pizbube.ch\/?post_type=product&#038;p=167964"},"modified":"2023-06-21T10:40:20","modified_gmt":"2023-06-21T08:40:20","slug":"schweiz-plaisir-west-band-1","status":"publish","type":"product","link":"https:\/\/pizbube.ch\/en\/shop\/schweiz-plaisir-west-band-1\/","title":{"rendered":"Schweiz plaisir WEST (Band 1)"},"content":{"rendered":"<div class=\"text-section text-section--p text-section--norm\">\n<p>Schweiz plaisir WEST Band 1 beschreibt die sch\u00f6nsten Klettergebiete von Fribourg \u00fcber das Berner Oberland bis hin zu den beliebten Klettereien am Susten-, Grimsel- und Furkapass. Die Gebiete vom Wallis \u00fcber den Kanton Waadt bis in die Haute-Savoie und Chamonix findest du im Band 2. Die neue Auflage beeinhaltet 3 neue Gebiete und zahlreiche Erg\u00e4nzungen und Neutouren in altbekannten Gebieten. Insgesamt warten 370 neue Seill\u00e4ngen auf dich! Einige alte Routen und Gebiete wurden gestrichen, da diese nicht mehr den Plaisir-Kriterien entsprechen. Viel Spass in der wohl sch\u00f6nsten Kletterlandschaft der Schweiz!<\/p>\n<p>Gratis zum F\u00fchrer erh\u00e4ltst du einen Downloadcode f\u00fcr eine kostenlose Anwendung auf iOS und Android f\u00fcr 3 Jahre.<\/p>\n<p>Mit dem Kauf dieses F\u00fchrers unterst\u00fctzt du den Verein Rebolting, welcher sich f\u00fcr Sanierungen von Kletterrouten einsetzt. 2% des Erl\u00f6ses des Kletterf\u00fchrers fliessen direkt in neue Bohrhaken!<\/p>\n<p class=\"norm\">4-farbig, 348 Seiten, 52 Gebiete<br \/>\nFormat: 12.0 x 18.5 cm<br \/>\nSprachen: D, F, E<br \/>\nErscheinungsjahr: 2023 (6. Auflage)<\/p>\n<\/div>","protected":false},"excerpt":{"rendered":"<p>Schweiz plaisir WEST Band 1 beschreibt die sch\u00f6nsten Klettergebiete von Fribourg \u00fcber das Berner Oberland bis hin zu den beliebten Klettereien am Susten-, Grimsel- und Furkapass. Die Gebiete vom Wallis \u00fcber den Kanton Waadt bis in die Haute-Savoie und Chamonix findest du im Band 2. Die neue Auflage beeinhaltet 3 neue Gebiete und zahlreiche Erg\u00e4nzungen [&#8230;]\n","protected":false},"featured_media":167965,"template":"","meta":[],"product_brand":[],"product_cat":[21539],"product_tag":[26799],"class_list":{"0":"post-167964","1":"product","2":"type-product","3":"status-publish","4":"has-post-thumbnail","6":"product_cat-fuehrerliteratur-sportklettern-bouldern","7":"product_tag-plaisir-west-1","8":"pa_autor-von-kaenel","9":"pa_erscheinungsjahr-27129","10":"pa_region-schweiz","11":"pa_sprache-de-fr-en","13":"first","14":"instock","15":"taxable","16":"shipping-taxable","17":"purchasable","18":"product-type-simple"},"_links":{"self":[{"href":"https:\/\/pizbube.ch\/en\/wp-json\/wp\/v2\/product\/167964","targetHints":{"allow":["GET"]}}],"collection":[{"href":"https:\/\/pizbube.ch\/en\/wp-json\/wp\/v2\/product"}],"about":[{"href":"https:\/\/pizbube.ch\/en\/wp-json\/wp\/v2\/types\/product"}],"wp:featuredmedia":[{"embeddable":true,"href":"https:\/\/pizbube.ch\/en\/wp-json\/wp\/v2\/media\/167965"}],"wp:attachment":[{"href":"https:\/\/pizbube.ch\/en\/wp-json\/wp\/v2\/media?parent=167964"}],"wp:term":[{"taxonomy":"product_brand","embeddable":true,"href":"https:\/\/pizbube.ch\/en\/wp-json\/wp\/v2\/product_brand?post=167964"},{"taxonomy":"product_cat","embeddable":true,"href":"https:\/\/pizbube.ch\/en\/wp-json\/wp\/v2\/product_cat?post=167964"},{"taxonomy":"product_tag","embeddable":true,"href":"https:\/\/pizbube.ch\/en\/wp-json\/wp\/v2\/product_tag?post=167964"}],"curies":[{"name":"wp","href":"https:\/\/api.w.org\/{rel}","templated":true}]}}