{"id":168004,"date":"2023-06-13T15:28:30","date_gmt":"2023-06-13T13:28:30","guid":{"rendered":"https:\/\/pizbube.ch\/?post_type=product&#038;p=168004"},"modified":"2024-02-27T10:48:21","modified_gmt":"2024-02-27T09:48:21","slug":"escalades-al-ripolles","status":"publish","type":"product","link":"https:\/\/pizbube.ch\/en\/shop\/escalades-al-ripolles\/","title":{"rendered":"Escalades al Ripolles"},"content":{"rendered":"<p>Topoguidebook north of Barcelona;<\/p>\n<p>Nueva gu\u00eda de escalada en la zona del Ripoll\u00e8s, un libro imprescindible para los escaladores de deportiva y v\u00edas largas en el Pirineo y Prepirineo catal\u00e1n m\u00e1s oriental.<\/p>\n<p>Se incluyen pr\u00e1cticamente todas las zonas de escalada, preferentemente de deportiva: Coll de Merolla, Agulles del Pla de la Pera, Pardinella, Montgrony, Vall de Ribes, etc.<\/p>\n<p>Pero tambi\u00e9n cuenta con la presencia de algunas paredes m\u00e1s largas tanto en caliza como en gneis: Coll Roig, Diente de Rosell, Coma de Vaca, Cingle de la Palanca, etc.<\/p>\n<p>**Zonas descritas:**<br \/>\n1. Coll de Merolla (col\u00b7laboraci\u00f3 de Toti Val\u00e9s)<br \/>\n2. Gombr\u00e8n (col\u00b7laboraci\u00f3 de Pere Morales)<br \/>\nLa Taulega, Castell de les Dames, les Saleretes.<\/p>\n<p>3. Montgrony (col\u00b7laboraci\u00f3 de Pere Morales i Toti Val\u00e9s)<br \/>\nM\u00e1s de 260 vias, predominando la deportiva en Agulla dels Ripollesos, Plaques<br \/>\nd&#8217;en Teni, els Camps, cinglera de la Brosa, Bac de Sant Ou, cinglera del pla<br \/>\nde la Freixa, paret del Malpas, les Mil i Una Nits, cinglera de la Bauma,<br \/>\ncinglera del Pla de Sant Pere, P\u00e0rking, la Vena, l&#8217;ombra de Kurtz, Font del<br \/>\nPrestill, el Cau.<\/p>\n<p>4. Pardinella (col\u00b7laboraci\u00f3 de anti Sanz)<br \/>\nla Placa, el Mirall, el Pilar.<\/p>\n<p>5. Clot de l&#8217;Espasa (col\u00b7laboraci\u00f3 de Pere Morales)<br \/>\nSector Chiapas, clot de l&#8217;Espasa i paret de Sota .<\/p>\n<p>6. Roca Roja de Corones (col\u00b7laboraci\u00f3 de Pere Morales)<br \/>\n7. Vall de Ribes (col\u00b7laboraci\u00f3 de Robert Guilera i Sergi Mart\u00ednez)<br \/>\nm\u00e1s de 100 vias casi todo deportiva en les coves de Ribes, la Lleixa,<br \/>\nVilamanya i Fustany\u00e0 .<\/p>\n<p>8. El Baell (col\u00b7laboraci\u00f3 de Sergi Mart\u00ednez)<br \/>\nel Clot de la Nevera, les Canaleres, cal Barric\u00f3 y paret de la Y.<\/p>\n<p>9. Dent d&#8217;en Rosell (col\u00b7laboraci\u00f3 de Joan Jover, Robert Guilera i Pep Vila)<br \/>\n34 vies de escalada cl\u00e1sica de hasta 350 m en un ambiente \u00fanic .<\/p>\n<p>10. Coma de Vaca (col\u00b7laboraci\u00f3 de Xavi Fern\u00e1ndez i Gustavo M\u00e1\u00f1ez)<br \/>\ncasi un centenar de v\u00edes de todo tipo en les Marrades, Slabs de Balandrau,<br \/>\nzona del Refugi i roc de l&#8217;Orri<\/p>\n<p>11. Ogassa (col\u00b7laboraci\u00f3 de Santi Sanz)<br \/>\ndeportiva en la Cantera y Can Camps .<\/p>\n<p>12. Ulldeter (col\u00b7laboraci\u00f3 d&#8217;Armand Ballart i Pere Gelis)<br \/>\nuna regi\u00f3n conocida por sus corredores y por el hielo donde se describen 35<br \/>\nv\u00edas de hasta 365 m en las Agulles del Pla dels Hospitalets, Roc d&#8217;en<br \/>\nJeremies, paret del Gneis, Gra de Fajol y torre del Trident.<\/p>\n<p>Dimensiones: 14 cm x 19 cm<br \/>\nN\u00ba P\u00e1g.:440<br \/>\nIdiomas:Castellano,Catal\u00e1n<\/p>","protected":false},"excerpt":{"rendered":"<p>Topoguidebook north of Barcelona; Nueva gu\u00eda de escalada en la zona del Ripoll\u00e8s, un libro imprescindible para los escaladores de deportiva y v\u00edas largas en el Pirineo y Prepirineo catal\u00e1n m\u00e1s oriental. Se incluyen pr\u00e1cticamente todas las zonas de escalada, preferentemente de deportiva: Coll de Merolla, Agulles del Pla de la Pera, Pardinella, Montgrony, Vall [&#8230;]\n","protected":false},"featured_media":168005,"template":"","meta":[],"product_brand":[],"product_cat":[21539],"product_tag":[],"class_list":{"0":"post-168004","1":"product","2":"type-product","3":"status-publish","4":"has-post-thumbnail","6":"product_cat-fuehrerliteratur-sportklettern-bouldern","7":"pa_autor-alfonso","8":"pa_erscheinungsjahr-27013","9":"pa_region-spanien","10":"pa_sprache-espagnol","12":"first","13":"instock","14":"taxable","15":"shipping-taxable","16":"purchasable","17":"product-type-simple"},"_links":{"self":[{"href":"https:\/\/pizbube.ch\/en\/wp-json\/wp\/v2\/product\/168004","targetHints":{"allow":["GET"]}}],"collection":[{"href":"https:\/\/pizbube.ch\/en\/wp-json\/wp\/v2\/product"}],"about":[{"href":"https:\/\/pizbube.ch\/en\/wp-json\/wp\/v2\/types\/product"}],"wp:featuredmedia":[{"embeddable":true,"href":"https:\/\/pizbube.ch\/en\/wp-json\/wp\/v2\/media\/168005"}],"wp:attachment":[{"href":"https:\/\/pizbube.ch\/en\/wp-json\/wp\/v2\/media?parent=168004"}],"wp:term":[{"taxonomy":"product_brand","embeddable":true,"href":"https:\/\/pizbube.ch\/en\/wp-json\/wp\/v2\/product_brand?post=168004"},{"taxonomy":"product_cat","embeddable":true,"href":"https:\/\/pizbube.ch\/en\/wp-json\/wp\/v2\/product_cat?post=168004"},{"taxonomy":"product_tag","embeddable":true,"href":"https:\/\/pizbube.ch\/en\/wp-json\/wp\/v2\/product_tag?post=168004"}],"curies":[{"name":"wp","href":"https:\/\/api.w.org\/{rel}","templated":true}]}}