{"id":168020,"date":"2023-06-14T15:13:30","date_gmt":"2023-06-14T13:13:30","guid":{"rendered":"https:\/\/pizbube.ch\/?post_type=product&#038;p=168020"},"modified":"2023-06-14T15:26:26","modified_gmt":"2023-06-14T13:26:26","slug":"gezahnt-wie-der-kiefer-eines-alligators-was-reisende-ueber-die-dolomiten-schrieben","status":"publish","type":"product","link":"https:\/\/pizbube.ch\/en\/shop\/gezahnt-wie-der-kiefer-eines-alligators-was-reisende-ueber-die-dolomiten-schrieben\/","title":{"rendered":"Gezahnt wie der Kiefer eines Alligators &#8211; Was Reisende \u00fcber die Dolomiten schrieben"},"content":{"rendered":"<p>Die Entdeckung der Dolomiten<\/p>\n<p>Von au\u00dfen betrachtet wirkten die Dolomiten lange unnahbar. Kein Wunder, dass sie den Reisebuchverleger John Murray an die Z\u00e4hne eines Alligators erinnerten. Die ersten Reisenden waren fasziniert! Ingrid Runggaldier vereint in diesem Buch Ausz\u00fcge aus Werken der Weltliteratur genauso wie Reiseberichte, Briefe und Tageb\u00fccher, die diesen Entdeckergeist wiederaufleben lassen.<\/p>\n<p>Mit Texten des Geologen und Namensgebers Dolomieu, der Pioniere Josiah Gilbert und George C. Churchill, des Reisebuchautors Karl Baedeker, des Zionisten Theodor Herzl, des italienischen Dichters Giosu\u00e8 Carducci, des Kriegsreporters Robert Musil, der Krimiautorin Agatha Christie, der Begr\u00fcnderin des modernen Frauenbergsteigens Jeanne Immink u.v.a.m.<\/p>\n<p>&#8211; umfassende Auswahl fr\u00fcher Reiseliteratur<br \/>\n&#8211; erstmals auf Deutsch vorliegende Ausz\u00fcge aus englischen, italienischen und franz\u00f6sischen Texten<br \/>\n&#8211; mit Blick auf das gesamte Gebiet des UNESCO-Welterbes<\/p>\n<p>Hardcover,<br \/>\n26,5 \u00d7 24 cm | 448 Seiten<br \/>\n1. Auflage 2023<\/p>","protected":false},"excerpt":{"rendered":"<p>Die Entdeckung der Dolomiten Von au\u00dfen betrachtet wirkten die Dolomiten lange unnahbar. Kein Wunder, dass sie den Reisebuchverleger John Murray an die Z\u00e4hne eines Alligators erinnerten. Die ersten Reisenden waren fasziniert! Ingrid Runggaldier vereint in diesem Buch Ausz\u00fcge aus Werken der Weltliteratur genauso wie Reiseberichte, Briefe und Tageb\u00fccher, die diesen Entdeckergeist wiederaufleben lassen. Mit Texten [&#8230;]\n","protected":false},"featured_media":168021,"template":"","meta":[],"product_brand":[],"product_cat":[21580,21542],"product_tag":[],"class_list":{"0":"post-168020","1":"product","2":"type-product","3":"status-publish","4":"has-post-thumbnail","6":"product_cat-kunst-kultur","7":"product_cat-sachbuecher-dokumentationen","8":"pa_autor-runggaldier","9":"pa_erscheinungsjahr-27129","10":"pa_region-italien","11":"pa_sprache-de","13":"first","14":"instock","15":"taxable","16":"shipping-taxable","17":"purchasable","18":"product-type-simple"},"_links":{"self":[{"href":"https:\/\/pizbube.ch\/en\/wp-json\/wp\/v2\/product\/168020","targetHints":{"allow":["GET"]}}],"collection":[{"href":"https:\/\/pizbube.ch\/en\/wp-json\/wp\/v2\/product"}],"about":[{"href":"https:\/\/pizbube.ch\/en\/wp-json\/wp\/v2\/types\/product"}],"wp:featuredmedia":[{"embeddable":true,"href":"https:\/\/pizbube.ch\/en\/wp-json\/wp\/v2\/media\/168021"}],"wp:attachment":[{"href":"https:\/\/pizbube.ch\/en\/wp-json\/wp\/v2\/media?parent=168020"}],"wp:term":[{"taxonomy":"product_brand","embeddable":true,"href":"https:\/\/pizbube.ch\/en\/wp-json\/wp\/v2\/product_brand?post=168020"},{"taxonomy":"product_cat","embeddable":true,"href":"https:\/\/pizbube.ch\/en\/wp-json\/wp\/v2\/product_cat?post=168020"},{"taxonomy":"product_tag","embeddable":true,"href":"https:\/\/pizbube.ch\/en\/wp-json\/wp\/v2\/product_tag?post=168020"}],"curies":[{"name":"wp","href":"https:\/\/api.w.org\/{rel}","templated":true}]}}