{"id":168026,"date":"2023-06-14T15:47:45","date_gmt":"2023-06-14T13:47:45","guid":{"rendered":"https:\/\/pizbube.ch\/?post_type=product&#038;p=168026"},"modified":"2023-06-14T15:47:46","modified_gmt":"2023-06-14T13:47:46","slug":"alpenpflanzen-die-schoensten-bergtouren-und-pflanzenportraits","status":"publish","type":"product","link":"https:\/\/pizbube.ch\/en\/shop\/alpenpflanzen-die-schoensten-bergtouren-und-pflanzenportraits\/","title":{"rendered":"Alpenpflanzen &#8211; Die sch\u00f6nsten Bergtouren und Pflanzenportraits"},"content":{"rendered":"<p>Die ganze Faszination der Alpenblumen zeigt dieses Werk in gro\u00dfartigen Bildern, dass man sofort Lust auf eine Wanderung bekommt. Und das ist der Sinn dieses Buches. Und damit man nicht zu lange suchen muss, erf\u00e4hrt man hier, auf welchem Berg was zu finden ist. 91 Prachtblumen der Alpen, vom allseits bekannten Enzian bis zur wenig bekannten Zwerg-Alpenscharte werden in diesem Prachtband vorgestellt, weitere rund 1100 Pflanzenarten in Bild oder Text, abgerundet mit heiteren Texten und der einen oder anderen Anekdote, die der Autor bei der jeweiligen Wanderung erlebt hat.<\/p>\n<p>Wer in die H\u00f6hen wandert, erlebt die Natur mit ihren Pflanzen, Tieren und Steinen mit allen Sinnen. In diesem Buch zeigen sich die Bl\u00fcten der Alpen von ihrer eindrucksvollen Seite und sind in herrlichen Aufnahmen verewigt.<\/p>\n<p>Norbert Griebl erwandert in 91 Bergtouren die sch\u00f6nsten Blumenziele und zeigt, wie wunderbar sich die Bergwelt in \u00d6sterreich, S\u00fcdtirol, Italien, Bayern, Liechtenstein, der Schweiz und in Frankreich zu schm\u00fccken imstande ist. Zu jedem Reiseziel wird eine Prachtblume vorgestellt, deren Begleitflora und viel Wissenswertes \u00fcber das jeweilige Gebiet.<\/p>\n<p>536 Seiten, <span class=\"entry--content\">17 x 24 cm<\/span><br \/>\nHardcover<\/p>","protected":false},"excerpt":{"rendered":"<p>Die ganze Faszination der Alpenblumen zeigt dieses Werk in gro\u00dfartigen Bildern, dass man sofort Lust auf eine Wanderung bekommt. Und das ist der Sinn dieses Buches. Und damit man nicht zu lange suchen muss, erf\u00e4hrt man hier, auf welchem Berg was zu finden ist. 91 Prachtblumen der Alpen, vom allseits bekannten Enzian bis zur wenig [&#8230;]\n","protected":false},"featured_media":168027,"template":"","meta":[],"product_brand":[],"product_cat":[21542],"product_tag":[],"class_list":{"0":"post-168026","1":"product","2":"type-product","3":"status-publish","4":"has-post-thumbnail","6":"product_cat-sachbuecher-dokumentationen","7":"pa_autor-griebl","8":"pa_erscheinungsjahr-27129","9":"pa_region-frankreich","10":"pa_region-italien","11":"pa_region-oesterreich","12":"pa_region-schweiz","13":"pa_sprache-de","15":"first","16":"instock","17":"taxable","18":"shipping-taxable","19":"purchasable","20":"product-type-simple"},"_links":{"self":[{"href":"https:\/\/pizbube.ch\/en\/wp-json\/wp\/v2\/product\/168026","targetHints":{"allow":["GET"]}}],"collection":[{"href":"https:\/\/pizbube.ch\/en\/wp-json\/wp\/v2\/product"}],"about":[{"href":"https:\/\/pizbube.ch\/en\/wp-json\/wp\/v2\/types\/product"}],"wp:featuredmedia":[{"embeddable":true,"href":"https:\/\/pizbube.ch\/en\/wp-json\/wp\/v2\/media\/168027"}],"wp:attachment":[{"href":"https:\/\/pizbube.ch\/en\/wp-json\/wp\/v2\/media?parent=168026"}],"wp:term":[{"taxonomy":"product_brand","embeddable":true,"href":"https:\/\/pizbube.ch\/en\/wp-json\/wp\/v2\/product_brand?post=168026"},{"taxonomy":"product_cat","embeddable":true,"href":"https:\/\/pizbube.ch\/en\/wp-json\/wp\/v2\/product_cat?post=168026"},{"taxonomy":"product_tag","embeddable":true,"href":"https:\/\/pizbube.ch\/en\/wp-json\/wp\/v2\/product_tag?post=168026"}],"curies":[{"name":"wp","href":"https:\/\/api.w.org\/{rel}","templated":true}]}}