{"id":168031,"date":"2023-06-14T16:13:01","date_gmt":"2023-06-14T14:13:01","guid":{"rendered":"https:\/\/pizbube.ch\/?post_type=product&#038;p=168031"},"modified":"2023-06-21T09:27:38","modified_gmt":"2023-06-21T07:27:38","slug":"ayna-guia-de-escalada","status":"publish","type":"product","link":"https:\/\/pizbube.ch\/en\/shop\/ayna-guia-de-escalada\/","title":{"rendered":"Ayna &#8211; Gu\u00eda de Escalada"},"content":{"rendered":"<p>En Ayna, &#171;la Suiza manchega&#187;, hallar\u00e1s un lugar que re\u00fane naturaleza, tranquilidad, y&#8230;\u00a1adrenalina!, pues esta gu\u00eda te ofrece informaci\u00f3n detallada de m\u00e1s de 250 v\u00edas repartidas en 23 sectores con todas las orientaciones y grados, desde el III\u00ba hasta el 8c. Si amas escalar&#8230;<br \/>\n\u00a1Ayna es una visita obligatoria!<\/p>\n<p>Dimensiones: 16 cm x 21 cm<br \/>\nN\u00ba P\u00e1g.:46<br \/>\nIdiomas:Castellano<\/p>","protected":false},"excerpt":{"rendered":"<p>En Ayna, &#171;la Suiza manchega&#187;, hallar\u00e1s un lugar que re\u00fane naturaleza, tranquilidad, y&#8230;\u00a1adrenalina!, pues esta gu\u00eda te ofrece informaci\u00f3n detallada de m\u00e1s de 250 v\u00edas repartidas en 23 sectores con todas las orientaciones y grados, desde el III\u00ba hasta el 8c. Si amas escalar&#8230; \u00a1Ayna es una visita obligatoria! Dimensiones: 16 cm x 21 cm [&#8230;]\n","protected":false},"featured_media":168032,"template":"","meta":[],"product_brand":[],"product_cat":[21539],"product_tag":[],"class_list":{"0":"post-168031","1":"product","2":"type-product","3":"status-publish","4":"has-post-thumbnail","6":"product_cat-fuehrerliteratur-sportklettern-bouldern","7":"pa_autor-lopez-torres-landete","8":"pa_erscheinungsjahr-27129","9":"pa_region-spanien","10":"pa_sprache-es","12":"first","13":"onbackorder","14":"taxable","15":"shipping-taxable","16":"purchasable","17":"product-type-simple"},"_links":{"self":[{"href":"https:\/\/pizbube.ch\/en\/wp-json\/wp\/v2\/product\/168031","targetHints":{"allow":["GET"]}}],"collection":[{"href":"https:\/\/pizbube.ch\/en\/wp-json\/wp\/v2\/product"}],"about":[{"href":"https:\/\/pizbube.ch\/en\/wp-json\/wp\/v2\/types\/product"}],"wp:featuredmedia":[{"embeddable":true,"href":"https:\/\/pizbube.ch\/en\/wp-json\/wp\/v2\/media\/168032"}],"wp:attachment":[{"href":"https:\/\/pizbube.ch\/en\/wp-json\/wp\/v2\/media?parent=168031"}],"wp:term":[{"taxonomy":"product_brand","embeddable":true,"href":"https:\/\/pizbube.ch\/en\/wp-json\/wp\/v2\/product_brand?post=168031"},{"taxonomy":"product_cat","embeddable":true,"href":"https:\/\/pizbube.ch\/en\/wp-json\/wp\/v2\/product_cat?post=168031"},{"taxonomy":"product_tag","embeddable":true,"href":"https:\/\/pizbube.ch\/en\/wp-json\/wp\/v2\/product_tag?post=168031"}],"curies":[{"name":"wp","href":"https:\/\/api.w.org\/{rel}","templated":true}]}}