{"id":168035,"date":"2023-06-14T16:31:37","date_gmt":"2023-06-14T14:31:37","guid":{"rendered":"https:\/\/pizbube.ch\/?post_type=product&#038;p=168035"},"modified":"2023-06-14T16:37:39","modified_gmt":"2023-06-14T14:37:39","slug":"zermatt-safari-im-meer","status":"publish","type":"product","link":"https:\/\/pizbube.ch\/en\/shop\/zermatt-safari-im-meer\/","title":{"rendered":"Zermatt: Safari im Meer"},"content":{"rendered":"<p>Geologische Wanderung vom Gornergrat zum Riffelberg<\/p>\n<div class=\"product-short-description\">\n<ul>\n<li>Auf des Spuren des Matterhorns aus Afrika<\/li>\n<li>Dieser Geof\u00fchrer bietet einen unmittelbaren Zugang zu geologischem Fachwissen<\/li>\n<li>Mit zahlreichen Fotos und Illustrationen<\/li>\n<\/ul>\n<\/div>\n<div class=\"product-description\">\n<p>Die Geschichte der Erde ist in ihren Landschaften \u00fcberliefert. Dieser Geof\u00fchrer, der sich an alle Liebhaber der Berge, der Natur oder des Wanderns richtet, m\u00f6chte diese Geschichte erz\u00e4hlen. Indem sie die Geologie allgemein verst\u00e4ndlich erkl\u00e4ren, \u00fcbersetzen Michel Marthaler (Autor des Bestsellers Das Matterhorn aus Afrika) und Micha Schlup erneut die wortlose Sprache der Gesteine und liefern damit die Schl\u00fcssel zum Verst\u00e4ndnis der in den Felsw\u00e4nden der Berge verborgenen Geheimnisse.<\/p>\n<p>Entlang der Wanderroute vom Gornergrat, vorbei am zauberhaften Riffelsee, bis Riffelberg erkl\u00e4rt dieser Geof\u00fchrer die r\u00e4tselhaften und verschiedenfarbigen Gesteine, l\u00f6st geologische Verwirrungen und erkl\u00e4rt die in den atemberaubenden Panoramen versteckten Geschichten. Folgen Sie den Autoren auf dieser doppelten Reise durch die Gegenwart und die Vergangenheit unseres blauen Planeten. Begeben wir uns also auf die Reise durch den Ozean namens Tethys, dessen Spuren in den Gesteinen des Gornergrats und in der Umgebung von Zermatt zu finden sind.<\/p>\n<p>Vorwort: Auf den Spuren des Matterhorns aus Afrika<br \/>\nPraktische Hinweise<\/p>\n<p><b>Einf\u00fchrung<\/b><br \/>\nDie Gesteine der Gebirge sind ausschliesslich Einwanderer<br \/>\nDrei lange Geschichten um die Alpen zu erl\u00e4utern<br \/>\nGeologische Zeitskala<br \/>\nDie wichtigsten Gesteinsarten und ihr Bezug zur Plattentektonik<\/p>\n<p><b>Haltepunkte der Wanderung<\/b><br \/>\n1. Ein \u00fcberw\u00e4ltigendes Panorama: kontinental und ozeanisch<br \/>\n2. Gesteine wie aus einem Walzwerk<br \/>\n3. Die Rauwacke: ein merkw\u00fcrdiges gelbliches l\u00f6chriges Gestein<br \/>\n4. Hochwasser in den Fl\u00fcssen Pang\u00e4as<br \/>\n5. Von den Alluvionen Pang\u00e4as auf die D\u00e4cher von Zermatt<br \/>\n6. Faltenspektakel im Marmor<br \/>\n7. Einauchen in ozeanische Sedimente<br \/>\n8. Ein Mantel unter der Tethys<br \/>\n9. Erz\u00e4hlung eines Giganten aus Afrika<br \/>\n<i>Auf dem Weg:<\/i> Auf den Kopf gestellte Gesteine<br \/>\n10. In den Tiefen der Ozeane<br \/>\n11. Der R\u00fccken eines Wals und sein Kalb<br \/>\n12. Panorama auf einen Eisstrom<br \/>\n<i>Auf dem Weg:<\/i> Riffelhorn und Riffelsee<br \/>\n13. Zerknitterter Serpentinit und Speckstein<br \/>\n14. Requiem f\u00fcr einen Gletscher<br \/>\n15. Kissen auf dem Grund der Tethys<br \/>\n16. Unterschiedlichste Ablagerungsverh\u00e4ltnisse auf engstem Raum<\/p>\n<p>112 Seiten<br \/>\n13,5 x 21 cm<br \/>\nAuflage 2023<\/p>\n<\/div>","protected":false},"excerpt":{"rendered":"<p>Geologische Wanderung vom Gornergrat zum Riffelberg Auf des Spuren des Matterhorns aus Afrika Dieser Geof\u00fchrer bietet einen unmittelbaren Zugang zu geologischem Fachwissen Mit zahlreichen Fotos und Illustrationen Die Geschichte der Erde ist in ihren Landschaften \u00fcberliefert. Dieser Geof\u00fchrer, der sich an alle Liebhaber der Berge, der Natur oder des Wanderns richtet, m\u00f6chte diese Geschichte erz\u00e4hlen. [&#8230;]\n","protected":false},"featured_media":168036,"template":"","meta":[],"product_brand":[],"product_cat":[21538,21542,21605],"product_tag":[],"class_list":{"0":"post-168035","1":"product","2":"type-product","3":"status-publish","4":"has-post-thumbnail","6":"product_cat-lehrbuecher","7":"product_cat-sachbuecher-dokumentationen","8":"product_cat-wanderfuehrer-trekking","9":"pa_autor-marthaler-schlup","10":"pa_erscheinungsjahr-27129","11":"pa_region-fauna-flora-geologie-glaziologie","12":"pa_region-schweiz","13":"pa_sprache-de","15":"first","16":"instock","17":"taxable","18":"shipping-taxable","19":"purchasable","20":"product-type-simple"},"_links":{"self":[{"href":"https:\/\/pizbube.ch\/en\/wp-json\/wp\/v2\/product\/168035","targetHints":{"allow":["GET"]}}],"collection":[{"href":"https:\/\/pizbube.ch\/en\/wp-json\/wp\/v2\/product"}],"about":[{"href":"https:\/\/pizbube.ch\/en\/wp-json\/wp\/v2\/types\/product"}],"wp:featuredmedia":[{"embeddable":true,"href":"https:\/\/pizbube.ch\/en\/wp-json\/wp\/v2\/media\/168036"}],"wp:attachment":[{"href":"https:\/\/pizbube.ch\/en\/wp-json\/wp\/v2\/media?parent=168035"}],"wp:term":[{"taxonomy":"product_brand","embeddable":true,"href":"https:\/\/pizbube.ch\/en\/wp-json\/wp\/v2\/product_brand?post=168035"},{"taxonomy":"product_cat","embeddable":true,"href":"https:\/\/pizbube.ch\/en\/wp-json\/wp\/v2\/product_cat?post=168035"},{"taxonomy":"product_tag","embeddable":true,"href":"https:\/\/pizbube.ch\/en\/wp-json\/wp\/v2\/product_tag?post=168035"}],"curies":[{"name":"wp","href":"https:\/\/api.w.org\/{rel}","templated":true}]}}