{"id":168037,"date":"2023-06-14T16:32:50","date_gmt":"2023-06-14T14:32:50","guid":{"rendered":"https:\/\/pizbube.ch\/?post_type=product&#038;p=168037"},"modified":"2023-06-14T16:36:48","modified_gmt":"2023-06-14T14:36:48","slug":"das-matterhorn-vom-ozean-nach-afrika","status":"publish","type":"product","link":"https:\/\/pizbube.ch\/en\/shop\/das-matterhorn-vom-ozean-nach-afrika\/","title":{"rendered":"Das Matterhorn: vom Ozean nach Afrika"},"content":{"rendered":"<div class=\"product-description\">\n<p>Vom Trockenen Steg \u00fcber Schwarzsee zur Sch\u00f6nbielh\u00fctte<\/p>\n<div class=\"product-short-description\">\n<ul>\n<li>Auf den Spuren des Matterhorns aus Afrika<\/li>\n<li>Dieser Geof\u00fchrer bietet einen unmittelbaren Zugang zu geologischem Fachwissen<\/li>\n<li>Mit zahlreichen Fotos und Illustrationen<\/li>\n<\/ul>\n<\/div>\n<div class=\"product-description\">\n<p>Die Geschichte der Erde ist in ihren Landschaften \u00fcberliefert. Dieser Geof\u00fchrer, der sich an alle Liebhaber der Berge, der Natur oder des Wanderns richtet, m\u00f6chte diese Geschichte erz\u00e4hlen. Auf zwei geologischen Wanderungen mit atemberaubender Aussicht werden von den Autoren dieses Geof\u00fchrers Fragen an die verbl\u00fcffenden und farbenfrohen Gesteine gestellt und Antworten auf deren exotische Urspr\u00fcnge gegeben.<\/p>\n<p>Die erste Wanderroute beginnt beim Trockenen Steg und f\u00fchrt in Form eines Halbkreises am Fuss des Matterhorns zum Schwarzsee, von wo aus die zweite Route zur Sch\u00f6nbielh\u00fctte hinauff\u00fchrt und pr\u00e4chtige Ausblicke auf die Nord- und Westflanke dieses ber\u00fchmten, aus Gesteinen afrikanischer Herkunft bestehenden Berggipfels bietet. Dieser Geof\u00fchrer nimmt Sie dabei auf eine doppelte Reise mit, auf welcher Sie nicht nur durch den Raum sondern auch durch die Zeit reisen.<\/p>\n<p><b>Einf\u00fchrung<\/b><br \/>\nDie Gesteine der Gebirge sind ausschliesslich Einwanderer<br \/>\nDrei lange Geschichten um die Alpen zu erl\u00e4utern<br \/>\nGeologische Zeitskala<br \/>\nDie wichtigsten Gesteinsarten und ihr Bezug zur Plattentektonik<br \/>\nEine Gesteinssafari: Gehen Sie auf Entdeckungsreise!<\/p>\n<p><b>Haltepunkte der Wanderung<\/b><\/p>\n<p><b>Wanderroute A: Trockener Steg \u2013 Schwarzsee<\/b><br \/>\n1. Eine Kunstgalerie ozeanischen Ursprungs<br \/>\n2. Merkw\u00fcrdige rostige Gesteine<br \/>\n3. Lagunen am Rand der Gletscher<br \/>\n4. Auf dem R\u00fccken eines Reptils<br \/>\n5. Auf der Lava eines Meeresgrunds spazieren gehen<br \/>\n6. Die drei Geschichten des Matterhorns<br \/>\n7. Bunte Gesteine<br \/>\n8. Spaziergang im Schutt des Matterhorns<br \/>\n9. Das Hirli und sein Marmorauge<br \/>\n10. Verschnaufpause mit Blick auf einen Blockgletscher<\/p>\n<p><b>Wanderroute B: Schwarzsee \u2013 Sch\u00f6nbielh\u00fctte<\/b><br \/>\n1. Landschaften und Gesteine \u2013 eine Zeitmaschine<br \/>\n2. Eine Grossfalte eingeklemmt unter Afrika<br \/>\n3. Der japanische Garten auf der Stafelalp<br \/>\n4. Zur\u00fcck in die \u00abKleine Eiszeit\u00bb<br \/>\n5. Ganz nah am Plattenschaber<br \/>\n6. Die Grenze Afrikas<br \/>\n7. F\u00fclle von Falten im Gneis<br \/>\n8. Abstecher zum schuttbedeckten Gletscher<br \/>\n9. Besuch in einer Magmakammer<br \/>\n10a: Alter Gneis und Marmor afrikanischen Ursprungs im Gebiet von Sch\u00f6nbiel<br \/>\n10b:Das Matterhorn \u2013 eine Reise durch die Zeit<\/p>\n<\/div>\n<p>144 Seiten<br \/>\n13,5 x 21 cm<br \/>\nAuflage 2023<\/p>\n<\/div>","protected":false},"excerpt":{"rendered":"<p>Vom Trockenen Steg \u00fcber Schwarzsee zur Sch\u00f6nbielh\u00fctte Auf den Spuren des Matterhorns aus Afrika Dieser Geof\u00fchrer bietet einen unmittelbaren Zugang zu geologischem Fachwissen Mit zahlreichen Fotos und Illustrationen Die Geschichte der Erde ist in ihren Landschaften \u00fcberliefert. Dieser Geof\u00fchrer, der sich an alle Liebhaber der Berge, der Natur oder des Wanderns richtet, m\u00f6chte diese Geschichte [&#8230;]\n","protected":false},"featured_media":168038,"template":"","meta":[],"product_brand":[],"product_cat":[21538,21542,21605],"product_tag":[],"class_list":{"0":"post-168037","1":"product","2":"type-product","3":"status-publish","4":"has-post-thumbnail","6":"product_cat-lehrbuecher","7":"product_cat-sachbuecher-dokumentationen","8":"product_cat-wanderfuehrer-trekking","9":"pa_autor-marthaler-schlup","10":"pa_erscheinungsjahr-27129","11":"pa_region-fauna-flora-geologie-glaziologie","12":"pa_region-schweiz","13":"pa_sprache-de","15":"first","16":"instock","17":"taxable","18":"shipping-taxable","19":"purchasable","20":"product-type-simple"},"_links":{"self":[{"href":"https:\/\/pizbube.ch\/en\/wp-json\/wp\/v2\/product\/168037","targetHints":{"allow":["GET"]}}],"collection":[{"href":"https:\/\/pizbube.ch\/en\/wp-json\/wp\/v2\/product"}],"about":[{"href":"https:\/\/pizbube.ch\/en\/wp-json\/wp\/v2\/types\/product"}],"wp:featuredmedia":[{"embeddable":true,"href":"https:\/\/pizbube.ch\/en\/wp-json\/wp\/v2\/media\/168038"}],"wp:attachment":[{"href":"https:\/\/pizbube.ch\/en\/wp-json\/wp\/v2\/media?parent=168037"}],"wp:term":[{"taxonomy":"product_brand","embeddable":true,"href":"https:\/\/pizbube.ch\/en\/wp-json\/wp\/v2\/product_brand?post=168037"},{"taxonomy":"product_cat","embeddable":true,"href":"https:\/\/pizbube.ch\/en\/wp-json\/wp\/v2\/product_cat?post=168037"},{"taxonomy":"product_tag","embeddable":true,"href":"https:\/\/pizbube.ch\/en\/wp-json\/wp\/v2\/product_tag?post=168037"}],"curies":[{"name":"wp","href":"https:\/\/api.w.org\/{rel}","templated":true}]}}