{"id":168071,"date":"2023-06-17T09:53:01","date_gmt":"2023-06-17T07:53:01","guid":{"rendered":"https:\/\/pizbube.ch\/?post_type=product&#038;p=168071"},"modified":"2024-09-27T09:46:57","modified_gmt":"2024-09-27T07:46:57","slug":"grimpe-aux-dentelles-3","status":"publish","type":"product","link":"https:\/\/pizbube.ch\/en\/shop\/grimpe-aux-dentelles-3\/","title":{"rendered":"Grimpe aux Dentelles 3"},"content":{"rendered":"<p>Nouveau topo pour les Dentelles de Montmirail 2023<br \/>\nC&#8217;est donc Olivier Gaude himself, Monsieur topo des Dentelles de Motmirail depuis de longues ann\u00e9es et donc auteur des multiples \u00e9ditions pr\u00e9c\u00e9dentes, qui s&#8217;y est coll\u00e9 \u00e0 nouveau et va nous livrer la nouvelle version de ce topo assez attendu. En efet, les nouvelles voies ont fleuri sur de nouveaux secteurs et il \u00e9tait temps de faire le point.<\/p>\n<p>Tr\u00e8s beau site d&#8217;escalade du Sud de la France, au c\u0153ur des vignobles de Gigondas. Les dentelles de Montmirail sont id\u00e9ales pour une escalade toute l&#8217;ann\u00e9e et conviendront tant aux d\u00e9butants qu&#8217;aux initi\u00e9s. Edit\u00e9e par le CAF d&#8217;Avignon, cette nouvelle \u00e9dition comprend 128 pages de pr\u00e9sentation de voies cot\u00e9es du 3b au 8b+ et allant de 1 \u00e0 3 longueurs sur une hauteur de 90 m\u00e8tres maximum.<\/p>\n<p>La chaine du Grand Travers : Rocher du Cayron, Rocher Ecole<br \/>\nLa Chaine de Gigondas : Pousterle, Turc, Florets (face nord) et Pousterle et Florets (face sud)<br \/>\nLa chaine du Clapis : Dent Hadamard,Cr\u00eate des Rapaces, Grande Muraille, Cascade de Lafare,Rocher Saint Christophe&#8230;<\/p>\n<p>3i\u00e8me \u00e9dition 2023 avec nouvelles voies + des rallonges d\u2019itin\u00e9raires<\/p>","protected":false},"excerpt":{"rendered":"<p>Nouveau topo pour les Dentelles de Montmirail 2023 C&#8217;est donc Olivier Gaude himself, Monsieur topo des Dentelles de Motmirail depuis de longues ann\u00e9es et donc auteur des multiples \u00e9ditions pr\u00e9c\u00e9dentes, qui s&#8217;y est coll\u00e9 \u00e0 nouveau et va nous livrer la nouvelle version de ce topo assez attendu. En efet, les nouvelles voies ont fleuri [&#8230;]\n","protected":false},"featured_media":168072,"template":"","meta":[],"product_brand":[],"product_cat":[21539],"product_tag":[],"class_list":{"0":"post-168071","1":"product","2":"type-product","3":"status-publish","4":"has-post-thumbnail","6":"product_cat-fuehrerliteratur-sportklettern-bouldern","7":"pa_autor-gaude","8":"pa_erscheinungsjahr-27129","9":"pa_region-frankreich","10":"pa_sprache-fr","12":"first","13":"instock","14":"taxable","15":"shipping-taxable","16":"purchasable","17":"product-type-simple"},"_links":{"self":[{"href":"https:\/\/pizbube.ch\/en\/wp-json\/wp\/v2\/product\/168071","targetHints":{"allow":["GET"]}}],"collection":[{"href":"https:\/\/pizbube.ch\/en\/wp-json\/wp\/v2\/product"}],"about":[{"href":"https:\/\/pizbube.ch\/en\/wp-json\/wp\/v2\/types\/product"}],"wp:featuredmedia":[{"embeddable":true,"href":"https:\/\/pizbube.ch\/en\/wp-json\/wp\/v2\/media\/168072"}],"wp:attachment":[{"href":"https:\/\/pizbube.ch\/en\/wp-json\/wp\/v2\/media?parent=168071"}],"wp:term":[{"taxonomy":"product_brand","embeddable":true,"href":"https:\/\/pizbube.ch\/en\/wp-json\/wp\/v2\/product_brand?post=168071"},{"taxonomy":"product_cat","embeddable":true,"href":"https:\/\/pizbube.ch\/en\/wp-json\/wp\/v2\/product_cat?post=168071"},{"taxonomy":"product_tag","embeddable":true,"href":"https:\/\/pizbube.ch\/en\/wp-json\/wp\/v2\/product_tag?post=168071"}],"curies":[{"name":"wp","href":"https:\/\/api.w.org\/{rel}","templated":true}]}}