{"id":168073,"date":"2023-06-17T09:59:51","date_gmt":"2023-06-17T07:59:51","guid":{"rendered":"https:\/\/pizbube.ch\/?post_type=product&#038;p=168073"},"modified":"2026-04-14T09:02:15","modified_gmt":"2026-04-14T07:02:15","slug":"sur-les-blocs-de-gres-boulderfuehrer-vogesen-kopie","status":"publish","type":"product","link":"https:\/\/pizbube.ch\/en\/shop\/sur-les-blocs-de-gres-boulderfuehrer-vogesen-kopie\/","title":{"rendered":"Sur les BLOCS de gr\u00e8s (Boulderf\u00fchrer Vogesen)"},"content":{"rendered":"<p>Topo de bloc d&#8217;Alsace et de Moselle<\/p>\n<p>18 sites de blocs (+2)<br \/>\n354 pages (+54)<br \/>\nTopo en nb<br \/>\n140 photos (+40)<br \/>\n+ de 1100 blocs d\u00e9crits (+100)<br \/>\nInt\u00e9gralement traduit en anglais<br \/>\nFormat: 15&#215;21 cm<\/p>\n<p>Il y a dix ans, Yann Corby et Fr\u00e9d\u00e9ric Zinelli se lancent dans un travail<br \/>\ntitanesque : r\u00e9pertorier l\u2019int\u00e9gralit\u00e9 des blocs de la r\u00e9gion et de quelques<br \/>\nuns de ses environs. Les t\u00e2ches sont nombreuses, vari\u00e9es et interminables&#8230;<br \/>\nEn 2023, le projet est repris avec l\u2019aide de Didier Amet et David Hollinger.<br \/>\nPresque un an de travail plus tard, le topo sort des imprimeries.<\/p>\n<p>Il pr\u00e9sente pr\u00e8s de 1100 blocs r\u00e9partis sur 18 sites de blocs alsaciens et<br \/>\nmosellans. Ces derniers sont regroup\u00e9s en trois zones : Gueberschwihr, Autour<br \/>\nde Saverne et Les Vosges du Nord.<br \/>\n15 sites de blocs, dont le nouveau site du Schoenfels!<\/p>\n<p>&nbsp;<\/p>\n<p>18 bouldering areas (+2)<br \/>\n354 pages (+54)<br \/>\nBlack and white guidebook<br \/>\n140 pictures (+40)<br \/>\nmore than 1100 boulders (+100)<br \/>\nAll texts translated in english<br \/>\nFormat: 15&#215;21 cm<\/p>\n<p>Ten years ago, Yann and Fr\u00e9d\u00e9ric initiated a gigantic work : listing all the<br \/>\nboulders of the region as well as a few more from its surroundings. The task<br \/>\nis daunting and endless&#8230;<br \/>\nIn 2023, the project finds a second wind with the help of Didier Amet and<br \/>\nDavid Hollinger. More than a year later, the guide is being released by our<br \/>\nprinter.<\/p>\n<p>The guidebook contains almost a thousand boulders spread among 18 areas in<br \/>\nAlsace and Moselle. These areas are grouped in three zones, ordered as follow<br \/>\n: Gueberschwihr, around Saverne and in Northern Vosges.<br \/>\n15 bouldering areas, including 2 new ones.<\/p>","protected":false},"excerpt":{"rendered":"<p>Topo de bloc d&#8217;Alsace et de Moselle 18 sites de blocs (+2) 354 pages (+54) Topo en nb 140 photos (+40) + de 1100 blocs d\u00e9crits (+100) Int\u00e9gralement traduit en anglais Format: 15&#215;21 cm Il y a dix ans, Yann Corby et Fr\u00e9d\u00e9ric Zinelli se lancent dans un travail titanesque : r\u00e9pertorier l\u2019int\u00e9gralit\u00e9 des blocs [&#8230;]\n","protected":false},"featured_media":168074,"template":"","meta":[],"product_brand":[],"product_cat":[21539],"product_tag":[],"class_list":{"0":"post-168073","1":"product","2":"type-product","3":"status-publish","4":"has-post-thumbnail","6":"product_cat-fuehrerliteratur-sportklettern-bouldern","7":"pa_autor-amet-hollinger-corby","8":"pa_erscheinungsjahr-21586","9":"pa_sprache-fr-en","11":"first","12":"instock","13":"taxable","14":"shipping-taxable","15":"purchasable","16":"product-type-simple"},"_links":{"self":[{"href":"https:\/\/pizbube.ch\/en\/wp-json\/wp\/v2\/product\/168073","targetHints":{"allow":["GET"]}}],"collection":[{"href":"https:\/\/pizbube.ch\/en\/wp-json\/wp\/v2\/product"}],"about":[{"href":"https:\/\/pizbube.ch\/en\/wp-json\/wp\/v2\/types\/product"}],"wp:featuredmedia":[{"embeddable":true,"href":"https:\/\/pizbube.ch\/en\/wp-json\/wp\/v2\/media\/168074"}],"wp:attachment":[{"href":"https:\/\/pizbube.ch\/en\/wp-json\/wp\/v2\/media?parent=168073"}],"wp:term":[{"taxonomy":"product_brand","embeddable":true,"href":"https:\/\/pizbube.ch\/en\/wp-json\/wp\/v2\/product_brand?post=168073"},{"taxonomy":"product_cat","embeddable":true,"href":"https:\/\/pizbube.ch\/en\/wp-json\/wp\/v2\/product_cat?post=168073"},{"taxonomy":"product_tag","embeddable":true,"href":"https:\/\/pizbube.ch\/en\/wp-json\/wp\/v2\/product_tag?post=168073"}],"curies":[{"name":"wp","href":"https:\/\/api.w.org\/{rel}","templated":true}]}}