{"id":168076,"date":"2023-06-17T10:16:34","date_gmt":"2023-06-17T08:16:34","guid":{"rendered":"https:\/\/pizbube.ch\/?post_type=product&#038;p=168076"},"modified":"2025-09-23T08:57:12","modified_gmt":"2025-09-23T06:57:12","slug":"kalymnos-climbing-guidebook","status":"publish","type":"product","link":"https:\/\/pizbube.ch\/en\/shop\/kalymnos-climbing-guidebook\/","title":{"rendered":"Kalymnos 2025 &#8211; Climbing Guidebook"},"content":{"rendered":"<p>It&#8217;s back! The 2025 edition, hot off the press, is the most comprehensive yet, with new crags, routes and the latest information.<br \/>\nAs always, this guide has been put together with great care by long-standing locals Katie Roussos and Aris Theodoropoulos.<\/p>\n<p>The breathtakingly beautiful island of Kalymnos needs little introduction. It is undoubtedly one of the most climber-friendly destinations in the world, and now there is a 600-page climbing guidebook with a digital app version from Vertical-Life to help you stay up to date with the latest routes, in addition to the timeless classics. If you need a reason to revisit Kalymnos, or if you&#8217;ve never been, treat yourself to this new guidebook and make your plans a reality!<\/p>\n<p>This soft-cover guidebook is published by Vertical-Life, in A5 format, in English only.<br \/>\n2024 revised &amp; updated 9 th. Edition<\/p>\n<p>&nbsp;<\/p>\n<p>Sie ist wieder da! Die druckfrische Ausgabe 2025 ist die bisher umfangreichste, mit neuen Felsen, Routen und den aktuellsten Informationen. Wie immer wurde dieser F\u00fchrer mit gro\u00dfer Sorgfalt von den langj\u00e4hrigen Einheimischen Katie Roussos und Aris Theodoropoulos zusammengestellt.<\/p>\n<p>Die atemberaubend sch\u00f6ne Insel Kalymnos braucht kaum vorgestellt zu werden. Sie ist zweifelsohne eines der kletterfreundlichsten Reiseziele der Welt, und jetzt gibt es einen 600-seitigen Kletter-Reisef\u00fchrer mit einer digitalen App-Version von Vertical-Life, damit Du neben den zeitlosen Klassikern auch mit den neuesten Routen auf dem Laufenden bleibst. Wenn Du nach einem Grund suchst, Kalymnos wieder zu besuchen, oder wenn Du noch nie dort warst, g\u00f6nn Dir diesen neuen F\u00fchrer und setze Deine Pl\u00e4ne in die Tat um!<\/p>\n<p>Dieser Softcover-Reisef\u00fchrer wird von Vertical-Life herausgegeben, im A5-Format,<br \/>\nnur in englischer Sprache.<\/p>\n<p>&nbsp;<\/p>\n<p>&nbsp;<\/p>","protected":false},"excerpt":{"rendered":"<p>It&#8217;s back! The 2025 edition, hot off the press, is the most comprehensive yet, with new crags, routes and the latest information. As always, this guide has been put together with great care by long-standing locals Katie Roussos and Aris Theodoropoulos. The breathtakingly beautiful island of Kalymnos needs little introduction. It is undoubtedly one of [&#8230;]\n","protected":false},"featured_media":181153,"template":"","meta":[],"product_brand":[],"product_cat":[21539],"product_tag":[],"class_list":{"0":"post-168076","1":"product","2":"type-product","3":"status-publish","4":"has-post-thumbnail","6":"product_cat-fuehrerliteratur-sportklettern-bouldern","7":"pa_autor-theodoropoulos-roussos","8":"pa_erscheinungsjahr-27339","9":"pa_region-griechenland","10":"pa_sprache-en","12":"first","13":"instock","14":"taxable","15":"shipping-taxable","16":"purchasable","17":"product-type-simple"},"_links":{"self":[{"href":"https:\/\/pizbube.ch\/en\/wp-json\/wp\/v2\/product\/168076","targetHints":{"allow":["GET"]}}],"collection":[{"href":"https:\/\/pizbube.ch\/en\/wp-json\/wp\/v2\/product"}],"about":[{"href":"https:\/\/pizbube.ch\/en\/wp-json\/wp\/v2\/types\/product"}],"wp:featuredmedia":[{"embeddable":true,"href":"https:\/\/pizbube.ch\/en\/wp-json\/wp\/v2\/media\/181153"}],"wp:attachment":[{"href":"https:\/\/pizbube.ch\/en\/wp-json\/wp\/v2\/media?parent=168076"}],"wp:term":[{"taxonomy":"product_brand","embeddable":true,"href":"https:\/\/pizbube.ch\/en\/wp-json\/wp\/v2\/product_brand?post=168076"},{"taxonomy":"product_cat","embeddable":true,"href":"https:\/\/pizbube.ch\/en\/wp-json\/wp\/v2\/product_cat?post=168076"},{"taxonomy":"product_tag","embeddable":true,"href":"https:\/\/pizbube.ch\/en\/wp-json\/wp\/v2\/product_tag?post=168076"}],"curies":[{"name":"wp","href":"https:\/\/api.w.org\/{rel}","templated":true}]}}